{"id":7618,"date":"2026-04-08T20:42:42","date_gmt":"2026-04-08T20:42:42","guid":{"rendered":"https:\/\/educaredigital.online\/loja\/produto\/produto-34\/"},"modified":"2026-04-24T17:55:36","modified_gmt":"2026-04-24T17:55:36","slug":"produto-34","status":"publish","type":"product","link":"https:\/\/educaredigital.online\/loja\/produto\/produto-34\/","title":{"rendered":"Maleta de Atividades Fa\u00e7a e Refa\u00e7a"},"content":{"rendered":"<p><strong>Maleta de Atividades Fa\u00e7a e Refa\u00e7a<\/strong>\u00a0da\u00a0<strong>Carimbras<\/strong> \u00e9 um completo kit de alfabetiza\u00e7\u00e3o que vem em uma maleta pl\u00e1stica resistente\u00a0. O conjunto cont\u00e9m\u00a0<strong>24 fichas de papel<\/strong>\u00a0(frente e verso, totalizando\u00a0<strong>48 atividades reutiliz\u00e1veis<\/strong>) com exerc\u00edcios de desenho, escrita, liga-pontos e labirinto, al\u00e9m de\u00a0<strong>56 fichas em MDF<\/strong>\u00a0com letras e n\u00fameros para auxiliar na forma\u00e7\u00e3o de palavras\u00a0. Acompanha um\u00a0<strong>marcador para quadro branco<\/strong> que permite escrever e apagar quantas vezes quiser, pois as fichas possuem prote\u00e7\u00e3o que n\u00e3o absorve a tinta , o produto desenvolve a coordena\u00e7\u00e3o motora, o reconhecimento de vogais, consoantes e numerais, e auxilia no processo de alfabetiza\u00e7\u00e3o de forma l\u00fadica e interativa.<\/p>\n<div class=\"details-table-wrapper\">\n<table class=\"product-details-table\">\n<tbody>\n<tr>\n<td>Marca<\/td>\n<td>Carimbras<\/td>\n<\/tr>\n<tr>\n<td>Material<\/td>\n<td>MDF<\/td>\n<\/tr>\n<tr>\n<td>Faixa Et\u00e1ria<\/td>\n<td>A partir de 1 Ano<\/td>\n<\/tr>\n<\/tbody>\n<\/table>\n<\/div>\n","protected":false},"excerpt":{"rendered":"<p>Maleta de Atividades Fa\u00e7a e Refa\u00e7a\u00a0da\u00a0Carimbras \u00e9 um completo kit de alfabetiza\u00e7\u00e3o que vem em uma maleta pl\u00e1stica resistente\u00a0. O conjunto cont\u00e9m\u00a024 fichas de papel\u00a0(frente e verso, totalizando\u00a048 atividades reutiliz\u00e1veis) com exerc\u00edcios de desenho, escrita, liga-pontos e labirinto, al\u00e9m de\u00a056<\/p>\n","protected":false},"featured_media":7617,"comment_status":"open","ping_status":"closed","template":"","meta":[],"product_brand":[227],"product_cat":[209],"product_tag":[],"class_list":{"0":"post-7618","1":"product","2":"type-product","3":"status-publish","6":"product_brand-carimbras","7":"product_cat-letramento-jogos-e-brinquedos","9":"first","10":"instock","11":"shipping-taxable","12":"purchasable","13":"product-type-simple"},"_links":{"self":[{"href":"https:\/\/educaredigital.online\/loja\/wp-json\/wp\/v2\/product\/7618","targetHints":{"allow":["GET"]}}],"collection":[{"href":"https:\/\/educaredigital.online\/loja\/wp-json\/wp\/v2\/product"}],"about":[{"href":"https:\/\/educaredigital.online\/loja\/wp-json\/wp\/v2\/types\/product"}],"replies":[{"embeddable":true,"href":"https:\/\/educaredigital.online\/loja\/wp-json\/wp\/v2\/comments?post=7618"}],"wp:featuredmedia":[{"embeddable":true,"href":"https:\/\/educaredigital.online\/loja\/wp-json\/wp\/v2\/media\/7617"}],"wp:attachment":[{"href":"https:\/\/educaredigital.online\/loja\/wp-json\/wp\/v2\/media?parent=7618"}],"wp:term":[{"taxonomy":"product_brand","embeddable":true,"href":"https:\/\/educaredigital.online\/loja\/wp-json\/wp\/v2\/product_brand?post=7618"},{"taxonomy":"product_cat","embeddable":true,"href":"https:\/\/educaredigital.online\/loja\/wp-json\/wp\/v2\/product_cat?post=7618"},{"taxonomy":"product_tag","embeddable":true,"href":"https:\/\/educaredigital.online\/loja\/wp-json\/wp\/v2\/product_tag?post=7618"}],"curies":[{"name":"wp","href":"https:\/\/api.w.org\/{rel}","templated":true}]}}