{"id":7614,"date":"2026-04-08T20:42:39","date_gmt":"2026-04-08T20:42:39","guid":{"rendered":"https:\/\/educaredigital.online\/loja\/produto\/produto-32\/"},"modified":"2026-04-24T17:23:40","modified_gmt":"2026-04-24T17:23:40","slug":"produto-32","status":"publish","type":"product","link":"https:\/\/educaredigital.online\/loja\/produto\/produto-32\/","title":{"rendered":"Card Club"},"content":{"rendered":"<p><strong>Card Club<\/strong> \u00e9 um jogo de cartas estrat\u00e9gico que combina sorte e racioc\u00ednio l\u00f3gico\u00a0. O jogo \u00e9 composto por\u00a0<strong>04 bases de madeira<\/strong>,\u00a0<strong>44 cartas em cartonado<\/strong>,\u00a0<strong>50 fichas<\/strong> e um manual de instru\u00e7\u00f5es\u00a0. O objetivo \u00e9 formar sequ\u00eancias de no m\u00ednimo 3 cartas da mesma cor (ex: 1, 2 e 3) apoiadas nas bases, utilizando curingas para completar as combina\u00e7\u00f5es \u2014 cada sequ\u00eancia rende fichas ao jogador, e vence quem acumular mais pontos ao final\u00a0. O produto trabalha a socializa\u00e7\u00e3o, a observ\u00e2ncia de regras, o racioc\u00ednio l\u00f3gico e o desenvolvimento de estrat\u00e9gias de forma divertida.<\/p>\n<div class=\"details-table-wrapper\">\n<table class=\"product-details-table\">\n<tbody>\n<tr>\n<td>Marca<\/td>\n<td>Carimbras<\/td>\n<\/tr>\n<tr>\n<td>Material<\/td>\n<td>MDF<\/td>\n<\/tr>\n<tr>\n<td>Faixa Et\u00e1ria<\/td>\n<td>A partir de 7 Anos<\/td>\n<\/tr>\n<tr>\n<td>Quantidade De Jogadores<\/td>\n<td>2 a 4 Jogadores<\/td>\n<\/tr>\n<\/tbody>\n<\/table>\n<\/div>\n","protected":false},"excerpt":{"rendered":"<p>Card Club \u00e9 um jogo de cartas estrat\u00e9gico que combina sorte e racioc\u00ednio l\u00f3gico\u00a0. O jogo \u00e9 composto por\u00a004 bases de madeira,\u00a044 cartas em cartonado,\u00a050 fichas e um manual de instru\u00e7\u00f5es\u00a0. O objetivo \u00e9 formar sequ\u00eancias de no m\u00ednimo 3<\/p>\n","protected":false},"featured_media":7613,"comment_status":"open","ping_status":"closed","template":"","meta":[],"product_brand":[227],"product_cat":[212],"product_tag":[],"class_list":{"0":"post-7614","1":"product","2":"type-product","3":"status-publish","6":"product_brand-carimbras","7":"product_cat-tabuleiros-jogos-e-brinquedos","9":"first","10":"instock","11":"shipping-taxable","12":"purchasable","13":"product-type-simple"},"_links":{"self":[{"href":"https:\/\/educaredigital.online\/loja\/wp-json\/wp\/v2\/product\/7614","targetHints":{"allow":["GET"]}}],"collection":[{"href":"https:\/\/educaredigital.online\/loja\/wp-json\/wp\/v2\/product"}],"about":[{"href":"https:\/\/educaredigital.online\/loja\/wp-json\/wp\/v2\/types\/product"}],"replies":[{"embeddable":true,"href":"https:\/\/educaredigital.online\/loja\/wp-json\/wp\/v2\/comments?post=7614"}],"wp:featuredmedia":[{"embeddable":true,"href":"https:\/\/educaredigital.online\/loja\/wp-json\/wp\/v2\/media\/7613"}],"wp:attachment":[{"href":"https:\/\/educaredigital.online\/loja\/wp-json\/wp\/v2\/media?parent=7614"}],"wp:term":[{"taxonomy":"product_brand","embeddable":true,"href":"https:\/\/educaredigital.online\/loja\/wp-json\/wp\/v2\/product_brand?post=7614"},{"taxonomy":"product_cat","embeddable":true,"href":"https:\/\/educaredigital.online\/loja\/wp-json\/wp\/v2\/product_cat?post=7614"},{"taxonomy":"product_tag","embeddable":true,"href":"https:\/\/educaredigital.online\/loja\/wp-json\/wp\/v2\/product_tag?post=7614"}],"curies":[{"name":"wp","href":"https:\/\/api.w.org\/{rel}","templated":true}]}}