{"id":7612,"date":"2026-04-08T20:42:38","date_gmt":"2026-04-08T20:42:38","guid":{"rendered":"https:\/\/educaredigital.online\/loja\/produto\/produto-31\/"},"modified":"2026-04-24T17:27:19","modified_gmt":"2026-04-24T17:27:19","slug":"produto-31","status":"publish","type":"product","link":"https:\/\/educaredigital.online\/loja\/produto\/produto-31\/","title":{"rendered":"Desafio Funcional"},"content":{"rendered":"<div class=\"ds-message _63c77b1\">\n<div class=\"ds-markdown\">\n<p class=\"ds-markdown-paragraph\"><strong>Desafio Funcional<\/strong> \u00a0O objetivo do jogo \u00e9 ser o primeiro a colocar todas as suas esferas nas cavas correspondentes: o jogador lan\u00e7a o dado e, com a colher, deve transportar a esfera da cor sorteada at\u00e9 a cava de mesma cor sem deix\u00e1-la cair e sem encostar a colher na torre . O\u00a0jogo trabalha a aten\u00e7\u00e3o, o racioc\u00ednio l\u00f3gico, a percep\u00e7\u00e3o espacial, a coordena\u00e7\u00e3o visomotora, a precis\u00e3o motora e habilidades socioemocionais como toler\u00e2ncia \u00e0 frustra\u00e7\u00e3o e autocontrole .<\/p>\n<div class=\"details-table-wrapper\">\n<table class=\"product-details-table\">\n<tbody>\n<tr>\n<td>Marca<\/td>\n<td>Carimbras<\/td>\n<\/tr>\n<tr>\n<td>Material<\/td>\n<td>Pl\u00e1stico<\/td>\n<\/tr>\n<tr>\n<td>Faixa Et\u00e1ria<\/td>\n<td>A partir de 3 Anos<\/td>\n<\/tr>\n<\/tbody>\n<\/table>\n<\/div>\n<\/div>\n<\/div>\n","protected":false},"excerpt":{"rendered":"<p>Desafio Funcional \u00a0O objetivo do jogo \u00e9 ser o primeiro a colocar todas as suas esferas nas cavas correspondentes: o jogador lan\u00e7a o dado e, com a colher, deve transportar a esfera da cor sorteada at\u00e9 a cava de mesma<\/p>\n","protected":false},"featured_media":7611,"comment_status":"open","ping_status":"closed","template":"","meta":[],"product_brand":[227],"product_cat":[211],"product_tag":[],"class_list":{"0":"post-7612","1":"product","2":"type-product","3":"status-publish","6":"product_brand-carimbras","7":"product_cat-psicomotricidade-jogos-e-brinquedos","9":"first","10":"instock","11":"shipping-taxable","12":"purchasable","13":"product-type-simple"},"_links":{"self":[{"href":"https:\/\/educaredigital.online\/loja\/wp-json\/wp\/v2\/product\/7612","targetHints":{"allow":["GET"]}}],"collection":[{"href":"https:\/\/educaredigital.online\/loja\/wp-json\/wp\/v2\/product"}],"about":[{"href":"https:\/\/educaredigital.online\/loja\/wp-json\/wp\/v2\/types\/product"}],"replies":[{"embeddable":true,"href":"https:\/\/educaredigital.online\/loja\/wp-json\/wp\/v2\/comments?post=7612"}],"wp:featuredmedia":[{"embeddable":true,"href":"https:\/\/educaredigital.online\/loja\/wp-json\/wp\/v2\/media\/7611"}],"wp:attachment":[{"href":"https:\/\/educaredigital.online\/loja\/wp-json\/wp\/v2\/media?parent=7612"}],"wp:term":[{"taxonomy":"product_brand","embeddable":true,"href":"https:\/\/educaredigital.online\/loja\/wp-json\/wp\/v2\/product_brand?post=7612"},{"taxonomy":"product_cat","embeddable":true,"href":"https:\/\/educaredigital.online\/loja\/wp-json\/wp\/v2\/product_cat?post=7612"},{"taxonomy":"product_tag","embeddable":true,"href":"https:\/\/educaredigital.online\/loja\/wp-json\/wp\/v2\/product_tag?post=7612"}],"curies":[{"name":"wp","href":"https:\/\/api.w.org\/{rel}","templated":true}]}}