{"id":7610,"date":"2026-04-08T20:42:36","date_gmt":"2026-04-08T20:42:36","guid":{"rendered":"https:\/\/educaredigital.online\/loja\/produto\/produto-30\/"},"modified":"2026-04-24T17:30:24","modified_gmt":"2026-04-24T17:30:24","slug":"produto-30","status":"publish","type":"product","link":"https:\/\/educaredigital.online\/loja\/produto\/produto-30\/","title":{"rendered":"Domin\u00f3 de Divis\u00e3o Sil\u00e1bica"},"content":{"rendered":"<p><strong>Domin\u00f3 de Divis\u00e3o Sil\u00e1bica <\/strong>objetivo do jogo \u00e9 trabalhar o aprendizado e a memoriza\u00e7\u00e3o das s\u00edlabas de forma l\u00fadica, auxiliando em todas as fases da alfabetiza\u00e7\u00e3o\u00a0. Pode ser jogado por\u00a0<strong>1 ou mais participantes.<\/strong><\/p>\n<div class=\"details-table-wrapper\">\n<table class=\"product-details-table\">\n<tbody>\n<tr>\n<td>Marca<\/td>\n<td>Carimbras<\/td>\n<\/tr>\n<tr>\n<td>Material<\/td>\n<td>MDF<\/td>\n<\/tr>\n<tr>\n<td>Faixa Et\u00e1ria<\/td>\n<td>A partir de 3 Anos<\/td>\n<\/tr>\n<\/tbody>\n<\/table>\n<\/div>\n","protected":false},"excerpt":{"rendered":"<p>Domin\u00f3 de Divis\u00e3o Sil\u00e1bica objetivo do jogo \u00e9 trabalhar o aprendizado e a memoriza\u00e7\u00e3o das s\u00edlabas de forma l\u00fadica, auxiliando em todas as fases da alfabetiza\u00e7\u00e3o\u00a0. Pode ser jogado por\u00a01 ou mais participantes. Marca Carimbras Material MDF Faixa Et\u00e1ria A<\/p>\n","protected":false},"featured_media":7609,"comment_status":"open","ping_status":"closed","template":"","meta":[],"product_brand":[227],"product_cat":[209],"product_tag":[],"class_list":{"0":"post-7610","1":"product","2":"type-product","3":"status-publish","6":"product_brand-carimbras","7":"product_cat-letramento-jogos-e-brinquedos","9":"first","10":"instock","11":"shipping-taxable","12":"purchasable","13":"product-type-simple"},"_links":{"self":[{"href":"https:\/\/educaredigital.online\/loja\/wp-json\/wp\/v2\/product\/7610","targetHints":{"allow":["GET"]}}],"collection":[{"href":"https:\/\/educaredigital.online\/loja\/wp-json\/wp\/v2\/product"}],"about":[{"href":"https:\/\/educaredigital.online\/loja\/wp-json\/wp\/v2\/types\/product"}],"replies":[{"embeddable":true,"href":"https:\/\/educaredigital.online\/loja\/wp-json\/wp\/v2\/comments?post=7610"}],"wp:featuredmedia":[{"embeddable":true,"href":"https:\/\/educaredigital.online\/loja\/wp-json\/wp\/v2\/media\/7609"}],"wp:attachment":[{"href":"https:\/\/educaredigital.online\/loja\/wp-json\/wp\/v2\/media?parent=7610"}],"wp:term":[{"taxonomy":"product_brand","embeddable":true,"href":"https:\/\/educaredigital.online\/loja\/wp-json\/wp\/v2\/product_brand?post=7610"},{"taxonomy":"product_cat","embeddable":true,"href":"https:\/\/educaredigital.online\/loja\/wp-json\/wp\/v2\/product_cat?post=7610"},{"taxonomy":"product_tag","embeddable":true,"href":"https:\/\/educaredigital.online\/loja\/wp-json\/wp\/v2\/product_tag?post=7610"}],"curies":[{"name":"wp","href":"https:\/\/api.w.org\/{rel}","templated":true}]}}