{"id":7608,"date":"2026-04-08T20:42:35","date_gmt":"2026-04-08T20:42:35","guid":{"rendered":"https:\/\/educaredigital.online\/loja\/produto\/produto-29\/"},"modified":"2026-04-24T17:28:32","modified_gmt":"2026-04-24T17:28:32","slug":"produto-29","status":"publish","type":"product","link":"https:\/\/educaredigital.online\/loja\/produto\/produto-29\/","title":{"rendered":"Domin\u00f3 de Quantidades e N\u00fameros"},"content":{"rendered":"<p><strong>Domin\u00f3 de Quantidades e N\u00fameros <\/strong>Seguindo a mec\u00e2nica cl\u00e1ssica do domin\u00f3, o objetivo \u00e9 associar cada numeral \u00e0 sua respectiva quantidade de elementos, trabalhando o desenvolvimento b\u00e1sico da matem\u00e1tica, o racioc\u00ednio l\u00f3gico, a memoriza\u00e7\u00e3o, a concentra\u00e7\u00e3o e a fixa\u00e7\u00e3o de conceitos como a rela\u00e7\u00e3o entre quantidades e sua representa\u00e7\u00e3o gr\u00e1fica de forma l\u00fadica e divertida.<\/p>\n<div class=\"details-table-wrapper\">\n<table class=\"product-details-table\">\n<tbody>\n<tr>\n<td>Marca<\/td>\n<td>Carimbras<\/td>\n<\/tr>\n<tr>\n<td>Material<\/td>\n<td>MDF<\/td>\n<\/tr>\n<tr>\n<td>Faixa Et\u00e1ria<\/td>\n<td>A partir de 3 Anos<\/td>\n<\/tr>\n<\/tbody>\n<\/table>\n<\/div>\n","protected":false},"excerpt":{"rendered":"<p>Domin\u00f3 de Quantidades e N\u00fameros Seguindo a mec\u00e2nica cl\u00e1ssica do domin\u00f3, o objetivo \u00e9 associar cada numeral \u00e0 sua respectiva quantidade de elementos, trabalhando o desenvolvimento b\u00e1sico da matem\u00e1tica, o racioc\u00ednio l\u00f3gico, a memoriza\u00e7\u00e3o, a concentra\u00e7\u00e3o e a fixa\u00e7\u00e3o de<\/p>\n","protected":false},"featured_media":7607,"comment_status":"open","ping_status":"closed","template":"","meta":[],"product_brand":[227],"product_cat":[210],"product_tag":[],"class_list":{"0":"post-7608","1":"product","2":"type-product","3":"status-publish","6":"product_brand-carimbras","7":"product_cat-matematica-jogos-e-brinquedos","9":"first","10":"instock","11":"shipping-taxable","12":"purchasable","13":"product-type-simple"},"_links":{"self":[{"href":"https:\/\/educaredigital.online\/loja\/wp-json\/wp\/v2\/product\/7608","targetHints":{"allow":["GET"]}}],"collection":[{"href":"https:\/\/educaredigital.online\/loja\/wp-json\/wp\/v2\/product"}],"about":[{"href":"https:\/\/educaredigital.online\/loja\/wp-json\/wp\/v2\/types\/product"}],"replies":[{"embeddable":true,"href":"https:\/\/educaredigital.online\/loja\/wp-json\/wp\/v2\/comments?post=7608"}],"wp:featuredmedia":[{"embeddable":true,"href":"https:\/\/educaredigital.online\/loja\/wp-json\/wp\/v2\/media\/7607"}],"wp:attachment":[{"href":"https:\/\/educaredigital.online\/loja\/wp-json\/wp\/v2\/media?parent=7608"}],"wp:term":[{"taxonomy":"product_brand","embeddable":true,"href":"https:\/\/educaredigital.online\/loja\/wp-json\/wp\/v2\/product_brand?post=7608"},{"taxonomy":"product_cat","embeddable":true,"href":"https:\/\/educaredigital.online\/loja\/wp-json\/wp\/v2\/product_cat?post=7608"},{"taxonomy":"product_tag","embeddable":true,"href":"https:\/\/educaredigital.online\/loja\/wp-json\/wp\/v2\/product_tag?post=7608"}],"curies":[{"name":"wp","href":"https:\/\/api.w.org\/{rel}","templated":true}]}}