{"id":7606,"date":"2026-04-08T20:42:34","date_gmt":"2026-04-08T20:42:34","guid":{"rendered":"https:\/\/educaredigital.online\/loja\/produto\/produto-28\/"},"modified":"2026-04-24T17:44:20","modified_gmt":"2026-04-24T17:44:20","slug":"produto-28","status":"publish","type":"product","link":"https:\/\/educaredigital.online\/loja\/produto\/produto-28\/","title":{"rendered":"Mem\u00f3ria de N\u00fameros e Quantidades"},"content":{"rendered":"<p><strong>Mem\u00f3ria de N\u00fameros e Quantidades <\/strong>O jogo cont\u00e9m 20 pe\u00e7as com os numerais de 1 a 20 e 20 pe\u00e7as com figuras e desenhos que representam as respectivas quantidades, desafiando a crian\u00e7a a encontrar os pares correspondentes entre n\u00famero e quantidade . Seguindo a mec\u00e2nica cl\u00e1ssica do jogo da mem\u00f3ria, o objetivo \u00e9 virar duas pe\u00e7as por vez e associar cada numeral \u00e0 sua quantidade correspondente de elementos, trabalhando a memoriza\u00e7\u00e3o, a percep\u00e7\u00e3o visual, a concentra\u00e7\u00e3o e a inicia\u00e7\u00e3o \u00e0 matem\u00e1tica de forma l\u00fadica.<\/p>\n<div class=\"details-table-wrapper\">\n<table class=\"product-details-table\">\n<tbody>\n<tr>\n<td>Marca<\/td>\n<td>Carimbras<\/td>\n<\/tr>\n<tr>\n<td>Material<\/td>\n<td>MDF<\/td>\n<\/tr>\n<tr>\n<td>Faixa Et\u00e1ria<\/td>\n<td>A partir de 3 Anos<\/td>\n<\/tr>\n<\/tbody>\n<\/table>\n<\/div>\n","protected":false},"excerpt":{"rendered":"<p>Mem\u00f3ria de N\u00fameros e Quantidades O jogo cont\u00e9m 20 pe\u00e7as com os numerais de 1 a 20 e 20 pe\u00e7as com figuras e desenhos que representam as respectivas quantidades, desafiando a crian\u00e7a a encontrar os pares correspondentes entre n\u00famero e<\/p>\n","protected":false},"featured_media":7605,"comment_status":"open","ping_status":"closed","template":"","meta":[],"product_brand":[227],"product_cat":[210],"product_tag":[],"class_list":{"0":"post-7606","1":"product","2":"type-product","3":"status-publish","6":"product_brand-carimbras","7":"product_cat-matematica-jogos-e-brinquedos","9":"first","10":"instock","11":"shipping-taxable","12":"purchasable","13":"product-type-simple"},"_links":{"self":[{"href":"https:\/\/educaredigital.online\/loja\/wp-json\/wp\/v2\/product\/7606","targetHints":{"allow":["GET"]}}],"collection":[{"href":"https:\/\/educaredigital.online\/loja\/wp-json\/wp\/v2\/product"}],"about":[{"href":"https:\/\/educaredigital.online\/loja\/wp-json\/wp\/v2\/types\/product"}],"replies":[{"embeddable":true,"href":"https:\/\/educaredigital.online\/loja\/wp-json\/wp\/v2\/comments?post=7606"}],"wp:featuredmedia":[{"embeddable":true,"href":"https:\/\/educaredigital.online\/loja\/wp-json\/wp\/v2\/media\/7605"}],"wp:attachment":[{"href":"https:\/\/educaredigital.online\/loja\/wp-json\/wp\/v2\/media?parent=7606"}],"wp:term":[{"taxonomy":"product_brand","embeddable":true,"href":"https:\/\/educaredigital.online\/loja\/wp-json\/wp\/v2\/product_brand?post=7606"},{"taxonomy":"product_cat","embeddable":true,"href":"https:\/\/educaredigital.online\/loja\/wp-json\/wp\/v2\/product_cat?post=7606"},{"taxonomy":"product_tag","embeddable":true,"href":"https:\/\/educaredigital.online\/loja\/wp-json\/wp\/v2\/product_tag?post=7606"}],"curies":[{"name":"wp","href":"https:\/\/api.w.org\/{rel}","templated":true}]}}