{"id":7602,"date":"2026-04-08T20:42:29","date_gmt":"2026-04-08T20:42:29","guid":{"rendered":"https:\/\/educaredigital.online\/loja\/produto\/produto-26\/"},"modified":"2026-04-24T17:37:17","modified_gmt":"2026-04-24T17:37:17","slug":"produto-26","status":"publish","type":"product","link":"https:\/\/educaredigital.online\/loja\/produto\/produto-26\/","title":{"rendered":"Mega Mem\u00f3ria"},"content":{"rendered":"<div class=\"ds-message _63c77b1\">\n<div class=\"ds-markdown\">\n<p class=\"ds-markdown-paragraph\"><strong>Mega Mem\u00f3ria<\/strong>\u00a0divididas em <strong>3 temas diferentes<\/strong>: Animais, Utens\u00edlios e Padr\u00f5es, permitindo que sejam jogados separadamente ou combinados conforme o n\u00edvel de desenvolvimento . A din\u00e2mica cl\u00e1ssica do jogo da mem\u00f3ria desafia os participantes a encontrar os pares correspondentes, virando duas pe\u00e7as por vez, e vence quem conseguir mais pares ao final ,o brinquedo trabalha a memoriza\u00e7\u00e3o, a alfabetiza\u00e7\u00e3o, a agilidade de racioc\u00ednio, a socializa\u00e7\u00e3o e a aten\u00e7\u00e3o.<\/p>\n<div class=\"details-table-wrapper\">\n<table class=\"product-details-table\">\n<tbody>\n<tr>\n<td>Marca<\/td>\n<td>Carimbras<\/td>\n<\/tr>\n<tr>\n<td>Material<\/td>\n<td>MDF<\/td>\n<\/tr>\n<tr>\n<td>Faixa Et\u00e1ria<\/td>\n<td>A partir de 3 Anos<\/td>\n<\/tr>\n<tr>\n<td>Quantidade De Jogadores<\/td>\n<td>2 a 4 Jogadores<\/td>\n<\/tr>\n<\/tbody>\n<\/table>\n<\/div>\n<\/div>\n<\/div>\n","protected":false},"excerpt":{"rendered":"<p>Mega Mem\u00f3ria\u00a0divididas em 3 temas diferentes: Animais, Utens\u00edlios e Padr\u00f5es, permitindo que sejam jogados separadamente ou combinados conforme o n\u00edvel de desenvolvimento . A din\u00e2mica cl\u00e1ssica do jogo da mem\u00f3ria desafia os participantes a encontrar os pares correspondentes, virando duas<\/p>\n","protected":false},"featured_media":7601,"comment_status":"open","ping_status":"closed","template":"","meta":[],"product_brand":[227],"product_cat":[211],"product_tag":[],"class_list":{"0":"post-7602","1":"product","2":"type-product","3":"status-publish","6":"product_brand-carimbras","7":"product_cat-psicomotricidade-jogos-e-brinquedos","9":"first","10":"instock","11":"shipping-taxable","12":"purchasable","13":"product-type-simple"},"_links":{"self":[{"href":"https:\/\/educaredigital.online\/loja\/wp-json\/wp\/v2\/product\/7602","targetHints":{"allow":["GET"]}}],"collection":[{"href":"https:\/\/educaredigital.online\/loja\/wp-json\/wp\/v2\/product"}],"about":[{"href":"https:\/\/educaredigital.online\/loja\/wp-json\/wp\/v2\/types\/product"}],"replies":[{"embeddable":true,"href":"https:\/\/educaredigital.online\/loja\/wp-json\/wp\/v2\/comments?post=7602"}],"wp:featuredmedia":[{"embeddable":true,"href":"https:\/\/educaredigital.online\/loja\/wp-json\/wp\/v2\/media\/7601"}],"wp:attachment":[{"href":"https:\/\/educaredigital.online\/loja\/wp-json\/wp\/v2\/media?parent=7602"}],"wp:term":[{"taxonomy":"product_brand","embeddable":true,"href":"https:\/\/educaredigital.online\/loja\/wp-json\/wp\/v2\/product_brand?post=7602"},{"taxonomy":"product_cat","embeddable":true,"href":"https:\/\/educaredigital.online\/loja\/wp-json\/wp\/v2\/product_cat?post=7602"},{"taxonomy":"product_tag","embeddable":true,"href":"https:\/\/educaredigital.online\/loja\/wp-json\/wp\/v2\/product_tag?post=7602"}],"curies":[{"name":"wp","href":"https:\/\/api.w.org\/{rel}","templated":true}]}}