{"id":7600,"date":"2026-04-08T20:42:27","date_gmt":"2026-04-08T20:42:27","guid":{"rendered":"https:\/\/educaredigital.online\/loja\/produto\/produto-25\/"},"modified":"2026-04-24T17:29:27","modified_gmt":"2026-04-24T17:29:27","slug":"produto-25","status":"publish","type":"product","link":"https:\/\/educaredigital.online\/loja\/produto\/produto-25\/","title":{"rendered":"Domin\u00f3 de Animais"},"content":{"rendered":"<div class=\"ds-message _63c77b1\">\n<div class=\"ds-markdown\">\n<p class=\"ds-markdown-paragraph\"><strong>Domin\u00f3 de Animais<\/strong>\u00a0 todas estampadas com ilustra\u00e7\u00f5es de diferentes tipos de bichinhos . Acondicionado em uma caixa tipo estojo de 170mm x 95mm x 45mm, o objetivo principal, seguindo a mec\u00e2nica cl\u00e1ssica do domin\u00f3, \u00e9 encaixar as pe\u00e7as combinando as imagens correspondentes, e quem ficar sem pe\u00e7as na m\u00e3o primeiro vence . O jogo trabalha a memoriza\u00e7\u00e3o, o racioc\u00ednio l\u00f3gico, a coordena\u00e7\u00e3o motora, o reconhecimento b\u00e1sico de diversos animais e as rela\u00e7\u00f5es interpessoais, auxiliando em todas as fases da aprendizagem de forma l\u00fadica e divertida .<\/p>\n<div class=\"details-table-wrapper\">\n<table class=\"product-details-table\">\n<tbody>\n<tr>\n<td>Marca<\/td>\n<td>Carimbras<\/td>\n<\/tr>\n<tr>\n<td>Material<\/td>\n<td>MDF<\/td>\n<\/tr>\n<tr>\n<td>Faixa Et\u00e1ria<\/td>\n<td>A partir de 3 Anos<\/td>\n<\/tr>\n<\/tbody>\n<\/table>\n<\/div>\n<\/div>\n<\/div>\n","protected":false},"excerpt":{"rendered":"<p>Domin\u00f3 de Animais\u00a0 todas estampadas com ilustra\u00e7\u00f5es de diferentes tipos de bichinhos . Acondicionado em uma caixa tipo estojo de 170mm x 95mm x 45mm, o objetivo principal, seguindo a mec\u00e2nica cl\u00e1ssica do domin\u00f3, \u00e9 encaixar as pe\u00e7as combinando as<\/p>\n","protected":false},"featured_media":7599,"comment_status":"open","ping_status":"closed","template":"","meta":[],"product_brand":[227],"product_cat":[211],"product_tag":[],"class_list":{"0":"post-7600","1":"product","2":"type-product","3":"status-publish","6":"product_brand-carimbras","7":"product_cat-psicomotricidade-jogos-e-brinquedos","9":"first","10":"instock","11":"shipping-taxable","12":"purchasable","13":"product-type-simple"},"_links":{"self":[{"href":"https:\/\/educaredigital.online\/loja\/wp-json\/wp\/v2\/product\/7600","targetHints":{"allow":["GET"]}}],"collection":[{"href":"https:\/\/educaredigital.online\/loja\/wp-json\/wp\/v2\/product"}],"about":[{"href":"https:\/\/educaredigital.online\/loja\/wp-json\/wp\/v2\/types\/product"}],"replies":[{"embeddable":true,"href":"https:\/\/educaredigital.online\/loja\/wp-json\/wp\/v2\/comments?post=7600"}],"wp:featuredmedia":[{"embeddable":true,"href":"https:\/\/educaredigital.online\/loja\/wp-json\/wp\/v2\/media\/7599"}],"wp:attachment":[{"href":"https:\/\/educaredigital.online\/loja\/wp-json\/wp\/v2\/media?parent=7600"}],"wp:term":[{"taxonomy":"product_brand","embeddable":true,"href":"https:\/\/educaredigital.online\/loja\/wp-json\/wp\/v2\/product_brand?post=7600"},{"taxonomy":"product_cat","embeddable":true,"href":"https:\/\/educaredigital.online\/loja\/wp-json\/wp\/v2\/product_cat?post=7600"},{"taxonomy":"product_tag","embeddable":true,"href":"https:\/\/educaredigital.online\/loja\/wp-json\/wp\/v2\/product_tag?post=7600"}],"curies":[{"name":"wp","href":"https:\/\/api.w.org\/{rel}","templated":true}]}}