{"id":7598,"date":"2026-04-08T20:42:26","date_gmt":"2026-04-08T20:42:26","guid":{"rendered":"https:\/\/educaredigital.online\/loja\/produto\/produto-24\/"},"modified":"2026-04-24T17:27:19","modified_gmt":"2026-04-24T17:27:19","slug":"produto-24","status":"publish","type":"product","link":"https:\/\/educaredigital.online\/loja\/produto\/produto-24\/","title":{"rendered":"Cubos de Encaixe"},"content":{"rendered":"<div class=\"ds-message _63c77b1\">\n<div class=\"ds-markdown\">\n<p class=\"ds-markdown-paragraph\"><strong>Cubos de Encaixe<\/strong> A brincadeira permite empilhar e encaixar os cubos um dentro do outro (do menor para o maior), auxiliando a crian\u00e7a na constru\u00e7\u00e3o de no\u00e7\u00f5es como maior\/menor, sequ\u00eancia, seria\u00e7\u00e3o e inclus\u00e3o . O brinquedo trabalha a coordena\u00e7\u00e3o motora, o reconhecimento de cores e formas, a percep\u00e7\u00e3o visual e o racioc\u00ednio l\u00f3gico de forma l\u00fadica.<\/p>\n<div class=\"details-table-wrapper\">\n<table class=\"product-details-table\">\n<tbody>\n<tr>\n<td>Marca<\/td>\n<td>Carimbras<\/td>\n<\/tr>\n<tr>\n<td>Material<\/td>\n<td>Madeira<\/td>\n<\/tr>\n<tr>\n<td>Faixa Et\u00e1ria<\/td>\n<td>A partir de 1 Ano<\/td>\n<\/tr>\n<\/tbody>\n<\/table>\n<\/div>\n<\/div>\n<\/div>\n","protected":false},"excerpt":{"rendered":"<p>Cubos de Encaixe A brincadeira permite empilhar e encaixar os cubos um dentro do outro (do menor para o maior), auxiliando a crian\u00e7a na constru\u00e7\u00e3o de no\u00e7\u00f5es como maior\/menor, sequ\u00eancia, seria\u00e7\u00e3o e inclus\u00e3o . O brinquedo trabalha a coordena\u00e7\u00e3o motora,<\/p>\n","protected":false},"featured_media":7597,"comment_status":"open","ping_status":"closed","template":"","meta":[],"product_brand":[227],"product_cat":[211],"product_tag":[],"class_list":{"0":"post-7598","1":"product","2":"type-product","3":"status-publish","6":"product_brand-carimbras","7":"product_cat-psicomotricidade-jogos-e-brinquedos","9":"first","10":"instock","11":"shipping-taxable","12":"purchasable","13":"product-type-simple"},"_links":{"self":[{"href":"https:\/\/educaredigital.online\/loja\/wp-json\/wp\/v2\/product\/7598","targetHints":{"allow":["GET"]}}],"collection":[{"href":"https:\/\/educaredigital.online\/loja\/wp-json\/wp\/v2\/product"}],"about":[{"href":"https:\/\/educaredigital.online\/loja\/wp-json\/wp\/v2\/types\/product"}],"replies":[{"embeddable":true,"href":"https:\/\/educaredigital.online\/loja\/wp-json\/wp\/v2\/comments?post=7598"}],"wp:featuredmedia":[{"embeddable":true,"href":"https:\/\/educaredigital.online\/loja\/wp-json\/wp\/v2\/media\/7597"}],"wp:attachment":[{"href":"https:\/\/educaredigital.online\/loja\/wp-json\/wp\/v2\/media?parent=7598"}],"wp:term":[{"taxonomy":"product_brand","embeddable":true,"href":"https:\/\/educaredigital.online\/loja\/wp-json\/wp\/v2\/product_brand?post=7598"},{"taxonomy":"product_cat","embeddable":true,"href":"https:\/\/educaredigital.online\/loja\/wp-json\/wp\/v2\/product_cat?post=7598"},{"taxonomy":"product_tag","embeddable":true,"href":"https:\/\/educaredigital.online\/loja\/wp-json\/wp\/v2\/product_tag?post=7598"}],"curies":[{"name":"wp","href":"https:\/\/api.w.org\/{rel}","templated":true}]}}