{"id":7593,"date":"2026-04-08T20:42:24","date_gmt":"2026-04-08T20:42:24","guid":{"rendered":"https:\/\/educaredigital.online\/loja\/produto\/produto-21\/"},"modified":"2026-04-24T17:25:25","modified_gmt":"2026-04-24T17:25:25","slug":"produto-21","status":"publish","type":"product","link":"https:\/\/educaredigital.online\/loja\/produto\/produto-21\/","title":{"rendered":"Carrinho de Blocos"},"content":{"rendered":"<p><strong>Carrinho de Blocos<\/strong> Diferente dos blocos de encaixe tradicionais, estas pe\u00e7as n\u00e3o possuem nenhum tipo de encaixe, desafiando a crian\u00e7a a equilibr\u00e1-las e empilh\u00e1-las de forma livre e criativa, o que favorece o desenvolvimento da autoconfian\u00e7a e do planejamento de a\u00e7\u00f5es . O carrinho com rodinhas serve tanto para transportar as pe\u00e7as quanto como parte da brincadeira, estimulando a imagina\u00e7\u00e3o ,o brinquedo trabalha a coordena\u00e7\u00e3o motora, a percep\u00e7\u00e3o de cores, formas e tamanhos, a criatividade, o racioc\u00ednio l\u00f3gico, a no\u00e7\u00e3o espacial e a intera\u00e7\u00e3o social.<\/p>\n<div class=\"details-table-wrapper\">\n<table class=\"product-details-table\">\n<tbody>\n<tr>\n<td>Marca<\/td>\n<td>Carimbras<\/td>\n<\/tr>\n<tr>\n<td>Material<\/td>\n<td>Madeira<\/td>\n<\/tr>\n<tr>\n<td>Faixa Et\u00e1ria<\/td>\n<td>A partir de 1 Ano<\/td>\n<\/tr>\n<\/tbody>\n<\/table>\n<\/div>\n","protected":false},"excerpt":{"rendered":"<p>Carrinho de Blocos Diferente dos blocos de encaixe tradicionais, estas pe\u00e7as n\u00e3o possuem nenhum tipo de encaixe, desafiando a crian\u00e7a a equilibr\u00e1-las e empilh\u00e1-las de forma livre e criativa, o que favorece o desenvolvimento da autoconfian\u00e7a e do planejamento de<\/p>\n","protected":false},"featured_media":7592,"comment_status":"open","ping_status":"closed","template":"","meta":[],"product_brand":[227],"product_cat":[211],"product_tag":[],"class_list":{"0":"post-7593","1":"product","2":"type-product","3":"status-publish","6":"product_brand-carimbras","7":"product_cat-psicomotricidade-jogos-e-brinquedos","9":"first","10":"instock","11":"shipping-taxable","12":"purchasable","13":"product-type-simple"},"_links":{"self":[{"href":"https:\/\/educaredigital.online\/loja\/wp-json\/wp\/v2\/product\/7593","targetHints":{"allow":["GET"]}}],"collection":[{"href":"https:\/\/educaredigital.online\/loja\/wp-json\/wp\/v2\/product"}],"about":[{"href":"https:\/\/educaredigital.online\/loja\/wp-json\/wp\/v2\/types\/product"}],"replies":[{"embeddable":true,"href":"https:\/\/educaredigital.online\/loja\/wp-json\/wp\/v2\/comments?post=7593"}],"wp:featuredmedia":[{"embeddable":true,"href":"https:\/\/educaredigital.online\/loja\/wp-json\/wp\/v2\/media\/7592"}],"wp:attachment":[{"href":"https:\/\/educaredigital.online\/loja\/wp-json\/wp\/v2\/media?parent=7593"}],"wp:term":[{"taxonomy":"product_brand","embeddable":true,"href":"https:\/\/educaredigital.online\/loja\/wp-json\/wp\/v2\/product_brand?post=7593"},{"taxonomy":"product_cat","embeddable":true,"href":"https:\/\/educaredigital.online\/loja\/wp-json\/wp\/v2\/product_cat?post=7593"},{"taxonomy":"product_tag","embeddable":true,"href":"https:\/\/educaredigital.online\/loja\/wp-json\/wp\/v2\/product_tag?post=7593"}],"curies":[{"name":"wp","href":"https:\/\/api.w.org\/{rel}","templated":true}]}}