{"id":7591,"date":"2026-04-08T20:42:22","date_gmt":"2026-04-08T20:42:22","guid":{"rendered":"https:\/\/educaredigital.online\/loja\/produto\/produto-20\/"},"modified":"2026-04-24T17:50:40","modified_gmt":"2026-04-24T17:50:40","slug":"produto-20","status":"publish","type":"product","link":"https:\/\/educaredigital.online\/loja\/produto\/produto-20\/","title":{"rendered":"Torre de Han\u00f3i"},"content":{"rendered":"<p><strong>Torre de Han\u00f3i<\/strong> \u00a0\u00e9 um cl\u00e1ssico quebra-cabe\u00e7a matem\u00e1tico em madeira composto por\u00a0<strong>01 base com 3 pinos<\/strong>\u00a0e\u00a0<strong>06 discos coloridos de tamanhos variados<\/strong>\u00a0. O objetivo do jogo \u00e9 mover todos os discos de um pino para outro, usando os pinos restantes como auxiliares, seguindo uma regra fundamental: <strong>um disco maior nunca pode ficar em cima de um disco menor<\/strong> . O desafio se completa quando todos os discos s\u00e3o transferidos para o pino final, mantendo a ordem crescente de tamanho. Trabalha o racioc\u00ednio l\u00f3gico, o planejamento estrat\u00e9gico, a coordena\u00e7\u00e3o motora fina, a concentra\u00e7\u00e3o, a paci\u00eancia e as no\u00e7\u00f5es de ordem e agrupamento.<\/p>\n<div class=\"details-table-wrapper\">\n<table class=\"product-details-table\">\n<tbody>\n<tr>\n<td>Marca<\/td>\n<td>Carimbras<\/td>\n<\/tr>\n<tr>\n<td>Material<\/td>\n<td>Madeira<\/td>\n<\/tr>\n<tr>\n<td>Faixa Et\u00e1ria<\/td>\n<td>A partir de 3 Anos<\/td>\n<\/tr>\n<\/tbody>\n<\/table>\n<\/div>\n","protected":false},"excerpt":{"rendered":"<p>Torre de Han\u00f3i \u00a0\u00e9 um cl\u00e1ssico quebra-cabe\u00e7a matem\u00e1tico em madeira composto por\u00a001 base com 3 pinos\u00a0e\u00a006 discos coloridos de tamanhos variados\u00a0. O objetivo do jogo \u00e9 mover todos os discos de um pino para outro, usando os pinos restantes como<\/p>\n","protected":false},"featured_media":7590,"comment_status":"open","ping_status":"closed","template":"","meta":[],"product_brand":[227],"product_cat":[211],"product_tag":[],"class_list":{"0":"post-7591","1":"product","2":"type-product","3":"status-publish","6":"product_brand-carimbras","7":"product_cat-psicomotricidade-jogos-e-brinquedos","9":"first","10":"instock","11":"shipping-taxable","12":"purchasable","13":"product-type-simple"},"_links":{"self":[{"href":"https:\/\/educaredigital.online\/loja\/wp-json\/wp\/v2\/product\/7591","targetHints":{"allow":["GET"]}}],"collection":[{"href":"https:\/\/educaredigital.online\/loja\/wp-json\/wp\/v2\/product"}],"about":[{"href":"https:\/\/educaredigital.online\/loja\/wp-json\/wp\/v2\/types\/product"}],"replies":[{"embeddable":true,"href":"https:\/\/educaredigital.online\/loja\/wp-json\/wp\/v2\/comments?post=7591"}],"wp:featuredmedia":[{"embeddable":true,"href":"https:\/\/educaredigital.online\/loja\/wp-json\/wp\/v2\/media\/7590"}],"wp:attachment":[{"href":"https:\/\/educaredigital.online\/loja\/wp-json\/wp\/v2\/media?parent=7591"}],"wp:term":[{"taxonomy":"product_brand","embeddable":true,"href":"https:\/\/educaredigital.online\/loja\/wp-json\/wp\/v2\/product_brand?post=7591"},{"taxonomy":"product_cat","embeddable":true,"href":"https:\/\/educaredigital.online\/loja\/wp-json\/wp\/v2\/product_cat?post=7591"},{"taxonomy":"product_tag","embeddable":true,"href":"https:\/\/educaredigital.online\/loja\/wp-json\/wp\/v2\/product_tag?post=7591"}],"curies":[{"name":"wp","href":"https:\/\/api.w.org\/{rel}","templated":true}]}}