{"id":7587,"date":"2026-04-08T20:42:20","date_gmt":"2026-04-08T20:42:20","guid":{"rendered":"https:\/\/educaredigital.online\/loja\/produto\/produto-18\/"},"modified":"2026-04-24T17:18:30","modified_gmt":"2026-04-24T17:18:30","slug":"produto-18","status":"publish","type":"product","link":"https:\/\/educaredigital.online\/loja\/produto\/produto-18\/","title":{"rendered":"Alinhavo de animais"},"content":{"rendered":"<p><strong>Alinhavo de Animais<\/strong> \u00a0 O objetivo da brincadeira \u00e9 passar os cord\u00f5es pelos furos das pe\u00e7as, contornando as figuras e desenvolvendo a chamada &#8220;coordena\u00e7\u00e3o olho-m\u00e3o&#8221; . O\u00a0brinquedo trabalha a\u00a0<strong>coordena\u00e7\u00e3o motora fina<\/strong>, a\u00a0<strong>percep\u00e7\u00e3o visual<\/strong>, o\u00a0<strong>reconhecimento de formas e tamanhos<\/strong>, a\u00a0<strong>concentra\u00e7\u00e3o<\/strong>\u00a0e a\u00a0<strong>agilidade<\/strong>, sendo uma excelente atividade preparat\u00f3ria para o processo de alfabetiza\u00e7\u00e3o e para o fortalecimento da motricidade necess\u00e1ria \u00e0 escrita.<\/p>\n<div class=\"details-table-wrapper\">\n<table class=\"product-details-table\">\n<tbody>\n<tr>\n<td>Marca<\/td>\n<td>Carimbras<\/td>\n<\/tr>\n<tr>\n<td>Material<\/td>\n<td>Madeira<\/td>\n<\/tr>\n<tr>\n<td>Faixa Et\u00e1ria<\/td>\n<td>A partir de 3 Anos<\/td>\n<\/tr>\n<\/tbody>\n<\/table>\n<\/div>\n","protected":false},"excerpt":{"rendered":"<p>Alinhavo de Animais \u00a0 O objetivo da brincadeira \u00e9 passar os cord\u00f5es pelos furos das pe\u00e7as, contornando as figuras e desenvolvendo a chamada &#8220;coordena\u00e7\u00e3o olho-m\u00e3o&#8221; . O\u00a0brinquedo trabalha a\u00a0coordena\u00e7\u00e3o motora fina, a\u00a0percep\u00e7\u00e3o visual, o\u00a0reconhecimento de formas e tamanhos, a\u00a0concentra\u00e7\u00e3o\u00a0e a\u00a0agilidade,<\/p>\n","protected":false},"featured_media":7586,"comment_status":"open","ping_status":"closed","template":"","meta":[],"product_brand":[227],"product_cat":[211],"product_tag":[],"class_list":{"0":"post-7587","1":"product","2":"type-product","3":"status-publish","6":"product_brand-carimbras","7":"product_cat-psicomotricidade-jogos-e-brinquedos","9":"first","10":"instock","11":"shipping-taxable","12":"purchasable","13":"product-type-simple"},"_links":{"self":[{"href":"https:\/\/educaredigital.online\/loja\/wp-json\/wp\/v2\/product\/7587","targetHints":{"allow":["GET"]}}],"collection":[{"href":"https:\/\/educaredigital.online\/loja\/wp-json\/wp\/v2\/product"}],"about":[{"href":"https:\/\/educaredigital.online\/loja\/wp-json\/wp\/v2\/types\/product"}],"replies":[{"embeddable":true,"href":"https:\/\/educaredigital.online\/loja\/wp-json\/wp\/v2\/comments?post=7587"}],"wp:featuredmedia":[{"embeddable":true,"href":"https:\/\/educaredigital.online\/loja\/wp-json\/wp\/v2\/media\/7586"}],"wp:attachment":[{"href":"https:\/\/educaredigital.online\/loja\/wp-json\/wp\/v2\/media?parent=7587"}],"wp:term":[{"taxonomy":"product_brand","embeddable":true,"href":"https:\/\/educaredigital.online\/loja\/wp-json\/wp\/v2\/product_brand?post=7587"},{"taxonomy":"product_cat","embeddable":true,"href":"https:\/\/educaredigital.online\/loja\/wp-json\/wp\/v2\/product_cat?post=7587"},{"taxonomy":"product_tag","embeddable":true,"href":"https:\/\/educaredigital.online\/loja\/wp-json\/wp\/v2\/product_tag?post=7587"}],"curies":[{"name":"wp","href":"https:\/\/api.w.org\/{rel}","templated":true}]}}