{"id":7583,"date":"2026-04-08T20:42:17","date_gmt":"2026-04-08T20:42:17","guid":{"rendered":"https:\/\/educaredigital.online\/loja\/produto\/produto-16\/"},"modified":"2026-04-24T17:20:39","modified_gmt":"2026-04-24T17:20:39","slug":"produto-16","status":"publish","type":"product","link":"https:\/\/educaredigital.online\/loja\/produto\/produto-16\/","title":{"rendered":"Bancada de mem\u00f3ria"},"content":{"rendered":"<p><strong>Bancada da Mem\u00f3ria<\/strong>\u00a0O jogo pode ser disputado de\u00a0<strong>duas formas<\/strong>: no\u00a0<strong>modo mem\u00f3ria cl\u00e1ssico<\/strong>, as pe\u00e7as ficam com as cores voltadas para baixo e os jogadores viram duas por vez tentando encontrar pares da mesma cor; no\u00a0<strong>modo com dado<\/strong>, o jogador lan\u00e7a o dado e deve encontrar a pe\u00e7a com a cor sorteada . \u00a0Trabalha a memoriza\u00e7\u00e3o, a concentra\u00e7\u00e3o, a percep\u00e7\u00e3o visual, a cogni\u00e7\u00e3o e a coordena\u00e7\u00e3o motora de forma l\u00fadica e desafiadora .<\/p>\n<div class=\"details-table-wrapper\">\n<table class=\"product-details-table\">\n<tbody>\n<tr>\n<td>Marca<\/td>\n<td>Carimbras<\/td>\n<\/tr>\n<tr>\n<td>Material<\/td>\n<td>Madeira<\/td>\n<\/tr>\n<tr>\n<td>Faixa Et\u00e1ria<\/td>\n<td>A partir de 3 Anos<\/td>\n<\/tr>\n<\/tbody>\n<\/table>\n<\/div>\n","protected":false},"excerpt":{"rendered":"<p>Bancada da Mem\u00f3ria\u00a0O jogo pode ser disputado de\u00a0duas formas: no\u00a0modo mem\u00f3ria cl\u00e1ssico, as pe\u00e7as ficam com as cores voltadas para baixo e os jogadores viram duas por vez tentando encontrar pares da mesma cor; no\u00a0modo com dado, o jogador lan\u00e7a<\/p>\n","protected":false},"featured_media":7582,"comment_status":"open","ping_status":"closed","template":"","meta":[],"product_brand":[227],"product_cat":[211],"product_tag":[],"class_list":{"0":"post-7583","1":"product","2":"type-product","3":"status-publish","6":"product_brand-carimbras","7":"product_cat-psicomotricidade-jogos-e-brinquedos","9":"first","10":"instock","11":"shipping-taxable","12":"purchasable","13":"product-type-simple"},"_links":{"self":[{"href":"https:\/\/educaredigital.online\/loja\/wp-json\/wp\/v2\/product\/7583","targetHints":{"allow":["GET"]}}],"collection":[{"href":"https:\/\/educaredigital.online\/loja\/wp-json\/wp\/v2\/product"}],"about":[{"href":"https:\/\/educaredigital.online\/loja\/wp-json\/wp\/v2\/types\/product"}],"replies":[{"embeddable":true,"href":"https:\/\/educaredigital.online\/loja\/wp-json\/wp\/v2\/comments?post=7583"}],"wp:featuredmedia":[{"embeddable":true,"href":"https:\/\/educaredigital.online\/loja\/wp-json\/wp\/v2\/media\/7582"}],"wp:attachment":[{"href":"https:\/\/educaredigital.online\/loja\/wp-json\/wp\/v2\/media?parent=7583"}],"wp:term":[{"taxonomy":"product_brand","embeddable":true,"href":"https:\/\/educaredigital.online\/loja\/wp-json\/wp\/v2\/product_brand?post=7583"},{"taxonomy":"product_cat","embeddable":true,"href":"https:\/\/educaredigital.online\/loja\/wp-json\/wp\/v2\/product_cat?post=7583"},{"taxonomy":"product_tag","embeddable":true,"href":"https:\/\/educaredigital.online\/loja\/wp-json\/wp\/v2\/product_tag?post=7583"}],"curies":[{"name":"wp","href":"https:\/\/api.w.org\/{rel}","templated":true}]}}