{"id":7581,"date":"2026-04-08T20:42:16","date_gmt":"2026-04-08T20:42:16","guid":{"rendered":"https:\/\/educaredigital.online\/loja\/produto\/produto-15\/"},"modified":"2026-04-24T17:31:50","modified_gmt":"2026-04-24T17:31:50","slug":"produto-15","status":"publish","type":"product","link":"https:\/\/educaredigital.online\/loja\/produto\/produto-15\/","title":{"rendered":"Fun\u00e7\u00f5es Executivas"},"content":{"rendered":"<p><strong>Fun\u00e7\u00f5es Executivas<\/strong>\u00a0O objetivo do jogo \u00e9 posicionar as pe\u00e7as laranjas sobre os campos quadrados do tabuleiro de forma que apenas as figuras indicadas em cada ficha-desafio permane\u00e7am vis\u00edveis, ocultando as demais\u00a0. O jogo trabalha especificamente quatro habilidades cognitivas essenciais:\u00a0<strong>mem\u00f3ria de trabalho<\/strong>\u00a0(armazenar e manipular informa\u00e7\u00f5es tempor\u00e1rias),\u00a0<strong>flexibilidade cognitiva<\/strong>\u00a0(adaptar-se a novas regras),\u00a0<strong>planejamento<\/strong>\u00a0(elaborar estrat\u00e9gias) e\u00a0<strong>controle inibit\u00f3rio<\/strong> (regular impulsos).<\/p>\n<div class=\"details-table-wrapper\">\n<table class=\"product-details-table\">\n<tbody>\n<tr>\n<td>Marca<\/td>\n<td>Carimbras<\/td>\n<\/tr>\n<tr>\n<td>Material<\/td>\n<td>Madeira<\/td>\n<\/tr>\n<tr>\n<td>Faixa Et\u00e1ria<\/td>\n<td>A partir de 7 Anos<\/td>\n<\/tr>\n<\/tbody>\n<\/table>\n<\/div>\n","protected":false},"excerpt":{"rendered":"<p>Fun\u00e7\u00f5es Executivas\u00a0O objetivo do jogo \u00e9 posicionar as pe\u00e7as laranjas sobre os campos quadrados do tabuleiro de forma que apenas as figuras indicadas em cada ficha-desafio permane\u00e7am vis\u00edveis, ocultando as demais\u00a0. O jogo trabalha especificamente quatro habilidades cognitivas essenciais:\u00a0mem\u00f3ria de<\/p>\n","protected":false},"featured_media":7580,"comment_status":"open","ping_status":"closed","template":"","meta":[],"product_brand":[227],"product_cat":[211],"product_tag":[],"class_list":{"0":"post-7581","1":"product","2":"type-product","3":"status-publish","6":"product_brand-carimbras","7":"product_cat-psicomotricidade-jogos-e-brinquedos","9":"first","10":"instock","11":"shipping-taxable","12":"purchasable","13":"product-type-simple"},"_links":{"self":[{"href":"https:\/\/educaredigital.online\/loja\/wp-json\/wp\/v2\/product\/7581","targetHints":{"allow":["GET"]}}],"collection":[{"href":"https:\/\/educaredigital.online\/loja\/wp-json\/wp\/v2\/product"}],"about":[{"href":"https:\/\/educaredigital.online\/loja\/wp-json\/wp\/v2\/types\/product"}],"replies":[{"embeddable":true,"href":"https:\/\/educaredigital.online\/loja\/wp-json\/wp\/v2\/comments?post=7581"}],"wp:featuredmedia":[{"embeddable":true,"href":"https:\/\/educaredigital.online\/loja\/wp-json\/wp\/v2\/media\/7580"}],"wp:attachment":[{"href":"https:\/\/educaredigital.online\/loja\/wp-json\/wp\/v2\/media?parent=7581"}],"wp:term":[{"taxonomy":"product_brand","embeddable":true,"href":"https:\/\/educaredigital.online\/loja\/wp-json\/wp\/v2\/product_brand?post=7581"},{"taxonomy":"product_cat","embeddable":true,"href":"https:\/\/educaredigital.online\/loja\/wp-json\/wp\/v2\/product_cat?post=7581"},{"taxonomy":"product_tag","embeddable":true,"href":"https:\/\/educaredigital.online\/loja\/wp-json\/wp\/v2\/product_tag?post=7581"}],"curies":[{"name":"wp","href":"https:\/\/api.w.org\/{rel}","templated":true}]}}