{"id":7579,"date":"2026-04-08T20:42:13","date_gmt":"2026-04-08T20:42:13","guid":{"rendered":"https:\/\/educaredigital.online\/loja\/produto\/produto-14\/"},"modified":"2026-04-24T17:25:25","modified_gmt":"2026-04-24T17:25:25","slug":"produto-14","status":"publish","type":"product","link":"https:\/\/educaredigital.online\/loja\/produto\/produto-14\/","title":{"rendered":"Combine e Encaixe"},"content":{"rendered":"<p><strong>Combine e Encaixe<\/strong> \u00a0objetivo \u00e9 encaixar um dos gabaritos na canaleta da base e, em seguida, posicionar as argolas na haste seguindo exatamente a sequ\u00eancia de cores indicada no modelo escolhido, podendo-se tentar fazer a combina\u00e7\u00e3o rapidamente e depois trocar o gabarito para repetir o desafio , o jogo pode ser jogado individualmente e trabalha o reconhecimento e a combina\u00e7\u00e3o de tonalidades de cores, o planejamento de a\u00e7\u00e3o, a coordena\u00e7\u00e3o motora fina, a contagem, a organiza\u00e7\u00e3o, a concentra\u00e7\u00e3o, a criatividade e a compreens\u00e3o de regras .<\/p>\n<div class=\"details-table-wrapper\">\n<table class=\"product-details-table\">\n<tbody>\n<tr>\n<td>Marca<\/td>\n<td>Carimbras<\/td>\n<\/tr>\n<tr>\n<td>Material<\/td>\n<td>MDF<\/td>\n<\/tr>\n<tr>\n<td>Faixa Et\u00e1ria<\/td>\n<td>A partir de 3 Anos<\/td>\n<\/tr>\n<\/tbody>\n<\/table>\n<\/div>\n","protected":false},"excerpt":{"rendered":"<p>Combine e Encaixe \u00a0objetivo \u00e9 encaixar um dos gabaritos na canaleta da base e, em seguida, posicionar as argolas na haste seguindo exatamente a sequ\u00eancia de cores indicada no modelo escolhido, podendo-se tentar fazer a combina\u00e7\u00e3o rapidamente e depois trocar<\/p>\n","protected":false},"featured_media":7578,"comment_status":"open","ping_status":"closed","template":"","meta":[],"product_brand":[227],"product_cat":[211],"product_tag":[],"class_list":{"0":"post-7579","1":"product","2":"type-product","3":"status-publish","6":"product_brand-carimbras","7":"product_cat-psicomotricidade-jogos-e-brinquedos","9":"first","10":"instock","11":"shipping-taxable","12":"purchasable","13":"product-type-simple"},"_links":{"self":[{"href":"https:\/\/educaredigital.online\/loja\/wp-json\/wp\/v2\/product\/7579","targetHints":{"allow":["GET"]}}],"collection":[{"href":"https:\/\/educaredigital.online\/loja\/wp-json\/wp\/v2\/product"}],"about":[{"href":"https:\/\/educaredigital.online\/loja\/wp-json\/wp\/v2\/types\/product"}],"replies":[{"embeddable":true,"href":"https:\/\/educaredigital.online\/loja\/wp-json\/wp\/v2\/comments?post=7579"}],"wp:featuredmedia":[{"embeddable":true,"href":"https:\/\/educaredigital.online\/loja\/wp-json\/wp\/v2\/media\/7578"}],"wp:attachment":[{"href":"https:\/\/educaredigital.online\/loja\/wp-json\/wp\/v2\/media?parent=7579"}],"wp:term":[{"taxonomy":"product_brand","embeddable":true,"href":"https:\/\/educaredigital.online\/loja\/wp-json\/wp\/v2\/product_brand?post=7579"},{"taxonomy":"product_cat","embeddable":true,"href":"https:\/\/educaredigital.online\/loja\/wp-json\/wp\/v2\/product_cat?post=7579"},{"taxonomy":"product_tag","embeddable":true,"href":"https:\/\/educaredigital.online\/loja\/wp-json\/wp\/v2\/product_tag?post=7579"}],"curies":[{"name":"wp","href":"https:\/\/api.w.org\/{rel}","templated":true}]}}