{"id":7577,"date":"2026-04-08T20:42:09","date_gmt":"2026-04-08T20:42:09","guid":{"rendered":"https:\/\/educaredigital.online\/loja\/produto\/produto-13\/"},"modified":"2026-04-24T17:50:40","modified_gmt":"2026-04-24T17:50:40","slug":"produto-13","status":"publish","type":"product","link":"https:\/\/educaredigital.online\/loja\/produto\/produto-13\/","title":{"rendered":"Torre Multiformas"},"content":{"rendered":"<p><strong>Torre Multiformas<\/strong> \u00e9 um brinquedo educativo o objetivo \u00e9 empilhar as pe\u00e7as formando uma torre, trabalhando conceitos de <strong>posi\u00e7\u00e3o, tamanho, ordem, cor, sequ\u00eancia l\u00f3gica e no\u00e7\u00f5es de maior\/menor<\/strong>, enquanto desenvolve a coordena\u00e7\u00e3o motora e a capacidade de classificar e solucionar problemas de forma l\u00fadica .<\/p>\n<div class=\"details-table-wrapper\">\n<table class=\"product-details-table\">\n<tbody>\n<tr>\n<td>Marca<\/td>\n<td>Carimbras<\/td>\n<\/tr>\n<tr>\n<td>Material<\/td>\n<td>Madeira<\/td>\n<\/tr>\n<tr>\n<td>Faixa Et\u00e1ria<\/td>\n<td>A partir de 1 Ano<\/td>\n<\/tr>\n<\/tbody>\n<\/table>\n<\/div>\n","protected":false},"excerpt":{"rendered":"<p>Torre Multiformas \u00e9 um brinquedo educativo o objetivo \u00e9 empilhar as pe\u00e7as formando uma torre, trabalhando conceitos de posi\u00e7\u00e3o, tamanho, ordem, cor, sequ\u00eancia l\u00f3gica e no\u00e7\u00f5es de maior\/menor, enquanto desenvolve a coordena\u00e7\u00e3o motora e a capacidade de classificar e solucionar<\/p>\n","protected":false},"featured_media":7576,"comment_status":"open","ping_status":"closed","template":"","meta":[],"product_brand":[227],"product_cat":[211],"product_tag":[],"class_list":{"0":"post-7577","1":"product","2":"type-product","3":"status-publish","6":"product_brand-carimbras","7":"product_cat-psicomotricidade-jogos-e-brinquedos","9":"first","10":"instock","11":"shipping-taxable","12":"purchasable","13":"product-type-simple"},"_links":{"self":[{"href":"https:\/\/educaredigital.online\/loja\/wp-json\/wp\/v2\/product\/7577","targetHints":{"allow":["GET"]}}],"collection":[{"href":"https:\/\/educaredigital.online\/loja\/wp-json\/wp\/v2\/product"}],"about":[{"href":"https:\/\/educaredigital.online\/loja\/wp-json\/wp\/v2\/types\/product"}],"replies":[{"embeddable":true,"href":"https:\/\/educaredigital.online\/loja\/wp-json\/wp\/v2\/comments?post=7577"}],"wp:featuredmedia":[{"embeddable":true,"href":"https:\/\/educaredigital.online\/loja\/wp-json\/wp\/v2\/media\/7576"}],"wp:attachment":[{"href":"https:\/\/educaredigital.online\/loja\/wp-json\/wp\/v2\/media?parent=7577"}],"wp:term":[{"taxonomy":"product_brand","embeddable":true,"href":"https:\/\/educaredigital.online\/loja\/wp-json\/wp\/v2\/product_brand?post=7577"},{"taxonomy":"product_cat","embeddable":true,"href":"https:\/\/educaredigital.online\/loja\/wp-json\/wp\/v2\/product_cat?post=7577"},{"taxonomy":"product_tag","embeddable":true,"href":"https:\/\/educaredigital.online\/loja\/wp-json\/wp\/v2\/product_tag?post=7577"}],"curies":[{"name":"wp","href":"https:\/\/api.w.org\/{rel}","templated":true}]}}