{"id":7573,"date":"2026-04-08T20:42:04","date_gmt":"2026-04-08T20:42:04","guid":{"rendered":"https:\/\/educaredigital.online\/loja\/produto\/produto-11\/"},"modified":"2026-04-24T20:52:19","modified_gmt":"2026-04-24T20:52:19","slug":"produto-11","status":"publish","type":"product","link":"https:\/\/educaredigital.online\/loja\/produto\/produto-11\/","title":{"rendered":"Planejar e Construir- Figuras Divertidas"},"content":{"rendered":"<p><strong>Planejar e Construir &#8211; Figuras Divertidas<\/strong>\u00a0da\u00a0<strong>Carimbras<\/strong>\u00a0\u00e9 um brinquedo educativo que convida a crian\u00e7a a montar personagens e objetos utilizando\u00a0<strong>28 pe\u00e7as de MDF<\/strong>\u00a0coloridas,\u00a0<strong>36 parafusos e porcas de pl\u00e1stico<\/strong>,\u00a0<strong>16 fichas-modelo<\/strong>\u00a0e\u00a0<strong>2 chaves (fenda e boca)<\/strong> . Com ele, a crian\u00e7a pode seguir os desafios das fichas para construir as figuras sugeridas ou usar a criatividade para criar livremente suas pr\u00f3prias inven\u00e7\u00f5es, desenvolvendo o racioc\u00ednio l\u00f3gico, a coordena\u00e7\u00e3o motora fina e a concentra\u00e7\u00e3o.<\/p>\n<div class=\"details-table-wrapper\">\n<table class=\"product-details-table\">\n<tbody>\n<tr>\n<td>Marca<\/td>\n<td>Carimbras<\/td>\n<\/tr>\n<tr>\n<td>Material<\/td>\n<td>MDF<\/td>\n<\/tr>\n<tr>\n<td>Faixa Et\u00e1ria<\/td>\n<td>A partir de 3 Anos<\/td>\n<\/tr>\n<\/tbody>\n<\/table>\n<\/div>\n","protected":false},"excerpt":{"rendered":"<p>Planejar e Construir &#8211; Figuras Divertidas\u00a0da\u00a0Carimbras\u00a0\u00e9 um brinquedo educativo que convida a crian\u00e7a a montar personagens e objetos utilizando\u00a028 pe\u00e7as de MDF\u00a0coloridas,\u00a036 parafusos e porcas de pl\u00e1stico,\u00a016 fichas-modelo\u00a0e\u00a02 chaves (fenda e boca) . Com ele, a crian\u00e7a pode seguir os<\/p>\n","protected":false},"featured_media":7572,"comment_status":"open","ping_status":"closed","template":"","meta":[],"product_brand":[227],"product_cat":[211],"product_tag":[],"class_list":{"0":"post-7573","1":"product","2":"type-product","3":"status-publish","6":"product_brand-carimbras","7":"product_cat-psicomotricidade-jogos-e-brinquedos","9":"first","10":"instock","11":"shipping-taxable","12":"purchasable","13":"product-type-simple"},"_links":{"self":[{"href":"https:\/\/educaredigital.online\/loja\/wp-json\/wp\/v2\/product\/7573","targetHints":{"allow":["GET"]}}],"collection":[{"href":"https:\/\/educaredigital.online\/loja\/wp-json\/wp\/v2\/product"}],"about":[{"href":"https:\/\/educaredigital.online\/loja\/wp-json\/wp\/v2\/types\/product"}],"replies":[{"embeddable":true,"href":"https:\/\/educaredigital.online\/loja\/wp-json\/wp\/v2\/comments?post=7573"}],"wp:featuredmedia":[{"embeddable":true,"href":"https:\/\/educaredigital.online\/loja\/wp-json\/wp\/v2\/media\/7572"}],"wp:attachment":[{"href":"https:\/\/educaredigital.online\/loja\/wp-json\/wp\/v2\/media?parent=7573"}],"wp:term":[{"taxonomy":"product_brand","embeddable":true,"href":"https:\/\/educaredigital.online\/loja\/wp-json\/wp\/v2\/product_brand?post=7573"},{"taxonomy":"product_cat","embeddable":true,"href":"https:\/\/educaredigital.online\/loja\/wp-json\/wp\/v2\/product_cat?post=7573"},{"taxonomy":"product_tag","embeddable":true,"href":"https:\/\/educaredigital.online\/loja\/wp-json\/wp\/v2\/product_tag?post=7573"}],"curies":[{"name":"wp","href":"https:\/\/api.w.org\/{rel}","templated":true}]}}