{"id":7569,"date":"2026-04-08T20:42:02","date_gmt":"2026-04-08T20:42:02","guid":{"rendered":"https:\/\/educaredigital.online\/loja\/produto\/produto-9\/"},"modified":"2026-04-24T20:52:38","modified_gmt":"2026-04-24T20:52:38","slug":"produto-9","status":"publish","type":"product","link":"https:\/\/educaredigital.online\/loja\/produto\/produto-9\/","title":{"rendered":"Mosaico"},"content":{"rendered":"<div class=\"ds-message _63c77b1\">\n<div class=\"ds-markdown\">\n<p class=\"ds-markdown-paragraph\"><strong>Mosaico<\/strong> \u00a0objetivo \u00e9 encaixar e organizar as pe\u00e7as dentro da base, permitindo tanto a montagem livre e criativa de desenhos \u00fanicos quanto o desafio de posicionar todas as pe\u00e7as no espa\u00e7o dispon\u00edvel, promovendo o racioc\u00ednio l\u00f3gico e a organiza\u00e7\u00e3o espacial ,\u00a0o brinquedo desenvolve a coordena\u00e7\u00e3o motora fina, o reconhecimento de formas e cores, a criatividade, a percep\u00e7\u00e3o visual e o pensamento cognitivo de forma l\u00fadica\u00a0.<\/p>\n<div class=\"details-table-wrapper\">\n<table class=\"product-details-table\">\n<tbody>\n<tr>\n<td>Marca<\/td>\n<td>Carimbras<\/td>\n<\/tr>\n<tr>\n<td>Material<\/td>\n<td>Madeira<\/td>\n<\/tr>\n<tr>\n<td>Faixa Et\u00e1ria<\/td>\n<td>A partir de 3 Anos<\/td>\n<\/tr>\n<\/tbody>\n<\/table>\n<\/div>\n<\/div>\n<\/div>\n","protected":false},"excerpt":{"rendered":"<p>Mosaico \u00a0objetivo \u00e9 encaixar e organizar as pe\u00e7as dentro da base, permitindo tanto a montagem livre e criativa de desenhos \u00fanicos quanto o desafio de posicionar todas as pe\u00e7as no espa\u00e7o dispon\u00edvel, promovendo o racioc\u00ednio l\u00f3gico e a organiza\u00e7\u00e3o espacial<\/p>\n","protected":false},"featured_media":7568,"comment_status":"open","ping_status":"closed","template":"","meta":[],"product_brand":[227],"product_cat":[211],"product_tag":[],"class_list":{"0":"post-7569","1":"product","2":"type-product","3":"status-publish","6":"product_brand-carimbras","7":"product_cat-psicomotricidade-jogos-e-brinquedos","9":"first","10":"instock","11":"shipping-taxable","12":"purchasable","13":"product-type-simple"},"_links":{"self":[{"href":"https:\/\/educaredigital.online\/loja\/wp-json\/wp\/v2\/product\/7569","targetHints":{"allow":["GET"]}}],"collection":[{"href":"https:\/\/educaredigital.online\/loja\/wp-json\/wp\/v2\/product"}],"about":[{"href":"https:\/\/educaredigital.online\/loja\/wp-json\/wp\/v2\/types\/product"}],"replies":[{"embeddable":true,"href":"https:\/\/educaredigital.online\/loja\/wp-json\/wp\/v2\/comments?post=7569"}],"wp:featuredmedia":[{"embeddable":true,"href":"https:\/\/educaredigital.online\/loja\/wp-json\/wp\/v2\/media\/7568"}],"wp:attachment":[{"href":"https:\/\/educaredigital.online\/loja\/wp-json\/wp\/v2\/media?parent=7569"}],"wp:term":[{"taxonomy":"product_brand","embeddable":true,"href":"https:\/\/educaredigital.online\/loja\/wp-json\/wp\/v2\/product_brand?post=7569"},{"taxonomy":"product_cat","embeddable":true,"href":"https:\/\/educaredigital.online\/loja\/wp-json\/wp\/v2\/product_cat?post=7569"},{"taxonomy":"product_tag","embeddable":true,"href":"https:\/\/educaredigital.online\/loja\/wp-json\/wp\/v2\/product_tag?post=7569"}],"curies":[{"name":"wp","href":"https:\/\/api.w.org\/{rel}","templated":true}]}}