{"id":7565,"date":"2026-04-08T20:41:59","date_gmt":"2026-04-08T20:41:59","guid":{"rendered":"https:\/\/educaredigital.online\/loja\/produto\/produto-7\/"},"modified":"2026-04-24T17:17:28","modified_gmt":"2026-04-24T17:17:28","slug":"produto-7","status":"publish","type":"product","link":"https:\/\/educaredigital.online\/loja\/produto\/produto-7\/","title":{"rendered":"Alfabeto sil\u00e1bico &#8211; 180 pe\u00e7as"},"content":{"rendered":"<p><strong>Alfabeto Sil\u00e1bico &#8211; 180 pe\u00e7as<\/strong> O objetivo do brinquedo \u00e9 formar palavras, s\u00edlabas e frases de forma livre e l\u00fadica, permitindo que a crian\u00e7a explore a descoberta de novas palavras, a c\u00f3pia e a escrita, enquanto trabalha a linguagem, o reconhecimento de letras, a coordena\u00e7\u00e3o motora fina, a percep\u00e7\u00e3o visual e o racioc\u00ednio l\u00f3gico . O \u00a0produto \u00e9 amplamente utilizado em casa, escolas e por profissionais como fonoaudi\u00f3logos e psicopedagogos como ferramenta de alfabetiza\u00e7\u00e3o e consci\u00eancia fonol\u00f3gica.<\/p>\n<div class=\"details-table-wrapper\">\n<table class=\"product-details-table\">\n<tbody>\n<tr>\n<td>Marca<\/td>\n<td>Carimbras<\/td>\n<\/tr>\n<tr>\n<td>Material<\/td>\n<td>MDF<\/td>\n<\/tr>\n<tr>\n<td>Faixa Et\u00e1ria<\/td>\n<td>A partir de 3 Anos<\/td>\n<\/tr>\n<\/tbody>\n<\/table>\n<\/div>\n","protected":false},"excerpt":{"rendered":"<p>Alfabeto Sil\u00e1bico &#8211; 180 pe\u00e7as O objetivo do brinquedo \u00e9 formar palavras, s\u00edlabas e frases de forma livre e l\u00fadica, permitindo que a crian\u00e7a explore a descoberta de novas palavras, a c\u00f3pia e a escrita, enquanto trabalha a linguagem, o<\/p>\n","protected":false},"featured_media":7564,"comment_status":"open","ping_status":"closed","template":"","meta":[],"product_brand":[227],"product_cat":[209],"product_tag":[],"class_list":{"0":"post-7565","1":"product","2":"type-product","3":"status-publish","6":"product_brand-carimbras","7":"product_cat-letramento-jogos-e-brinquedos","9":"first","10":"instock","11":"shipping-taxable","12":"purchasable","13":"product-type-simple"},"_links":{"self":[{"href":"https:\/\/educaredigital.online\/loja\/wp-json\/wp\/v2\/product\/7565","targetHints":{"allow":["GET"]}}],"collection":[{"href":"https:\/\/educaredigital.online\/loja\/wp-json\/wp\/v2\/product"}],"about":[{"href":"https:\/\/educaredigital.online\/loja\/wp-json\/wp\/v2\/types\/product"}],"replies":[{"embeddable":true,"href":"https:\/\/educaredigital.online\/loja\/wp-json\/wp\/v2\/comments?post=7565"}],"wp:featuredmedia":[{"embeddable":true,"href":"https:\/\/educaredigital.online\/loja\/wp-json\/wp\/v2\/media\/7564"}],"wp:attachment":[{"href":"https:\/\/educaredigital.online\/loja\/wp-json\/wp\/v2\/media?parent=7565"}],"wp:term":[{"taxonomy":"product_brand","embeddable":true,"href":"https:\/\/educaredigital.online\/loja\/wp-json\/wp\/v2\/product_brand?post=7565"},{"taxonomy":"product_cat","embeddable":true,"href":"https:\/\/educaredigital.online\/loja\/wp-json\/wp\/v2\/product_cat?post=7565"},{"taxonomy":"product_tag","embeddable":true,"href":"https:\/\/educaredigital.online\/loja\/wp-json\/wp\/v2\/product_tag?post=7565"}],"curies":[{"name":"wp","href":"https:\/\/api.w.org\/{rel}","templated":true}]}}