{"id":7563,"date":"2026-04-08T20:41:58","date_gmt":"2026-04-08T20:41:58","guid":{"rendered":"https:\/\/educaredigital.online\/loja\/produto\/produto-6\/"},"modified":"2026-04-24T17:51:26","modified_gmt":"2026-04-24T17:51:26","slug":"produto-6","status":"publish","type":"product","link":"https:\/\/educaredigital.online\/loja\/produto\/produto-6\/","title":{"rendered":"S\u00f3lidos Geom\u00e9tricos"},"content":{"rendered":"<p><strong>S\u00f3lidos Geom\u00e9tricos<\/strong> O objetivo \u00e9 apresentar no\u00e7\u00f5es b\u00e1sicas da geometria, explorando cantos, formas, classifica\u00e7\u00f5es, tamanhos e percep\u00e7\u00e3o visual e t\u00e1til de maneira concreta e l\u00fadica .<\/p>\n<div class=\"details-table-wrapper\">\n<table class=\"product-details-table\">\n<tbody>\n<tr>\n<td>Marca<\/td>\n<td>Carimbras<\/td>\n<\/tr>\n<tr>\n<td>Material<\/td>\n<td>Madeira<\/td>\n<\/tr>\n<tr>\n<td>Faixa Et\u00e1ria<\/td>\n<td>A partir de 3 Anos<\/td>\n<\/tr>\n<\/tbody>\n<\/table>\n<\/div>\n","protected":false},"excerpt":{"rendered":"<p>S\u00f3lidos Geom\u00e9tricos O objetivo \u00e9 apresentar no\u00e7\u00f5es b\u00e1sicas da geometria, explorando cantos, formas, classifica\u00e7\u00f5es, tamanhos e percep\u00e7\u00e3o visual e t\u00e1til de maneira concreta e l\u00fadica . Marca Carimbras Material Madeira Faixa Et\u00e1ria A partir de 3 Anos<\/p>\n","protected":false},"featured_media":7864,"comment_status":"open","ping_status":"closed","template":"","meta":[],"product_brand":[227],"product_cat":[210],"product_tag":[],"class_list":{"0":"post-7563","1":"product","2":"type-product","3":"status-publish","6":"product_brand-carimbras","7":"product_cat-matematica-jogos-e-brinquedos","9":"first","10":"instock","11":"shipping-taxable","12":"purchasable","13":"product-type-simple"},"_links":{"self":[{"href":"https:\/\/educaredigital.online\/loja\/wp-json\/wp\/v2\/product\/7563","targetHints":{"allow":["GET"]}}],"collection":[{"href":"https:\/\/educaredigital.online\/loja\/wp-json\/wp\/v2\/product"}],"about":[{"href":"https:\/\/educaredigital.online\/loja\/wp-json\/wp\/v2\/types\/product"}],"replies":[{"embeddable":true,"href":"https:\/\/educaredigital.online\/loja\/wp-json\/wp\/v2\/comments?post=7563"}],"wp:featuredmedia":[{"embeddable":true,"href":"https:\/\/educaredigital.online\/loja\/wp-json\/wp\/v2\/media\/7864"}],"wp:attachment":[{"href":"https:\/\/educaredigital.online\/loja\/wp-json\/wp\/v2\/media?parent=7563"}],"wp:term":[{"taxonomy":"product_brand","embeddable":true,"href":"https:\/\/educaredigital.online\/loja\/wp-json\/wp\/v2\/product_brand?post=7563"},{"taxonomy":"product_cat","embeddable":true,"href":"https:\/\/educaredigital.online\/loja\/wp-json\/wp\/v2\/product_cat?post=7563"},{"taxonomy":"product_tag","embeddable":true,"href":"https:\/\/educaredigital.online\/loja\/wp-json\/wp\/v2\/product_tag?post=7563"}],"curies":[{"name":"wp","href":"https:\/\/api.w.org\/{rel}","templated":true}]}}