{"id":7562,"date":"2026-04-08T20:41:58","date_gmt":"2026-04-08T20:41:58","guid":{"rendered":"https:\/\/educaredigital.online\/loja\/produto\/produto-5\/"},"modified":"2026-04-24T17:28:32","modified_gmt":"2026-04-24T17:28:32","slug":"produto-5","status":"publish","type":"product","link":"https:\/\/educaredigital.online\/loja\/produto\/produto-5\/","title":{"rendered":"Discos de Fra\u00e7\u00f5es"},"content":{"rendered":"<p><strong>Disco de Fra\u00e7\u00f5es<\/strong> \u00a0As pe\u00e7as representam fra\u00e7\u00f5es de 1 inteiro at\u00e9 1\/10 avos, permitindo que a crian\u00e7a visualize e manipule as partes que comp\u00f5em um todo . Seu principal objetivo \u00e9 ensinar o sistema fracion\u00e1rio e a divis\u00e3o de forma l\u00fadica e concreta, trabalhando o racioc\u00ednio l\u00f3gico e a compreens\u00e3o de quantidades .<\/p>\n<div class=\"details-table-wrapper\">\n<table class=\"product-details-table\">\n<tbody>\n<tr>\n<td>Marca<\/td>\n<td>Carimbras<\/td>\n<\/tr>\n<tr>\n<td>Material<\/td>\n<td>Madeira<\/td>\n<\/tr>\n<tr>\n<td>Faixa Et\u00e1ria<\/td>\n<td>A partir de 3 Anos<\/td>\n<\/tr>\n<\/tbody>\n<\/table>\n<\/div>\n","protected":false},"excerpt":{"rendered":"<p>Disco de Fra\u00e7\u00f5es \u00a0As pe\u00e7as representam fra\u00e7\u00f5es de 1 inteiro at\u00e9 1\/10 avos, permitindo que a crian\u00e7a visualize e manipule as partes que comp\u00f5em um todo . Seu principal objetivo \u00e9 ensinar o sistema fracion\u00e1rio e a divis\u00e3o de forma<\/p>\n","protected":false},"featured_media":7561,"comment_status":"open","ping_status":"closed","template":"","meta":[],"product_brand":[227],"product_cat":[210],"product_tag":[],"class_list":{"0":"post-7562","1":"product","2":"type-product","3":"status-publish","6":"product_brand-carimbras","7":"product_cat-matematica-jogos-e-brinquedos","9":"first","10":"instock","11":"shipping-taxable","12":"purchasable","13":"product-type-simple"},"_links":{"self":[{"href":"https:\/\/educaredigital.online\/loja\/wp-json\/wp\/v2\/product\/7562","targetHints":{"allow":["GET"]}}],"collection":[{"href":"https:\/\/educaredigital.online\/loja\/wp-json\/wp\/v2\/product"}],"about":[{"href":"https:\/\/educaredigital.online\/loja\/wp-json\/wp\/v2\/types\/product"}],"replies":[{"embeddable":true,"href":"https:\/\/educaredigital.online\/loja\/wp-json\/wp\/v2\/comments?post=7562"}],"wp:featuredmedia":[{"embeddable":true,"href":"https:\/\/educaredigital.online\/loja\/wp-json\/wp\/v2\/media\/7561"}],"wp:attachment":[{"href":"https:\/\/educaredigital.online\/loja\/wp-json\/wp\/v2\/media?parent=7562"}],"wp:term":[{"taxonomy":"product_brand","embeddable":true,"href":"https:\/\/educaredigital.online\/loja\/wp-json\/wp\/v2\/product_brand?post=7562"},{"taxonomy":"product_cat","embeddable":true,"href":"https:\/\/educaredigital.online\/loja\/wp-json\/wp\/v2\/product_cat?post=7562"},{"taxonomy":"product_tag","embeddable":true,"href":"https:\/\/educaredigital.online\/loja\/wp-json\/wp\/v2\/product_tag?post=7562"}],"curies":[{"name":"wp","href":"https:\/\/api.w.org\/{rel}","templated":true}]}}