{"id":7558,"date":"2026-04-08T20:41:54","date_gmt":"2026-04-08T20:41:54","guid":{"rendered":"https:\/\/educaredigital.online\/loja\/produto\/produto-3\/"},"modified":"2026-04-24T20:52:56","modified_gmt":"2026-04-24T20:52:56","slug":"produto-3","status":"publish","type":"product","link":"https:\/\/educaredigital.online\/loja\/produto\/produto-3\/","title":{"rendered":"Plug Animais- Peixe"},"content":{"rendered":"<div class=\"ds-message _63c77b1\">\n<div class=\"ds-markdown\">\n<p class=\"ds-markdown-paragraph\"><strong>Plug Animais &#8211; Peixe<\/strong> \u00a0Cada pe\u00e7a representa uma parte do corpo do animal (cabe\u00e7a, nadadeiras, tronco e cauda), facilitando a compreens\u00e3o da anatomia de forma simplificada. O objetivo \u00e9 montar a figura corretamente encaixando as partes na base, ou tamb\u00e9m pode ser usado para estampar em papel com tinta guache,\u00a0trabalha o reconhecimento de formas e partes do corpo, a coordena\u00e7\u00e3o motora fina e a percep\u00e7\u00e3o visual.<\/p>\n<div class=\"details-table-wrapper\">\n<table class=\"product-details-table\">\n<tbody>\n<tr>\n<td>Marca<\/td>\n<td>Carimbras<\/td>\n<\/tr>\n<tr>\n<td>Material<\/td>\n<td>MDF<\/td>\n<\/tr>\n<tr>\n<td>Faixa Et\u00e1ria<\/td>\n<td>A partir de 3 Anos<\/td>\n<\/tr>\n<\/tbody>\n<\/table>\n<\/div>\n<\/div>\n<\/div>\n","protected":false},"excerpt":{"rendered":"<p>Plug Animais &#8211; Peixe \u00a0Cada pe\u00e7a representa uma parte do corpo do animal (cabe\u00e7a, nadadeiras, tronco e cauda), facilitando a compreens\u00e3o da anatomia de forma simplificada. O objetivo \u00e9 montar a figura corretamente encaixando as partes na base, ou tamb\u00e9m<\/p>\n","protected":false},"featured_media":7557,"comment_status":"open","ping_status":"closed","template":"","meta":[],"product_brand":[227],"product_cat":[15,211],"product_tag":[],"class_list":{"0":"post-7558","1":"product","2":"type-product","3":"status-publish","6":"product_brand-carimbras","7":"product_cat-livros","8":"product_cat-psicomotricidade-jogos-e-brinquedos","10":"first","11":"instock","12":"shipping-taxable","13":"purchasable","14":"product-type-simple"},"_links":{"self":[{"href":"https:\/\/educaredigital.online\/loja\/wp-json\/wp\/v2\/product\/7558","targetHints":{"allow":["GET"]}}],"collection":[{"href":"https:\/\/educaredigital.online\/loja\/wp-json\/wp\/v2\/product"}],"about":[{"href":"https:\/\/educaredigital.online\/loja\/wp-json\/wp\/v2\/types\/product"}],"replies":[{"embeddable":true,"href":"https:\/\/educaredigital.online\/loja\/wp-json\/wp\/v2\/comments?post=7558"}],"wp:featuredmedia":[{"embeddable":true,"href":"https:\/\/educaredigital.online\/loja\/wp-json\/wp\/v2\/media\/7557"}],"wp:attachment":[{"href":"https:\/\/educaredigital.online\/loja\/wp-json\/wp\/v2\/media?parent=7558"}],"wp:term":[{"taxonomy":"product_brand","embeddable":true,"href":"https:\/\/educaredigital.online\/loja\/wp-json\/wp\/v2\/product_brand?post=7558"},{"taxonomy":"product_cat","embeddable":true,"href":"https:\/\/educaredigital.online\/loja\/wp-json\/wp\/v2\/product_cat?post=7558"},{"taxonomy":"product_tag","embeddable":true,"href":"https:\/\/educaredigital.online\/loja\/wp-json\/wp\/v2\/product_tag?post=7558"}],"curies":[{"name":"wp","href":"https:\/\/api.w.org\/{rel}","templated":true}]}}