{"id":7556,"date":"2026-04-08T20:41:52","date_gmt":"2026-04-08T20:41:52","guid":{"rendered":"https:\/\/educaredigital.online\/loja\/produto\/produto-2\/"},"modified":"2026-04-24T17:50:40","modified_gmt":"2026-04-24T17:50:40","slug":"produto-2","status":"publish","type":"product","link":"https:\/\/educaredigital.online\/loja\/produto\/produto-2\/","title":{"rendered":"Puzzle Congnitivo"},"content":{"rendered":"<div class=\"ds-message _63c77b1\">\n<div class=\"ds-markdown\">\n<p class=\"ds-markdown-paragraph\"><strong>Puzzle Cognitivo<\/strong> \u00e9 um brinquedo educativo em madeira composto por uma base e diversas pe\u00e7as coloridas com letras, n\u00fameros e formas geom\u00e9tricas. O objetivo \u00e9 estimular a coordena\u00e7\u00e3o motora, o reconhecimento do alfabeto (letras), dos numerais e das formas, al\u00e9m da aten\u00e7\u00e3o e da criatividade, auxiliando no processo de alfabetiza\u00e7\u00e3o e no desenvolvimento cognitivo. A crian\u00e7a pode reproduzir modelos propostos ou criar livremente suas pr\u00f3prias composi\u00e7\u00f5es, combinando n\u00fameros, letras e figuras como a borboleta ilustrada na embalagem, o produto trabalha o racioc\u00ednio l\u00f3gico, a percep\u00e7\u00e3o visual e a associa\u00e7\u00e3o de s\u00edmbolos de forma l\u00fadica e interativa.<\/p>\n<div class=\"details-table-wrapper\">\n<table class=\"product-details-table\">\n<tbody>\n<tr>\n<td>Marca<\/td>\n<td>Carimbras<\/td>\n<\/tr>\n<tr>\n<td>Material<\/td>\n<td>MDF<\/td>\n<\/tr>\n<tr>\n<td>Faixa Et\u00e1ria<\/td>\n<td>A partir de 3 Anos<\/td>\n<\/tr>\n<\/tbody>\n<\/table>\n<\/div>\n<\/div>\n<\/div>\n","protected":false},"excerpt":{"rendered":"<p>Puzzle Cognitivo \u00e9 um brinquedo educativo em madeira composto por uma base e diversas pe\u00e7as coloridas com letras, n\u00fameros e formas geom\u00e9tricas. O objetivo \u00e9 estimular a coordena\u00e7\u00e3o motora, o reconhecimento do alfabeto (letras), dos numerais e das formas, al\u00e9m<\/p>\n","protected":false},"featured_media":7555,"comment_status":"open","ping_status":"closed","template":"","meta":[],"product_brand":[227],"product_cat":[211],"product_tag":[],"class_list":{"0":"post-7556","1":"product","2":"type-product","3":"status-publish","6":"product_brand-carimbras","7":"product_cat-psicomotricidade-jogos-e-brinquedos","9":"first","10":"instock","11":"shipping-taxable","12":"purchasable","13":"product-type-simple"},"_links":{"self":[{"href":"https:\/\/educaredigital.online\/loja\/wp-json\/wp\/v2\/product\/7556","targetHints":{"allow":["GET"]}}],"collection":[{"href":"https:\/\/educaredigital.online\/loja\/wp-json\/wp\/v2\/product"}],"about":[{"href":"https:\/\/educaredigital.online\/loja\/wp-json\/wp\/v2\/types\/product"}],"replies":[{"embeddable":true,"href":"https:\/\/educaredigital.online\/loja\/wp-json\/wp\/v2\/comments?post=7556"}],"wp:featuredmedia":[{"embeddable":true,"href":"https:\/\/educaredigital.online\/loja\/wp-json\/wp\/v2\/media\/7555"}],"wp:attachment":[{"href":"https:\/\/educaredigital.online\/loja\/wp-json\/wp\/v2\/media?parent=7556"}],"wp:term":[{"taxonomy":"product_brand","embeddable":true,"href":"https:\/\/educaredigital.online\/loja\/wp-json\/wp\/v2\/product_brand?post=7556"},{"taxonomy":"product_cat","embeddable":true,"href":"https:\/\/educaredigital.online\/loja\/wp-json\/wp\/v2\/product_cat?post=7556"},{"taxonomy":"product_tag","embeddable":true,"href":"https:\/\/educaredigital.online\/loja\/wp-json\/wp\/v2\/product_tag?post=7556"}],"curies":[{"name":"wp","href":"https:\/\/api.w.org\/{rel}","templated":true}]}}