{"id":7222,"date":"2026-04-08T14:10:40","date_gmt":"2026-04-08T14:10:40","guid":{"rendered":"https:\/\/educaredigital.online\/loja\/?post_type=product&#038;p=7222"},"modified":"2026-04-09T15:04:26","modified_gmt":"2026-04-09T15:04:26","slug":"paradidaticos-n3-obrigado-mamae","status":"publish","type":"product","link":"https:\/\/educaredigital.online\/loja\/produto\/paradidaticos-n3-obrigado-mamae\/","title":{"rendered":"Paradid\u00e1ticos &#8211; N3: Obrigado, Mam\u00e3e!"},"content":{"rendered":"<div class=\"details-table-wrapper\">\n<p><strong>Obrigado, Mam\u00e3e!<\/strong> \u00e9 uma leitura encantadora que celebra o amor, o carinho e a import\u00e2ncia da figura materna na vida das crian\u00e7as. Com uma narrativa simples e envolvente, a hist\u00f3ria transmite valores como gratid\u00e3o, afeto e respeito.<\/p>\n<p>Indicado para o N\u00edvel 3 de leitura, o livro apresenta um texto um pouco mais elaborado, ajudando no desenvolvimento da flu\u00eancia e da compreens\u00e3o leitora. Com ilustra\u00e7\u00f5es atrativas, \u00e9 uma excelente op\u00e7\u00e3o para apoiar o processo de alfabetiza\u00e7\u00e3o e proporcionar momentos de leitura cheios de emo\u00e7\u00e3o e significado.<\/p>\n<table class=\"product-details-table\">\n<tbody>\n<tr>\n<td>Autor<\/td>\n<td>Tapasi De, Ruth Marschalek e Gani Ahemad<\/td>\n<\/tr>\n<tr>\n<td>ISBN<\/td>\n<td>9788537632840<\/td>\n<\/tr>\n<tr>\n<td>Editora<\/td>\n<td>Todolivro<\/td>\n<\/tr>\n<tr>\n<td>N\u00ba de p\u00e1ginas<\/td>\n<td>38<\/td>\n<\/tr>\n<\/tbody>\n<\/table>\n<\/div>\n","protected":false},"excerpt":{"rendered":"<p>Obrigado, Mam\u00e3e! \u00e9 uma leitura encantadora que celebra o amor, o carinho e a import\u00e2ncia da figura materna na vida das crian\u00e7as. Com uma narrativa simples e envolvente, a hist\u00f3ria transmite valores como gratid\u00e3o, afeto e respeito. Indicado para o<\/p>\n","protected":false},"featured_media":7235,"comment_status":"open","ping_status":"closed","template":"","meta":[],"product_brand":[],"product_cat":[202],"product_tag":[],"class_list":{"0":"post-7222","1":"product","2":"type-product","3":"status-publish","6":"product_cat-fundamental1-1ao3","8":"first","9":"instock","10":"shipping-taxable","11":"purchasable","12":"product-type-simple"},"_links":{"self":[{"href":"https:\/\/educaredigital.online\/loja\/wp-json\/wp\/v2\/product\/7222","targetHints":{"allow":["GET"]}}],"collection":[{"href":"https:\/\/educaredigital.online\/loja\/wp-json\/wp\/v2\/product"}],"about":[{"href":"https:\/\/educaredigital.online\/loja\/wp-json\/wp\/v2\/types\/product"}],"replies":[{"embeddable":true,"href":"https:\/\/educaredigital.online\/loja\/wp-json\/wp\/v2\/comments?post=7222"}],"wp:featuredmedia":[{"embeddable":true,"href":"https:\/\/educaredigital.online\/loja\/wp-json\/wp\/v2\/media\/7235"}],"wp:attachment":[{"href":"https:\/\/educaredigital.online\/loja\/wp-json\/wp\/v2\/media?parent=7222"}],"wp:term":[{"taxonomy":"product_brand","embeddable":true,"href":"https:\/\/educaredigital.online\/loja\/wp-json\/wp\/v2\/product_brand?post=7222"},{"taxonomy":"product_cat","embeddable":true,"href":"https:\/\/educaredigital.online\/loja\/wp-json\/wp\/v2\/product_cat?post=7222"},{"taxonomy":"product_tag","embeddable":true,"href":"https:\/\/educaredigital.online\/loja\/wp-json\/wp\/v2\/product_tag?post=7222"}],"curies":[{"name":"wp","href":"https:\/\/api.w.org\/{rel}","templated":true}]}}