{"id":7220,"date":"2026-04-08T14:06:00","date_gmt":"2026-04-08T14:06:00","guid":{"rendered":"https:\/\/educaredigital.online\/loja\/produto\/valoreds-que-a-biblia-ensina\/"},"modified":"2026-04-09T14:18:01","modified_gmt":"2026-04-09T14:18:01","slug":"valoreds-que-a-biblia-ensina","status":"publish","type":"product","link":"https:\/\/educaredigital.online\/loja\/produto\/valoreds-que-a-biblia-ensina\/","title":{"rendered":"Valores Que A B\u00edblia Ensina"},"content":{"rendered":"<p><strong>Valores Que a B\u00edblia Ensina<\/strong> \u00e9 um guia pr\u00e1tico para formar o car\u00e1ter das novas gera\u00e7\u00f5es com princ\u00edpios b\u00edblicos s\u00f3lidos. Com 97 p\u00e1ginas e capa almofadada, o livro traz hist\u00f3rias inspiradoras e atividades divertidas.<\/p>\n<p>Ideal para pais e educadores, a obra ensina valores como amor, respeito, honestidade e gratid\u00e3o. Cada hist\u00f3ria apresenta exemplos de vida para seguir, ajudando os pequenos a crescer com f\u00e9 e esperan\u00e7a em meio a uma sociedade marcada pela crise de valores.<\/p>\n<div class=\"details-table-wrapper\">\n<table class=\"product-details-table\">\n<tbody>\n<tr>\n<td>Autor<\/td>\n<td>Ediciones Daly S.L.<\/td>\n<\/tr>\n<tr>\n<td>Tradutor<\/td>\n<td>Paulina M.G. Meisen<\/td>\n<\/tr>\n<tr>\n<td>ISBN<\/td>\n<td>9788537643785<\/td>\n<\/tr>\n<tr>\n<td>Editora<\/td>\n<td>SBN<\/td>\n<\/tr>\n<tr>\n<td>N\u00ba de p\u00e1ginas<\/td>\n<td>97<\/td>\n<\/tr>\n<\/tbody>\n<\/table>\n<\/div>\n","protected":false},"excerpt":{"rendered":"<p>Valores Que a B\u00edblia Ensina \u00e9 um guia pr\u00e1tico para formar o car\u00e1ter das novas gera\u00e7\u00f5es com princ\u00edpios b\u00edblicos s\u00f3lidos. Com 97 p\u00e1ginas e capa almofadada, o livro traz hist\u00f3rias inspiradoras e atividades divertidas. Ideal para pais e educadores, a<\/p>\n","protected":false},"featured_media":7219,"comment_status":"open","ping_status":"closed","template":"","meta":[],"product_brand":[],"product_cat":[202],"product_tag":[],"class_list":{"0":"post-7220","1":"product","2":"type-product","3":"status-publish","6":"product_cat-fundamental1-1ao3","8":"first","9":"instock","10":"shipping-taxable","11":"purchasable","12":"product-type-simple"},"_links":{"self":[{"href":"https:\/\/educaredigital.online\/loja\/wp-json\/wp\/v2\/product\/7220","targetHints":{"allow":["GET"]}}],"collection":[{"href":"https:\/\/educaredigital.online\/loja\/wp-json\/wp\/v2\/product"}],"about":[{"href":"https:\/\/educaredigital.online\/loja\/wp-json\/wp\/v2\/types\/product"}],"replies":[{"embeddable":true,"href":"https:\/\/educaredigital.online\/loja\/wp-json\/wp\/v2\/comments?post=7220"}],"wp:featuredmedia":[{"embeddable":true,"href":"https:\/\/educaredigital.online\/loja\/wp-json\/wp\/v2\/media\/7219"}],"wp:attachment":[{"href":"https:\/\/educaredigital.online\/loja\/wp-json\/wp\/v2\/media?parent=7220"}],"wp:term":[{"taxonomy":"product_brand","embeddable":true,"href":"https:\/\/educaredigital.online\/loja\/wp-json\/wp\/v2\/product_brand?post=7220"},{"taxonomy":"product_cat","embeddable":true,"href":"https:\/\/educaredigital.online\/loja\/wp-json\/wp\/v2\/product_cat?post=7220"},{"taxonomy":"product_tag","embeddable":true,"href":"https:\/\/educaredigital.online\/loja\/wp-json\/wp\/v2\/product_tag?post=7220"}],"curies":[{"name":"wp","href":"https:\/\/api.w.org\/{rel}","templated":true}]}}