{"id":7218,"date":"2026-04-08T14:05:55","date_gmt":"2026-04-08T14:05:55","guid":{"rendered":"https:\/\/educaredigital.online\/loja\/produto\/colecao-classicos-inesqueciveis-10-livros\/"},"modified":"2026-04-09T14:07:39","modified_gmt":"2026-04-09T14:07:39","slug":"colecao-classicos-inesqueciveis-10-livros","status":"publish","type":"product","link":"https:\/\/educaredigital.online\/loja\/produto\/colecao-classicos-inesqueciveis-10-livros\/","title":{"rendered":"Cole\u00e7\u00e3o: Cl\u00e1ssicos Inesquec\u00edveis"},"content":{"rendered":"<p><strong>A Cole\u00e7\u00e3o Cl\u00e1ssicos Inesquec\u00edveis &#8211; Caixa com 10 Livros<\/strong>, da editora Todolivro, re\u00fane vers\u00f5es adaptadas e ilustradas das hist\u00f3rias mais famosas da literatura mundial.<\/p>\n<p>Com linguagem acess\u00edvel, a cole\u00e7\u00e3o desperta o interesse pela leitura e \u00e9 ideal para uso escolar ou como presente educativo.<\/p>\n<div class=\"details-table-wrapper\">\n<table class=\"product-details-table\">\n<tbody>\n<tr>\n<td>Autor<\/td>\n<td>Roberto Marques Cristina &amp; Belli<\/td>\n<\/tr>\n<tr>\n<td>Ilustrador(a)<\/td>\n<td>Belli Studio<\/td>\n<\/tr>\n<tr>\n<td>ISBN<\/td>\n<td>9788573984408<\/td>\n<\/tr>\n<tr>\n<td>Editora<\/td>\n<td>Todolivro<\/td>\n<\/tr>\n<tr>\n<td>10 t\u00edtulos<\/td>\n<td>A Pequena Sereia, Bambi, Branca de Neve, Chapeuzinho Vermelho, Jo\u00e3o e o P\u00e9 de Feij\u00e3o, O M\u00e1gico de Oz, O Patinho Feio, Os Tr\u00eas Porquinhos, Peter Pan &amp; Pin\u00f3quio<\/td>\n<\/tr>\n<\/tbody>\n<\/table>\n<\/div>\n","protected":false},"excerpt":{"rendered":"<p>A Cole\u00e7\u00e3o Cl\u00e1ssicos Inesquec\u00edveis &#8211; Caixa com 10 Livros, da editora Todolivro, re\u00fane vers\u00f5es adaptadas e ilustradas das hist\u00f3rias mais famosas da literatura mundial. Com linguagem acess\u00edvel, a cole\u00e7\u00e3o desperta o interesse pela leitura e \u00e9 ideal para uso escolar<\/p>\n","protected":false},"featured_media":7217,"comment_status":"open","ping_status":"closed","template":"","meta":[],"product_brand":[],"product_cat":[202],"product_tag":[],"class_list":{"0":"post-7218","1":"product","2":"type-product","3":"status-publish","6":"product_cat-fundamental1-1ao3","8":"first","9":"instock","10":"shipping-taxable","11":"purchasable","12":"product-type-simple"},"_links":{"self":[{"href":"https:\/\/educaredigital.online\/loja\/wp-json\/wp\/v2\/product\/7218","targetHints":{"allow":["GET"]}}],"collection":[{"href":"https:\/\/educaredigital.online\/loja\/wp-json\/wp\/v2\/product"}],"about":[{"href":"https:\/\/educaredigital.online\/loja\/wp-json\/wp\/v2\/types\/product"}],"replies":[{"embeddable":true,"href":"https:\/\/educaredigital.online\/loja\/wp-json\/wp\/v2\/comments?post=7218"}],"wp:featuredmedia":[{"embeddable":true,"href":"https:\/\/educaredigital.online\/loja\/wp-json\/wp\/v2\/media\/7217"}],"wp:attachment":[{"href":"https:\/\/educaredigital.online\/loja\/wp-json\/wp\/v2\/media?parent=7218"}],"wp:term":[{"taxonomy":"product_brand","embeddable":true,"href":"https:\/\/educaredigital.online\/loja\/wp-json\/wp\/v2\/product_brand?post=7218"},{"taxonomy":"product_cat","embeddable":true,"href":"https:\/\/educaredigital.online\/loja\/wp-json\/wp\/v2\/product_cat?post=7218"},{"taxonomy":"product_tag","embeddable":true,"href":"https:\/\/educaredigital.online\/loja\/wp-json\/wp\/v2\/product_tag?post=7218"}],"curies":[{"name":"wp","href":"https:\/\/api.w.org\/{rel}","templated":true}]}}