{"id":7216,"date":"2026-04-08T14:05:54","date_gmt":"2026-04-08T14:05:54","guid":{"rendered":"https:\/\/educaredigital.online\/loja\/produto\/sentimentos-o-sapo-que-desejava-as-alturas-amizade\/"},"modified":"2026-04-09T13:17:30","modified_gmt":"2026-04-09T13:17:30","slug":"sentimentos-o-sapo-que-desejava-as-alturas-amizade","status":"publish","type":"product","link":"https:\/\/educaredigital.online\/loja\/produto\/sentimentos-o-sapo-que-desejava-as-alturas-amizade\/","title":{"rendered":"Sentimentos: O Sapo Que Desejava As Alturas (Amizade)"},"content":{"rendered":"<div class=\"details-table-wrapper\">\n<p><strong>Sentimentos: O Sapo Que Desejava As Alturas (Amizade)<\/strong> conta a hist\u00f3ria de um sapo que desejava alcan\u00e7ar as alturas e, ao longo de sua jornada, descobre o verdadeiro significado da amizade. Ele aprende que ter amigos \u00e9 essencial para vencer os desafios da vida.<\/p>\n<p>O livro faz parte da cole\u00e7\u00e3o Sentimentos da Todolivro e aborda a amizade de forma l\u00fadica. Indicado para crian\u00e7as a partir de 4 anos, ensina que os verdadeiros amigos est\u00e3o ao nosso lado nos momentos bons e ruins.<\/p>\n<table class=\"product-details-table\">\n<tbody>\n<tr>\n<td>Autor<\/td>\n<td>Roberto Belli<\/td>\n<\/tr>\n<tr>\n<td>ISBN<\/td>\n<td>9788573899351<\/td>\n<\/tr>\n<tr>\n<td>Editora<\/td>\n<td>Todolivro<\/td>\n<\/tr>\n<tr>\n<td>N\u00ba de p\u00e1ginas<\/td>\n<td>22<\/td>\n<\/tr>\n<\/tbody>\n<\/table>\n<\/div>\n","protected":false},"excerpt":{"rendered":"<p>Sentimentos: O Sapo Que Desejava As Alturas (Amizade) conta a hist\u00f3ria de um sapo que desejava alcan\u00e7ar as alturas e, ao longo de sua jornada, descobre o verdadeiro significado da amizade. Ele aprende que ter amigos \u00e9 essencial para vencer<\/p>\n","protected":false},"featured_media":7215,"comment_status":"open","ping_status":"closed","template":"","meta":[],"product_brand":[],"product_cat":[202],"product_tag":[],"class_list":{"0":"post-7216","1":"product","2":"type-product","3":"status-publish","6":"product_cat-fundamental1-1ao3","8":"first","9":"instock","10":"shipping-taxable","11":"purchasable","12":"product-type-simple"},"_links":{"self":[{"href":"https:\/\/educaredigital.online\/loja\/wp-json\/wp\/v2\/product\/7216","targetHints":{"allow":["GET"]}}],"collection":[{"href":"https:\/\/educaredigital.online\/loja\/wp-json\/wp\/v2\/product"}],"about":[{"href":"https:\/\/educaredigital.online\/loja\/wp-json\/wp\/v2\/types\/product"}],"replies":[{"embeddable":true,"href":"https:\/\/educaredigital.online\/loja\/wp-json\/wp\/v2\/comments?post=7216"}],"wp:featuredmedia":[{"embeddable":true,"href":"https:\/\/educaredigital.online\/loja\/wp-json\/wp\/v2\/media\/7215"}],"wp:attachment":[{"href":"https:\/\/educaredigital.online\/loja\/wp-json\/wp\/v2\/media?parent=7216"}],"wp:term":[{"taxonomy":"product_brand","embeddable":true,"href":"https:\/\/educaredigital.online\/loja\/wp-json\/wp\/v2\/product_brand?post=7216"},{"taxonomy":"product_cat","embeddable":true,"href":"https:\/\/educaredigital.online\/loja\/wp-json\/wp\/v2\/product_cat?post=7216"},{"taxonomy":"product_tag","embeddable":true,"href":"https:\/\/educaredigital.online\/loja\/wp-json\/wp\/v2\/product_tag?post=7216"}],"curies":[{"name":"wp","href":"https:\/\/api.w.org\/{rel}","templated":true}]}}