{"id":7211,"date":"2026-04-08T14:05:05","date_gmt":"2026-04-08T14:05:05","guid":{"rendered":"https:\/\/educaredigital.online\/loja\/produto\/sentimentos-o-pinguim-que-gostava-do-calor-solidariedade\/"},"modified":"2026-04-09T13:16:20","modified_gmt":"2026-04-09T13:16:20","slug":"sentimentos-o-pinguim-que-gostava-do-calor-solidariedade","status":"publish","type":"product","link":"https:\/\/educaredigital.online\/loja\/produto\/sentimentos-o-pinguim-que-gostava-do-calor-solidariedade\/","title":{"rendered":"Sentimentos: O Pinguim Que Gostava do Calor (Solidariedade)"},"content":{"rendered":"<div class=\"details-table-wrapper\">\n<p class=\"ds-markdown-paragraph\"><strong>Sentimentos: O Pinguim Que Gostava do Calor<\/strong> conta a hist\u00f3ria de Gusm\u00e3o, um pinguim solid\u00e1rio que acredita que todos devem ser amigos e dividir a geleira. Ele ensina a import\u00e2ncia de compartilhar e fazer amigos, independentemente de qual &#8220;lado&#8221; da ilha cada um vive.<\/p>\n<p class=\"ds-markdown-paragraph\">O livro faz parte da cole\u00e7\u00e3o Sentimentos da Todolivro e aborda a\u00a0<strong>solidariedade<\/strong> de forma l\u00fadica\u00a0. A obra mostra que ajudar o pr\u00f3ximo e estar aberto \u00e0s diferen\u00e7as s\u00e3o atitudes que aproximam as pessoas e evitam conflitos.<\/p>\n<table class=\"product-details-table\">\n<tbody>\n<tr>\n<td>Autor<\/td>\n<td>Roberto Belli<\/td>\n<\/tr>\n<tr>\n<td>ISBN<\/td>\n<td>9788573899382<\/td>\n<\/tr>\n<tr>\n<td>Editora<\/td>\n<td>Todolivro<\/td>\n<\/tr>\n<tr>\n<td>N\u00ba de p\u00e1ginas<\/td>\n<td>22<\/td>\n<\/tr>\n<\/tbody>\n<\/table>\n<\/div>\n","protected":false},"excerpt":{"rendered":"<p>Sentimentos: O Pinguim Que Gostava do Calor conta a hist\u00f3ria de Gusm\u00e3o, um pinguim solid\u00e1rio que acredita que todos devem ser amigos e dividir a geleira. Ele ensina a import\u00e2ncia de compartilhar e fazer amigos, independentemente de qual &#8220;lado&#8221; da<\/p>\n","protected":false},"featured_media":7210,"comment_status":"open","ping_status":"closed","template":"","meta":[],"product_brand":[],"product_cat":[202],"product_tag":[],"class_list":{"0":"post-7211","1":"product","2":"type-product","3":"status-publish","6":"product_cat-fundamental1-1ao3","8":"first","9":"instock","10":"shipping-taxable","11":"purchasable","12":"product-type-simple"},"_links":{"self":[{"href":"https:\/\/educaredigital.online\/loja\/wp-json\/wp\/v2\/product\/7211","targetHints":{"allow":["GET"]}}],"collection":[{"href":"https:\/\/educaredigital.online\/loja\/wp-json\/wp\/v2\/product"}],"about":[{"href":"https:\/\/educaredigital.online\/loja\/wp-json\/wp\/v2\/types\/product"}],"replies":[{"embeddable":true,"href":"https:\/\/educaredigital.online\/loja\/wp-json\/wp\/v2\/comments?post=7211"}],"wp:featuredmedia":[{"embeddable":true,"href":"https:\/\/educaredigital.online\/loja\/wp-json\/wp\/v2\/media\/7210"}],"wp:attachment":[{"href":"https:\/\/educaredigital.online\/loja\/wp-json\/wp\/v2\/media?parent=7211"}],"wp:term":[{"taxonomy":"product_brand","embeddable":true,"href":"https:\/\/educaredigital.online\/loja\/wp-json\/wp\/v2\/product_brand?post=7211"},{"taxonomy":"product_cat","embeddable":true,"href":"https:\/\/educaredigital.online\/loja\/wp-json\/wp\/v2\/product_cat?post=7211"},{"taxonomy":"product_tag","embeddable":true,"href":"https:\/\/educaredigital.online\/loja\/wp-json\/wp\/v2\/product_tag?post=7211"}],"curies":[{"name":"wp","href":"https:\/\/api.w.org\/{rel}","templated":true}]}}