{"id":7207,"date":"2026-04-08T14:04:56","date_gmt":"2026-04-08T14:04:56","guid":{"rendered":"https:\/\/educaredigital.online\/loja\/produto\/sentimentos-a-girafa-que-queria-ter-sucesso-presuncao\/"},"modified":"2026-04-09T13:15:00","modified_gmt":"2026-04-09T13:15:00","slug":"sentimentos-a-girafa-que-queria-ter-sucesso-presuncao","status":"publish","type":"product","link":"https:\/\/educaredigital.online\/loja\/produto\/sentimentos-a-girafa-que-queria-ter-sucesso-presuncao\/","title":{"rendered":"Sentimentos: A Girafa Que Queria Ter Sucesso (Presunc\u00e3o)"},"content":{"rendered":"<div class=\"details-table-wrapper\">\n<p><strong>Sentimentos: A Girafa Que Queria Ter Sucesso<\/strong> conta a hist\u00f3ria da girafa Amanda, que decide alcan\u00e7ar sucesso usando recursos inadequados. Pretensiosa, ela n\u00e3o hesita em mentir e inventar hist\u00f3rias para conseguir seus objetivos.<\/p>\n<p>Ap\u00f3s levar um grande susto, ela reflete sobre a vantagem de agir com honestidade e humildade. A obra ensina que a presun\u00e7\u00e3o afasta as pessoas, enquanto as virtudes aproximam e reconquistam o respeito dos companheiros.<\/p>\n<table class=\"product-details-table\">\n<tbody>\n<tr>\n<td>Autor<\/td>\n<td>Roberto Belli<\/td>\n<\/tr>\n<tr>\n<td>ISBN<\/td>\n<td>9788573898491<\/td>\n<\/tr>\n<tr>\n<td>Editora<\/td>\n<td>Todolivro<\/td>\n<\/tr>\n<tr>\n<td>N\u00ba de p\u00e1ginas<\/td>\n<td>22<\/td>\n<\/tr>\n<\/tbody>\n<\/table>\n<\/div>\n","protected":false},"excerpt":{"rendered":"<p>Sentimentos: A Girafa Que Queria Ter Sucesso conta a hist\u00f3ria da girafa Amanda, que decide alcan\u00e7ar sucesso usando recursos inadequados. Pretensiosa, ela n\u00e3o hesita em mentir e inventar hist\u00f3rias para conseguir seus objetivos. Ap\u00f3s levar um grande susto, ela reflete<\/p>\n","protected":false},"featured_media":7206,"comment_status":"open","ping_status":"closed","template":"","meta":[],"product_brand":[],"product_cat":[202],"product_tag":[],"class_list":{"0":"post-7207","1":"product","2":"type-product","3":"status-publish","6":"product_cat-fundamental1-1ao3","8":"first","9":"instock","10":"shipping-taxable","11":"purchasable","12":"product-type-simple"},"_links":{"self":[{"href":"https:\/\/educaredigital.online\/loja\/wp-json\/wp\/v2\/product\/7207","targetHints":{"allow":["GET"]}}],"collection":[{"href":"https:\/\/educaredigital.online\/loja\/wp-json\/wp\/v2\/product"}],"about":[{"href":"https:\/\/educaredigital.online\/loja\/wp-json\/wp\/v2\/types\/product"}],"replies":[{"embeddable":true,"href":"https:\/\/educaredigital.online\/loja\/wp-json\/wp\/v2\/comments?post=7207"}],"wp:featuredmedia":[{"embeddable":true,"href":"https:\/\/educaredigital.online\/loja\/wp-json\/wp\/v2\/media\/7206"}],"wp:attachment":[{"href":"https:\/\/educaredigital.online\/loja\/wp-json\/wp\/v2\/media?parent=7207"}],"wp:term":[{"taxonomy":"product_brand","embeddable":true,"href":"https:\/\/educaredigital.online\/loja\/wp-json\/wp\/v2\/product_brand?post=7207"},{"taxonomy":"product_cat","embeddable":true,"href":"https:\/\/educaredigital.online\/loja\/wp-json\/wp\/v2\/product_cat?post=7207"},{"taxonomy":"product_tag","embeddable":true,"href":"https:\/\/educaredigital.online\/loja\/wp-json\/wp\/v2\/product_tag?post=7207"}],"curies":[{"name":"wp","href":"https:\/\/api.w.org\/{rel}","templated":true}]}}