{"id":7205,"date":"2026-04-08T14:04:51","date_gmt":"2026-04-08T14:04:51","guid":{"rendered":"https:\/\/educaredigital.online\/loja\/produto\/sentimentos-o-elefante-que-queria-tudo-egoismo\/"},"modified":"2026-04-09T13:14:24","modified_gmt":"2026-04-09T13:14:24","slug":"sentimentos-o-elefante-que-queria-tudo-egoismo","status":"publish","type":"product","link":"https:\/\/educaredigital.online\/loja\/produto\/sentimentos-o-elefante-que-queria-tudo-egoismo\/","title":{"rendered":"Sentimentos: O Elefante Que Queria Tudo (Ego\u00edsmo)"},"content":{"rendered":"<div class=\"details-table-wrapper\">\n<p><strong>Sentimentos: O Elefante Que Queria Tudo<\/strong> conta a hist\u00f3ria de um elefante poderoso, ego\u00edsta e arrogante que s\u00f3 pensava em si mesmo. Suas atitudes fazem com que ele acabe ficando sozinho e isolado dos outros animais.<\/p>\n<p>Na solid\u00e3o, o elefante aprende a reconhecer os verdadeiros valores da vida, baseados na compreens\u00e3o, fraternidade e solidariedade. O livro ensina que quem compartilha e n\u00e3o age com ego\u00edsmo vive melhor e \u00e9 mais feliz.<\/p>\n<table class=\"product-details-table\">\n<tbody>\n<tr>\n<td>Autor<\/td>\n<td>Roberto Belli<\/td>\n<\/tr>\n<tr>\n<td>ISBN<\/td>\n<td>9788573898521<\/td>\n<\/tr>\n<tr>\n<td>Editora<\/td>\n<td>Todolivro<\/td>\n<\/tr>\n<tr>\n<td>N\u00ba de p\u00e1ginas<\/td>\n<td>22<\/td>\n<\/tr>\n<\/tbody>\n<\/table>\n<\/div>\n","protected":false},"excerpt":{"rendered":"<p>Sentimentos: O Elefante Que Queria Tudo conta a hist\u00f3ria de um elefante poderoso, ego\u00edsta e arrogante que s\u00f3 pensava em si mesmo. Suas atitudes fazem com que ele acabe ficando sozinho e isolado dos outros animais. Na solid\u00e3o, o elefante<\/p>\n","protected":false},"featured_media":7204,"comment_status":"open","ping_status":"closed","template":"","meta":[],"product_brand":[],"product_cat":[202],"product_tag":[],"class_list":{"0":"post-7205","1":"product","2":"type-product","3":"status-publish","6":"product_cat-fundamental1-1ao3","8":"first","9":"instock","10":"shipping-taxable","11":"purchasable","12":"product-type-simple"},"_links":{"self":[{"href":"https:\/\/educaredigital.online\/loja\/wp-json\/wp\/v2\/product\/7205","targetHints":{"allow":["GET"]}}],"collection":[{"href":"https:\/\/educaredigital.online\/loja\/wp-json\/wp\/v2\/product"}],"about":[{"href":"https:\/\/educaredigital.online\/loja\/wp-json\/wp\/v2\/types\/product"}],"replies":[{"embeddable":true,"href":"https:\/\/educaredigital.online\/loja\/wp-json\/wp\/v2\/comments?post=7205"}],"wp:featuredmedia":[{"embeddable":true,"href":"https:\/\/educaredigital.online\/loja\/wp-json\/wp\/v2\/media\/7204"}],"wp:attachment":[{"href":"https:\/\/educaredigital.online\/loja\/wp-json\/wp\/v2\/media?parent=7205"}],"wp:term":[{"taxonomy":"product_brand","embeddable":true,"href":"https:\/\/educaredigital.online\/loja\/wp-json\/wp\/v2\/product_brand?post=7205"},{"taxonomy":"product_cat","embeddable":true,"href":"https:\/\/educaredigital.online\/loja\/wp-json\/wp\/v2\/product_cat?post=7205"},{"taxonomy":"product_tag","embeddable":true,"href":"https:\/\/educaredigital.online\/loja\/wp-json\/wp\/v2\/product_tag?post=7205"}],"curies":[{"name":"wp","href":"https:\/\/api.w.org\/{rel}","templated":true}]}}