{"id":7201,"date":"2026-04-08T14:04:33","date_gmt":"2026-04-08T14:04:33","guid":{"rendered":"https:\/\/educaredigital.online\/loja\/produto\/sentimentos-a-borboleta-que-queria-ser-linda-vaidade\/"},"modified":"2026-04-09T13:13:07","modified_gmt":"2026-04-09T13:13:07","slug":"sentimentos-a-borboleta-que-queria-ser-linda-vaidade","status":"publish","type":"product","link":"https:\/\/educaredigital.online\/loja\/produto\/sentimentos-a-borboleta-que-queria-ser-linda-vaidade\/","title":{"rendered":"Sentimentos: A Borboleta Que Queria Ser Linda (Vaidade)"},"content":{"rendered":"<div class=\"details-table-wrapper\">\n<p><strong>Sentimentos: A Borboleta Que Queria Ser Linda<\/strong> conta a hist\u00f3ria de Diva, uma borboleta que, movida pela vaidade exagerada, queria ser ainda mais bonita do que j\u00e1 era e ser a mais linda do mundo . Em sua busca incessante, ela se envolve em uma grande aventura cheia de surpresas e desencantos .<\/p>\n<p>O livro faz parte da cole\u00e7\u00e3o Sentimentos da Todolivro e aborda a vaidade de forma l\u00fadica e educativa . A obra ensina que a valoriza\u00e7\u00e3o exagerada de si mesma pode levar a conflitos e que as virtudes aproximam as pessoas, enquanto sentimentos como presun\u00e7\u00e3o e orgulho as distanciam<\/p>\n<table class=\"product-details-table\">\n<tbody>\n<tr>\n<td>Autor<\/td>\n<td>Roberto Belli<\/td>\n<\/tr>\n<tr>\n<td>ISBN<\/td>\n<td>9788573898484<\/td>\n<\/tr>\n<tr>\n<td>Editora<\/td>\n<td>Todolivro<\/td>\n<\/tr>\n<tr>\n<td>N\u00ba de p\u00e1ginas<\/td>\n<td>22<\/td>\n<\/tr>\n<\/tbody>\n<\/table>\n<\/div>\n","protected":false},"excerpt":{"rendered":"<p>Sentimentos: A Borboleta Que Queria Ser Linda conta a hist\u00f3ria de Diva, uma borboleta que, movida pela vaidade exagerada, queria ser ainda mais bonita do que j\u00e1 era e ser a mais linda do mundo . Em sua busca incessante,<\/p>\n","protected":false},"featured_media":7200,"comment_status":"open","ping_status":"closed","template":"","meta":[],"product_brand":[],"product_cat":[202],"product_tag":[],"class_list":{"0":"post-7201","1":"product","2":"type-product","3":"status-publish","6":"product_cat-fundamental1-1ao3","8":"first","9":"instock","10":"shipping-taxable","11":"purchasable","12":"product-type-simple"},"_links":{"self":[{"href":"https:\/\/educaredigital.online\/loja\/wp-json\/wp\/v2\/product\/7201","targetHints":{"allow":["GET"]}}],"collection":[{"href":"https:\/\/educaredigital.online\/loja\/wp-json\/wp\/v2\/product"}],"about":[{"href":"https:\/\/educaredigital.online\/loja\/wp-json\/wp\/v2\/types\/product"}],"replies":[{"embeddable":true,"href":"https:\/\/educaredigital.online\/loja\/wp-json\/wp\/v2\/comments?post=7201"}],"wp:featuredmedia":[{"embeddable":true,"href":"https:\/\/educaredigital.online\/loja\/wp-json\/wp\/v2\/media\/7200"}],"wp:attachment":[{"href":"https:\/\/educaredigital.online\/loja\/wp-json\/wp\/v2\/media?parent=7201"}],"wp:term":[{"taxonomy":"product_brand","embeddable":true,"href":"https:\/\/educaredigital.online\/loja\/wp-json\/wp\/v2\/product_brand?post=7201"},{"taxonomy":"product_cat","embeddable":true,"href":"https:\/\/educaredigital.online\/loja\/wp-json\/wp\/v2\/product_cat?post=7201"},{"taxonomy":"product_tag","embeddable":true,"href":"https:\/\/educaredigital.online\/loja\/wp-json\/wp\/v2\/product_tag?post=7201"}],"curies":[{"name":"wp","href":"https:\/\/api.w.org\/{rel}","templated":true}]}}