{"id":7199,"date":"2026-04-08T14:04:27","date_gmt":"2026-04-08T14:04:27","guid":{"rendered":"https:\/\/educaredigital.online\/loja\/produto\/sentimentos-a-aguia-que-almejava-as-estrelas-amor-fraterno\/"},"modified":"2026-04-09T13:12:17","modified_gmt":"2026-04-09T13:12:17","slug":"sentimentos-a-aguia-que-almejava-as-estrelas-amor-fraterno","status":"publish","type":"product","link":"https:\/\/educaredigital.online\/loja\/produto\/sentimentos-a-aguia-que-almejava-as-estrelas-amor-fraterno\/","title":{"rendered":"Sentimentos: A \u00c1guia Que Almejava as Estrelas (Amor Fraterno)"},"content":{"rendered":"<div class=\"details-table-wrapper\">\n<p><strong>Sentimentos: A \u00c1guia Que Almejava as Estrelas<\/strong> conta a hist\u00f3ria de L\u00edvia, uma \u00e1guia que desde pequena sonhava em alcan\u00e7ar as estrelas. Mesmo depois de ganhar um irm\u00e3ozinho adotivo, seu desejo continuou maior do que os cuidados com ele, e quase uma trag\u00e9dia aconteceu por isso.<\/p>\n<p>O livro ensina sobre amor fraterno \u2014 o amor entre irm\u00e3os que envolve afeto, respeito e ajuda m\u00fatua. A obra faz parte da cole\u00e7\u00e3o Sentimentos da Todolivro, mostrando que a fam\u00edlia \u00e9 o bem mais importante.<\/p>\n<table class=\"product-details-table\">\n<tbody>\n<tr>\n<td>Autor<\/td>\n<td>Roberto Belli<\/td>\n<\/tr>\n<tr>\n<td>ISBN<\/td>\n<td>9788573899375<\/td>\n<\/tr>\n<tr>\n<td>Editora<\/td>\n<td>Todolivro<\/td>\n<\/tr>\n<tr>\n<td>N\u00ba de p\u00e1ginas<\/td>\n<td>22<\/td>\n<\/tr>\n<\/tbody>\n<\/table>\n<\/div>\n","protected":false},"excerpt":{"rendered":"<p>Sentimentos: A \u00c1guia Que Almejava as Estrelas conta a hist\u00f3ria de L\u00edvia, uma \u00e1guia que desde pequena sonhava em alcan\u00e7ar as estrelas. Mesmo depois de ganhar um irm\u00e3ozinho adotivo, seu desejo continuou maior do que os cuidados com ele, e<\/p>\n","protected":false},"featured_media":7198,"comment_status":"open","ping_status":"closed","template":"","meta":[],"product_brand":[],"product_cat":[202],"product_tag":[],"class_list":{"0":"post-7199","1":"product","2":"type-product","3":"status-publish","6":"product_cat-fundamental1-1ao3","8":"first","9":"instock","10":"shipping-taxable","11":"purchasable","12":"product-type-simple"},"_links":{"self":[{"href":"https:\/\/educaredigital.online\/loja\/wp-json\/wp\/v2\/product\/7199","targetHints":{"allow":["GET"]}}],"collection":[{"href":"https:\/\/educaredigital.online\/loja\/wp-json\/wp\/v2\/product"}],"about":[{"href":"https:\/\/educaredigital.online\/loja\/wp-json\/wp\/v2\/types\/product"}],"replies":[{"embeddable":true,"href":"https:\/\/educaredigital.online\/loja\/wp-json\/wp\/v2\/comments?post=7199"}],"wp:featuredmedia":[{"embeddable":true,"href":"https:\/\/educaredigital.online\/loja\/wp-json\/wp\/v2\/media\/7198"}],"wp:attachment":[{"href":"https:\/\/educaredigital.online\/loja\/wp-json\/wp\/v2\/media?parent=7199"}],"wp:term":[{"taxonomy":"product_brand","embeddable":true,"href":"https:\/\/educaredigital.online\/loja\/wp-json\/wp\/v2\/product_brand?post=7199"},{"taxonomy":"product_cat","embeddable":true,"href":"https:\/\/educaredigital.online\/loja\/wp-json\/wp\/v2\/product_cat?post=7199"},{"taxonomy":"product_tag","embeddable":true,"href":"https:\/\/educaredigital.online\/loja\/wp-json\/wp\/v2\/product_tag?post=7199"}],"curies":[{"name":"wp","href":"https:\/\/api.w.org\/{rel}","templated":true}]}}