{"id":7194,"date":"2026-04-08T14:04:18","date_gmt":"2026-04-08T14:04:18","guid":{"rendered":"https:\/\/educaredigital.online\/loja\/produto\/paradidaticos-n4-pollyana\/"},"modified":"2026-04-09T12:49:47","modified_gmt":"2026-04-09T12:49:47","slug":"paradidaticos-n4-pollyana","status":"publish","type":"product","link":"https:\/\/educaredigital.online\/loja\/produto\/paradidaticos-n4-pollyana\/","title":{"rendered":"Paradid\u00e1ticos &#8211; N4: Pollyana"},"content":{"rendered":"<p>Paradid\u00e1ticos &#8211; N4: Pollyanna \u00e9 uma adapta\u00e7\u00e3o do cl\u00e1ssico de Eleanor H. Porter, que conta a hist\u00f3ria da \u00f3rf\u00e3 de 11 anos que vai morar com a tia austera e descobre o &#8220;jogo do contente&#8221;. A obra mostra como a garota transforma a vida de todos \u00e0 sua volta ao encontrar algo para se alegrar em qualquer situa\u00e7\u00e3o.<\/p>\n<p>Indicado para leitores fluentes a partir de 8 anos (N\u00edvel 4), o livro ensina sobre otimismo, resili\u00eancia e a import\u00e2ncia de olhar para o lado bom da vida. A palavra &#8220;Pollyanna&#8221; tornou-se sin\u00f4nimo de algu\u00e9m extremamente otimista na cultura popular.<\/p>\n<table class=\"product-details-table\">\n<tbody>\n<tr>\n<td>Autor<\/td>\n<td>Suelen Katerine A. Santos<\/td>\n<\/tr>\n<tr>\n<td>Ilustrador(a)<\/td>\n<td>Belli Studio<\/td>\n<\/tr>\n<tr>\n<td>ISBN<\/td>\n<td>9788537634011<\/td>\n<\/tr>\n<tr>\n<td>Editora<\/td>\n<td>Todolivro<\/td>\n<\/tr>\n<tr>\n<td>N\u00ba de p\u00e1ginas<\/td>\n<td>26<\/td>\n<\/tr>\n<\/tbody>\n<\/table>\n","protected":false},"excerpt":{"rendered":"<p>Paradid\u00e1ticos &#8211; N4: Pollyanna \u00e9 uma adapta\u00e7\u00e3o do cl\u00e1ssico de Eleanor H. Porter, que conta a hist\u00f3ria da \u00f3rf\u00e3 de 11 anos que vai morar com a tia austera e descobre o &#8220;jogo do contente&#8221;. A obra mostra como a<\/p>\n","protected":false},"featured_media":7193,"comment_status":"open","ping_status":"closed","template":"","meta":[],"product_brand":[],"product_cat":[202],"product_tag":[],"class_list":{"0":"post-7194","1":"product","2":"type-product","3":"status-publish","6":"product_cat-fundamental1-1ao3","8":"first","9":"instock","10":"shipping-taxable","11":"purchasable","12":"product-type-simple"},"_links":{"self":[{"href":"https:\/\/educaredigital.online\/loja\/wp-json\/wp\/v2\/product\/7194","targetHints":{"allow":["GET"]}}],"collection":[{"href":"https:\/\/educaredigital.online\/loja\/wp-json\/wp\/v2\/product"}],"about":[{"href":"https:\/\/educaredigital.online\/loja\/wp-json\/wp\/v2\/types\/product"}],"replies":[{"embeddable":true,"href":"https:\/\/educaredigital.online\/loja\/wp-json\/wp\/v2\/comments?post=7194"}],"wp:featuredmedia":[{"embeddable":true,"href":"https:\/\/educaredigital.online\/loja\/wp-json\/wp\/v2\/media\/7193"}],"wp:attachment":[{"href":"https:\/\/educaredigital.online\/loja\/wp-json\/wp\/v2\/media?parent=7194"}],"wp:term":[{"taxonomy":"product_brand","embeddable":true,"href":"https:\/\/educaredigital.online\/loja\/wp-json\/wp\/v2\/product_brand?post=7194"},{"taxonomy":"product_cat","embeddable":true,"href":"https:\/\/educaredigital.online\/loja\/wp-json\/wp\/v2\/product_cat?post=7194"},{"taxonomy":"product_tag","embeddable":true,"href":"https:\/\/educaredigital.online\/loja\/wp-json\/wp\/v2\/product_tag?post=7194"}],"curies":[{"name":"wp","href":"https:\/\/api.w.org\/{rel}","templated":true}]}}