{"id":7192,"date":"2026-04-08T14:04:08","date_gmt":"2026-04-08T14:04:08","guid":{"rendered":"https:\/\/educaredigital.online\/loja\/produto\/paradidaticos-n4-nelly-jelly-o-elfo-da-bagunca\/"},"modified":"2026-04-09T12:47:56","modified_gmt":"2026-04-09T12:47:56","slug":"paradidaticos-n4-nelly-jelly-o-elfo-da-bagunca","status":"publish","type":"product","link":"https:\/\/educaredigital.online\/loja\/produto\/paradidaticos-n4-nelly-jelly-o-elfo-da-bagunca\/","title":{"rendered":"Paradid\u00e1ticos &#8211; N4: Nelly Jelly &#8211; O Elfo da Bagun\u00e7a"},"content":{"rendered":"<p><strong>Paradid\u00e1ticos &#8211; N4: Nelly Jelly e o Elfo da Bagun\u00e7a<\/strong> conta a hist\u00f3ria divertida que ensina as crian\u00e7as sobre a import\u00e2ncia da organiza\u00e7\u00e3o. Com ilustra\u00e7\u00f5es estilosas e expressivas, a autora Lina \u017dutaute utiliza o princ\u00edpio dos contos de fada para abordar o tema de forma l\u00fadica.<\/p>\n<p>Indicado para leitores fluentes a partir de 8 anos (N\u00edvel 4), o livro foi publicado pela Todolivro e tem 48 p\u00e1ginas. O desfecho sugere sutilmente que os pais tamb\u00e9m podem ter complica\u00e7\u00f5es se o Elfo da Bagun\u00e7a passar pelo seu caminho.<\/p>\n<table class=\"product-details-table\">\n<tbody>\n<tr>\n<td>Autor<\/td>\n<td>Lina Zutaute<\/td>\n<\/tr>\n<tr>\n<td>Ilustrador(a)<\/td>\n<td>Ruth Marschalek<\/td>\n<\/tr>\n<tr>\n<td>ISBN<\/td>\n<td>9788537641699<\/td>\n<\/tr>\n<tr>\n<td>Editora<\/td>\n<td>Todolivro<\/td>\n<\/tr>\n<tr>\n<td>N\u00ba de p\u00e1ginas<\/td>\n<td>48<\/td>\n<\/tr>\n<\/tbody>\n<\/table>\n","protected":false},"excerpt":{"rendered":"<p>Paradid\u00e1ticos &#8211; N4: Nelly Jelly e o Elfo da Bagun\u00e7a conta a hist\u00f3ria divertida que ensina as crian\u00e7as sobre a import\u00e2ncia da organiza\u00e7\u00e3o. Com ilustra\u00e7\u00f5es estilosas e expressivas, a autora Lina \u017dutaute utiliza o princ\u00edpio dos contos de fada para<\/p>\n","protected":false},"featured_media":7191,"comment_status":"open","ping_status":"closed","template":"","meta":[],"product_brand":[],"product_cat":[202],"product_tag":[],"class_list":{"0":"post-7192","1":"product","2":"type-product","3":"status-publish","6":"product_cat-fundamental1-1ao3","8":"first","9":"instock","10":"shipping-taxable","11":"purchasable","12":"product-type-simple"},"_links":{"self":[{"href":"https:\/\/educaredigital.online\/loja\/wp-json\/wp\/v2\/product\/7192","targetHints":{"allow":["GET"]}}],"collection":[{"href":"https:\/\/educaredigital.online\/loja\/wp-json\/wp\/v2\/product"}],"about":[{"href":"https:\/\/educaredigital.online\/loja\/wp-json\/wp\/v2\/types\/product"}],"replies":[{"embeddable":true,"href":"https:\/\/educaredigital.online\/loja\/wp-json\/wp\/v2\/comments?post=7192"}],"wp:featuredmedia":[{"embeddable":true,"href":"https:\/\/educaredigital.online\/loja\/wp-json\/wp\/v2\/media\/7191"}],"wp:attachment":[{"href":"https:\/\/educaredigital.online\/loja\/wp-json\/wp\/v2\/media?parent=7192"}],"wp:term":[{"taxonomy":"product_brand","embeddable":true,"href":"https:\/\/educaredigital.online\/loja\/wp-json\/wp\/v2\/product_brand?post=7192"},{"taxonomy":"product_cat","embeddable":true,"href":"https:\/\/educaredigital.online\/loja\/wp-json\/wp\/v2\/product_cat?post=7192"},{"taxonomy":"product_tag","embeddable":true,"href":"https:\/\/educaredigital.online\/loja\/wp-json\/wp\/v2\/product_tag?post=7192"}],"curies":[{"name":"wp","href":"https:\/\/api.w.org\/{rel}","templated":true}]}}