{"id":7188,"date":"2026-04-08T14:04:01","date_gmt":"2026-04-08T14:04:01","guid":{"rendered":"https:\/\/educaredigital.online\/loja\/produto\/paradidaticos-n4-manguinho-e-a-magia-de-minace\/"},"modified":"2026-04-09T12:44:45","modified_gmt":"2026-04-09T12:44:45","slug":"paradidaticos-n4-manguinho-e-a-magia-de-minace","status":"publish","type":"product","link":"https:\/\/educaredigital.online\/loja\/produto\/paradidaticos-n4-manguinho-e-a-magia-de-minace\/","title":{"rendered":"Paradid\u00e1ticos &#8211; N4: Manguinho e a Magia de Minace"},"content":{"rendered":"<p><strong>Maguinho e a Magia de Minace<\/strong> \u00e9 o quinto volume da s\u00e9rie, onde uma bolha invis\u00edvel ao redor de Maguinho indica que algo terr\u00edvel est\u00e1 prestes a acontecer. Desaparecimentos e a transforma\u00e7\u00e3o da Cidade do Conhecimento em deserto fazem parte das maldades do Mago Minace.<\/p>\n<p>Indicado para leitores fluentes a partir de 8 anos (N\u00edvel 4), o livro foi escrito por Roberto Belli com ilustra\u00e7\u00f5es do Belli Studio. A obra, publicada pela Todolivro, traz o desfecho emocionante dessa aventura de magia e fantasia.<\/p>\n<table class=\"product-details-table\">\n<tbody>\n<tr>\n<td>Autor<\/td>\n<td>Roberto Belli<\/td>\n<\/tr>\n<tr>\n<td>Ilustrador(a)<\/td>\n<td>Belli Studio<\/td>\n<\/tr>\n<tr>\n<td>ISBN<\/td>\n<td>9788537639368<\/td>\n<\/tr>\n<tr>\n<td>Editora<\/td>\n<td>Todolivro<\/td>\n<\/tr>\n<tr>\n<td>N\u00ba de p\u00e1ginas<\/td>\n<td>42<\/td>\n<\/tr>\n<\/tbody>\n<\/table>\n","protected":false},"excerpt":{"rendered":"<p>Maguinho e a Magia de Minace \u00e9 o quinto volume da s\u00e9rie, onde uma bolha invis\u00edvel ao redor de Maguinho indica que algo terr\u00edvel est\u00e1 prestes a acontecer. Desaparecimentos e a transforma\u00e7\u00e3o da Cidade do Conhecimento em deserto fazem parte<\/p>\n","protected":false},"featured_media":7187,"comment_status":"open","ping_status":"closed","template":"","meta":[],"product_brand":[],"product_cat":[202],"product_tag":[],"class_list":{"0":"post-7188","1":"product","2":"type-product","3":"status-publish","6":"product_cat-fundamental1-1ao3","8":"first","9":"instock","10":"shipping-taxable","11":"purchasable","12":"product-type-simple"},"_links":{"self":[{"href":"https:\/\/educaredigital.online\/loja\/wp-json\/wp\/v2\/product\/7188","targetHints":{"allow":["GET"]}}],"collection":[{"href":"https:\/\/educaredigital.online\/loja\/wp-json\/wp\/v2\/product"}],"about":[{"href":"https:\/\/educaredigital.online\/loja\/wp-json\/wp\/v2\/types\/product"}],"replies":[{"embeddable":true,"href":"https:\/\/educaredigital.online\/loja\/wp-json\/wp\/v2\/comments?post=7188"}],"wp:featuredmedia":[{"embeddable":true,"href":"https:\/\/educaredigital.online\/loja\/wp-json\/wp\/v2\/media\/7187"}],"wp:attachment":[{"href":"https:\/\/educaredigital.online\/loja\/wp-json\/wp\/v2\/media?parent=7188"}],"wp:term":[{"taxonomy":"product_brand","embeddable":true,"href":"https:\/\/educaredigital.online\/loja\/wp-json\/wp\/v2\/product_brand?post=7188"},{"taxonomy":"product_cat","embeddable":true,"href":"https:\/\/educaredigital.online\/loja\/wp-json\/wp\/v2\/product_cat?post=7188"},{"taxonomy":"product_tag","embeddable":true,"href":"https:\/\/educaredigital.online\/loja\/wp-json\/wp\/v2\/product_tag?post=7188"}],"curies":[{"name":"wp","href":"https:\/\/api.w.org\/{rel}","templated":true}]}}