{"id":7186,"date":"2026-04-08T14:04:00","date_gmt":"2026-04-08T14:04:00","guid":{"rendered":"https:\/\/educaredigital.online\/loja\/produto\/paradidaticos-n4-manguinho-e-a-sombra-do-mundo-do-futuro\/"},"modified":"2026-04-09T12:42:26","modified_gmt":"2026-04-09T12:42:26","slug":"paradidaticos-n4-manguinho-e-a-sombra-do-mundo-do-futuro","status":"publish","type":"product","link":"https:\/\/educaredigital.online\/loja\/produto\/paradidaticos-n4-manguinho-e-a-sombra-do-mundo-do-futuro\/","title":{"rendered":"Paradid\u00e1ticos &#8211; N4: Manguinho e a Sombra do Mundo do Futuro"},"content":{"rendered":"<div class=\"ds-message _63c77b1\">\n<div class=\"ds-markdown\">\n<p class=\"ds-markdown-paragraph\"><strong>Paradid\u00e1ticos &#8211; N4: Maguinho e a Sombra do Mundo do Futuro<\/strong> \u00e9 o quarto volume da s\u00e9rie, onde Maguinho decifra enigmas do livro encontrado na caverna do Mago Minace. Ele investiga fen\u00f4menos estranhos, como sombras esquisitas, e chega ao mundo proibido dos Guardi\u00f5es do Tempo.<\/p>\n<p class=\"ds-markdown-paragraph\">Indicado para leitores fluentes a partir de 8 anos (N\u00edvel 4), o livro foi escrito por Roberto Belli com ilustra\u00e7\u00f5es do Belli Studio. A obra, publicada pela Todolivro, transporta os leitores para um universo de fantasia, magia e mist\u00e9rios a serem desvendados.<\/p>\n<\/div>\n<\/div>\n<table class=\"product-details-table\">\n<tbody>\n<tr>\n<td>Autor<\/td>\n<td>Roberto Belli<\/td>\n<\/tr>\n<tr>\n<td>Ilustrador(a)<\/td>\n<td>Belli Studio<\/td>\n<\/tr>\n<tr>\n<td>ISBN<\/td>\n<td>9788537639351<\/td>\n<\/tr>\n<tr>\n<td>Editora<\/td>\n<td>Todolivro<\/td>\n<\/tr>\n<tr>\n<td>N\u00ba de p\u00e1ginas<\/td>\n<td>42<\/td>\n<\/tr>\n<\/tbody>\n<\/table>\n","protected":false},"excerpt":{"rendered":"<p>Paradid\u00e1ticos &#8211; N4: Maguinho e a Sombra do Mundo do Futuro \u00e9 o quarto volume da s\u00e9rie, onde Maguinho decifra enigmas do livro encontrado na caverna do Mago Minace. Ele investiga fen\u00f4menos estranhos, como sombras esquisitas, e chega ao mundo<\/p>\n","protected":false},"featured_media":7185,"comment_status":"open","ping_status":"closed","template":"","meta":[],"product_brand":[],"product_cat":[202],"product_tag":[],"class_list":{"0":"post-7186","1":"product","2":"type-product","3":"status-publish","6":"product_cat-fundamental1-1ao3","8":"first","9":"instock","10":"shipping-taxable","11":"purchasable","12":"product-type-simple"},"_links":{"self":[{"href":"https:\/\/educaredigital.online\/loja\/wp-json\/wp\/v2\/product\/7186","targetHints":{"allow":["GET"]}}],"collection":[{"href":"https:\/\/educaredigital.online\/loja\/wp-json\/wp\/v2\/product"}],"about":[{"href":"https:\/\/educaredigital.online\/loja\/wp-json\/wp\/v2\/types\/product"}],"replies":[{"embeddable":true,"href":"https:\/\/educaredigital.online\/loja\/wp-json\/wp\/v2\/comments?post=7186"}],"wp:featuredmedia":[{"embeddable":true,"href":"https:\/\/educaredigital.online\/loja\/wp-json\/wp\/v2\/media\/7185"}],"wp:attachment":[{"href":"https:\/\/educaredigital.online\/loja\/wp-json\/wp\/v2\/media?parent=7186"}],"wp:term":[{"taxonomy":"product_brand","embeddable":true,"href":"https:\/\/educaredigital.online\/loja\/wp-json\/wp\/v2\/product_brand?post=7186"},{"taxonomy":"product_cat","embeddable":true,"href":"https:\/\/educaredigital.online\/loja\/wp-json\/wp\/v2\/product_cat?post=7186"},{"taxonomy":"product_tag","embeddable":true,"href":"https:\/\/educaredigital.online\/loja\/wp-json\/wp\/v2\/product_tag?post=7186"}],"curies":[{"name":"wp","href":"https:\/\/api.w.org\/{rel}","templated":true}]}}