{"id":7180,"date":"2026-04-08T14:03:46","date_gmt":"2026-04-08T14:03:46","guid":{"rendered":"https:\/\/educaredigital.online\/loja\/produto\/paradidaticos-n4-manguinho-e-o-portal-temporal\/"},"modified":"2026-04-09T12:40:11","modified_gmt":"2026-04-09T12:40:11","slug":"paradidaticos-n4-manguinho-e-o-portal-temporal","status":"publish","type":"product","link":"https:\/\/educaredigital.online\/loja\/produto\/paradidaticos-n4-manguinho-e-o-portal-temporal\/","title":{"rendered":"Paradid\u00e1ticos &#8211; N4: Manguinho e o Portal Temporal"},"content":{"rendered":"<p><strong>Paradid\u00e1ticos &#8211; N4: Maguinho e o Portal Temporal<\/strong> \u00e9 o segundo volume da s\u00e9rie Maguinho, onde o personagem e seus amigos desvendam os mist\u00e9rios de uma luz sobre a Cidade do Conhecimento. Essa luz, semelhante \u00e0 terr\u00edvel Sombra Ca\u00f3tica, amea\u00e7a sugar o Mundo dos Magos para o Mundo do Caos.<\/p>\n<p>Indicado para leitores fluentes a partir de 8 anos (N\u00edvel 4), o livro foi escrito por Roberto Belli com ilustra\u00e7\u00f5es do Belli Studio. A obra, publicada pela Todolivro, transporta a imagina\u00e7\u00e3o para reinos encantados com cavalos alados e amuletos m\u00e1gicos.<\/p>\n<table class=\"product-details-table\">\n<tbody>\n<tr>\n<td>Autor<\/td>\n<td>Roberto Belli<\/td>\n<\/tr>\n<tr>\n<td>Ilustrador(a)<\/td>\n<td>Belli Studio<\/td>\n<\/tr>\n<tr>\n<td>ISBN<\/td>\n<td>9788537639337<\/td>\n<\/tr>\n<tr>\n<td>Editora<\/td>\n<td>Todolivro<\/td>\n<\/tr>\n<tr>\n<td>N\u00ba de p\u00e1ginas<\/td>\n<td>42<\/td>\n<\/tr>\n<\/tbody>\n<\/table>\n","protected":false},"excerpt":{"rendered":"<p>Paradid\u00e1ticos &#8211; N4: Maguinho e o Portal Temporal \u00e9 o segundo volume da s\u00e9rie Maguinho, onde o personagem e seus amigos desvendam os mist\u00e9rios de uma luz sobre a Cidade do Conhecimento. Essa luz, semelhante \u00e0 terr\u00edvel Sombra Ca\u00f3tica, amea\u00e7a<\/p>\n","protected":false},"featured_media":7179,"comment_status":"open","ping_status":"closed","template":"","meta":[],"product_brand":[],"product_cat":[202],"product_tag":[],"class_list":{"0":"post-7180","1":"product","2":"type-product","3":"status-publish","6":"product_cat-fundamental1-1ao3","8":"first","9":"instock","10":"shipping-taxable","11":"purchasable","12":"product-type-simple"},"_links":{"self":[{"href":"https:\/\/educaredigital.online\/loja\/wp-json\/wp\/v2\/product\/7180","targetHints":{"allow":["GET"]}}],"collection":[{"href":"https:\/\/educaredigital.online\/loja\/wp-json\/wp\/v2\/product"}],"about":[{"href":"https:\/\/educaredigital.online\/loja\/wp-json\/wp\/v2\/types\/product"}],"replies":[{"embeddable":true,"href":"https:\/\/educaredigital.online\/loja\/wp-json\/wp\/v2\/comments?post=7180"}],"wp:featuredmedia":[{"embeddable":true,"href":"https:\/\/educaredigital.online\/loja\/wp-json\/wp\/v2\/media\/7179"}],"wp:attachment":[{"href":"https:\/\/educaredigital.online\/loja\/wp-json\/wp\/v2\/media?parent=7180"}],"wp:term":[{"taxonomy":"product_brand","embeddable":true,"href":"https:\/\/educaredigital.online\/loja\/wp-json\/wp\/v2\/product_brand?post=7180"},{"taxonomy":"product_cat","embeddable":true,"href":"https:\/\/educaredigital.online\/loja\/wp-json\/wp\/v2\/product_cat?post=7180"},{"taxonomy":"product_tag","embeddable":true,"href":"https:\/\/educaredigital.online\/loja\/wp-json\/wp\/v2\/product_tag?post=7180"}],"curies":[{"name":"wp","href":"https:\/\/api.w.org\/{rel}","templated":true}]}}