{"id":7178,"date":"2026-04-08T14:03:45","date_gmt":"2026-04-08T14:03:45","guid":{"rendered":"https:\/\/educaredigital.online\/loja\/produto\/paradidaticos-n4-manguinho-e-o-orbe-cintilante\/"},"modified":"2026-04-09T12:38:34","modified_gmt":"2026-04-09T12:38:34","slug":"paradidaticos-n4-manguinho-e-o-orbe-cintilante","status":"publish","type":"product","link":"https:\/\/educaredigital.online\/loja\/produto\/paradidaticos-n4-manguinho-e-o-orbe-cintilante\/","title":{"rendered":"Paradid\u00e1ticos &#8211; N4: Manguinho e o Orbe Cintilante"},"content":{"rendered":"<p><strong>Paradid\u00e1ticos &#8211; N4: Maguinho e o Orbe Cintilante<\/strong> conta a hist\u00f3ria de uma sombra ca\u00f3tica que escurece montanhas, apaga a mem\u00f3ria e elimina a cultura dos povos. O livro se passa no Reino dos Magos e dos Elfos, com cavalos alados e amuletos m\u00e1gicos.<\/p>\n<p>Indicado para leitores fluentes a partir de 8 anos (N\u00edvel 4), o livro traz uma mensagem de alerta positiva e surpreendente. A obra foi escrita por Roberto Belli e publicada pela Todolivro com ilustra\u00e7\u00f5es encantadoras.<\/p>\n<div class=\"details-table-wrapper\">\n<table class=\"product-details-table\">\n<tbody>\n<tr>\n<td>Autor<\/td>\n<td>Roberto Belli<\/td>\n<\/tr>\n<tr>\n<td>Ilustrador(a)<\/td>\n<td>Belli Studio<\/td>\n<\/tr>\n<tr>\n<td>ISBN<\/td>\n<td>9788537639320<\/td>\n<\/tr>\n<tr>\n<td>Editora<\/td>\n<td>Todolivro<\/td>\n<\/tr>\n<tr>\n<td>N\u00ba de p\u00e1ginas<\/td>\n<td>42<\/td>\n<\/tr>\n<\/tbody>\n<\/table>\n<\/div>\n","protected":false},"excerpt":{"rendered":"<p>Paradid\u00e1ticos &#8211; N4: Maguinho e o Orbe Cintilante conta a hist\u00f3ria de uma sombra ca\u00f3tica que escurece montanhas, apaga a mem\u00f3ria e elimina a cultura dos povos. O livro se passa no Reino dos Magos e dos Elfos, com cavalos<\/p>\n","protected":false},"featured_media":7177,"comment_status":"open","ping_status":"closed","template":"","meta":[],"product_brand":[],"product_cat":[202],"product_tag":[],"class_list":{"0":"post-7178","1":"product","2":"type-product","3":"status-publish","6":"product_cat-fundamental1-1ao3","8":"first","9":"instock","10":"shipping-taxable","11":"purchasable","12":"product-type-simple"},"_links":{"self":[{"href":"https:\/\/educaredigital.online\/loja\/wp-json\/wp\/v2\/product\/7178","targetHints":{"allow":["GET"]}}],"collection":[{"href":"https:\/\/educaredigital.online\/loja\/wp-json\/wp\/v2\/product"}],"about":[{"href":"https:\/\/educaredigital.online\/loja\/wp-json\/wp\/v2\/types\/product"}],"replies":[{"embeddable":true,"href":"https:\/\/educaredigital.online\/loja\/wp-json\/wp\/v2\/comments?post=7178"}],"wp:featuredmedia":[{"embeddable":true,"href":"https:\/\/educaredigital.online\/loja\/wp-json\/wp\/v2\/media\/7177"}],"wp:attachment":[{"href":"https:\/\/educaredigital.online\/loja\/wp-json\/wp\/v2\/media?parent=7178"}],"wp:term":[{"taxonomy":"product_brand","embeddable":true,"href":"https:\/\/educaredigital.online\/loja\/wp-json\/wp\/v2\/product_brand?post=7178"},{"taxonomy":"product_cat","embeddable":true,"href":"https:\/\/educaredigital.online\/loja\/wp-json\/wp\/v2\/product_cat?post=7178"},{"taxonomy":"product_tag","embeddable":true,"href":"https:\/\/educaredigital.online\/loja\/wp-json\/wp\/v2\/product_tag?post=7178"}],"curies":[{"name":"wp","href":"https:\/\/api.w.org\/{rel}","templated":true}]}}