{"id":7176,"date":"2026-04-08T14:03:44","date_gmt":"2026-04-08T14:03:44","guid":{"rendered":"https:\/\/educaredigital.online\/loja\/produto\/paradidaticos-n4-magia-da-arvore\/"},"modified":"2026-04-09T12:37:07","modified_gmt":"2026-04-09T12:37:07","slug":"paradidaticos-n4-magia-da-arvore","status":"publish","type":"product","link":"https:\/\/educaredigital.online\/loja\/produto\/paradidaticos-n4-magia-da-arvore\/","title":{"rendered":"Paradid\u00e1ticos &#8211; N4: Magia da \u00c1rvore"},"content":{"rendered":"<p class=\"ds-markdown-paragraph\"><strong>Paradid\u00e1ticos &#8211; N4: Magia da \u00c1rvore<\/strong>\u00a0conta uma hist\u00f3ria envolvente sobre um grupo de crian\u00e7as que vive uma grande aventura em uma ilha misteriosa. Durante a trama, os personagens descobrem segredos e aprendizados importantes sobre a natureza e a amizade.<\/p>\n<p class=\"ds-markdown-paragraph\">Indicado para leitores fluentes a partir de 8 anos (N\u00edvel 4), o livro est\u00e1 alinhado \u00e0s diretrizes do MEC. A obra estimula a imagina\u00e7\u00e3o e trabalha valores como uni\u00e3o e respeito ao meio ambiente.<\/p>\n<div class=\"details-table-wrapper\">\n<table class=\"product-details-table\">\n<tbody>\n<tr>\n<td>Autor<\/td>\n<td>Barbara Schmitt Hansson<\/td>\n<\/tr>\n<tr>\n<td>Ilustrador(a)<\/td>\n<td>Johny Guenther<\/td>\n<\/tr>\n<tr>\n<td>ISBN<\/td>\n<td>9788537641682<\/td>\n<\/tr>\n<tr>\n<td>Editora<\/td>\n<td>Todolivro<\/td>\n<\/tr>\n<tr>\n<td>N\u00ba de p\u00e1ginas<\/td>\n<td>64<\/td>\n<\/tr>\n<\/tbody>\n<\/table>\n<\/div>\n","protected":false},"excerpt":{"rendered":"<p>Paradid\u00e1ticos &#8211; N4: Magia da \u00c1rvore\u00a0conta uma hist\u00f3ria envolvente sobre um grupo de crian\u00e7as que vive uma grande aventura em uma ilha misteriosa. Durante a trama, os personagens descobrem segredos e aprendizados importantes sobre a natureza e a amizade. Indicado<\/p>\n","protected":false},"featured_media":7175,"comment_status":"open","ping_status":"closed","template":"","meta":[],"product_brand":[],"product_cat":[202],"product_tag":[],"class_list":{"0":"post-7176","1":"product","2":"type-product","3":"status-publish","6":"product_cat-fundamental1-1ao3","8":"first","9":"instock","10":"shipping-taxable","11":"purchasable","12":"product-type-simple"},"_links":{"self":[{"href":"https:\/\/educaredigital.online\/loja\/wp-json\/wp\/v2\/product\/7176","targetHints":{"allow":["GET"]}}],"collection":[{"href":"https:\/\/educaredigital.online\/loja\/wp-json\/wp\/v2\/product"}],"about":[{"href":"https:\/\/educaredigital.online\/loja\/wp-json\/wp\/v2\/types\/product"}],"replies":[{"embeddable":true,"href":"https:\/\/educaredigital.online\/loja\/wp-json\/wp\/v2\/comments?post=7176"}],"wp:featuredmedia":[{"embeddable":true,"href":"https:\/\/educaredigital.online\/loja\/wp-json\/wp\/v2\/media\/7175"}],"wp:attachment":[{"href":"https:\/\/educaredigital.online\/loja\/wp-json\/wp\/v2\/media?parent=7176"}],"wp:term":[{"taxonomy":"product_brand","embeddable":true,"href":"https:\/\/educaredigital.online\/loja\/wp-json\/wp\/v2\/product_brand?post=7176"},{"taxonomy":"product_cat","embeddable":true,"href":"https:\/\/educaredigital.online\/loja\/wp-json\/wp\/v2\/product_cat?post=7176"},{"taxonomy":"product_tag","embeddable":true,"href":"https:\/\/educaredigital.online\/loja\/wp-json\/wp\/v2\/product_tag?post=7176"}],"curies":[{"name":"wp","href":"https:\/\/api.w.org\/{rel}","templated":true}]}}