{"id":7173,"date":"2026-04-08T14:03:27","date_gmt":"2026-04-08T14:03:27","guid":{"rendered":"https:\/\/educaredigital.online\/loja\/produto\/paradidaticos-n4-o-corsario-negro\/"},"modified":"2026-04-09T12:35:58","modified_gmt":"2026-04-09T12:35:58","slug":"paradidaticos-n4-o-corsario-negro","status":"publish","type":"product","link":"https:\/\/educaredigital.online\/loja\/produto\/paradidaticos-n4-o-corsario-negro\/","title":{"rendered":"Paradid\u00e1ticos &#8211; N4: O Cors\u00e1rio Negro"},"content":{"rendered":"<div class=\"details-table-wrapper\">\n<p class=\"ds-markdown-paragraph\"><strong>Paradid\u00e1ticos &#8211; N4: O Cors\u00e1rio Negro<\/strong> conta a emocionante aventura de um pirata que jura vingan\u00e7a contra o governador de Maracaibo pela morte de seus irm\u00e3os. Durante sua busca por justi\u00e7a, ele se apaixona por Honorata, a nobre filha de seu maior inimigo.<\/p>\n<p class=\"ds-markdown-paragraph\">Indicado para leitores fluentes a partir de 8 anos (N\u00edvel 4), o livro \u00e9 uma vers\u00e3o adaptada do cl\u00e1ssico de Emilio Salgari. A obra trabalha temas como lealdade, vingan\u00e7a e os conflitos entre o amor e o dever.<\/p>\n<table class=\"product-details-table\">\n<tbody>\n<tr>\n<td>Autor<\/td>\n<td>Ruth Marschalek<\/td>\n<\/tr>\n<tr>\n<td>Ilustrador(a)<\/td>\n<td>Belli Studio<\/td>\n<\/tr>\n<tr>\n<td>ISBN<\/td>\n<td>9788537634165<\/td>\n<\/tr>\n<tr>\n<td>Editora<\/td>\n<td>Todolivro<\/td>\n<\/tr>\n<tr>\n<td>N\u00ba de p\u00e1ginas<\/td>\n<td>26<\/td>\n<\/tr>\n<\/tbody>\n<\/table>\n<\/div>\n","protected":false},"excerpt":{"rendered":"<p>Paradid\u00e1ticos &#8211; N4: O Cors\u00e1rio Negro conta a emocionante aventura de um pirata que jura vingan\u00e7a contra o governador de Maracaibo pela morte de seus irm\u00e3os. Durante sua busca por justi\u00e7a, ele se apaixona por Honorata, a nobre filha de<\/p>\n","protected":false},"featured_media":7172,"comment_status":"open","ping_status":"closed","template":"","meta":[],"product_brand":[],"product_cat":[202],"product_tag":[],"class_list":{"0":"post-7173","1":"product","2":"type-product","3":"status-publish","6":"product_cat-fundamental1-1ao3","8":"first","9":"instock","10":"shipping-taxable","11":"purchasable","12":"product-type-simple"},"_links":{"self":[{"href":"https:\/\/educaredigital.online\/loja\/wp-json\/wp\/v2\/product\/7173","targetHints":{"allow":["GET"]}}],"collection":[{"href":"https:\/\/educaredigital.online\/loja\/wp-json\/wp\/v2\/product"}],"about":[{"href":"https:\/\/educaredigital.online\/loja\/wp-json\/wp\/v2\/types\/product"}],"replies":[{"embeddable":true,"href":"https:\/\/educaredigital.online\/loja\/wp-json\/wp\/v2\/comments?post=7173"}],"wp:featuredmedia":[{"embeddable":true,"href":"https:\/\/educaredigital.online\/loja\/wp-json\/wp\/v2\/media\/7172"}],"wp:attachment":[{"href":"https:\/\/educaredigital.online\/loja\/wp-json\/wp\/v2\/media?parent=7173"}],"wp:term":[{"taxonomy":"product_brand","embeddable":true,"href":"https:\/\/educaredigital.online\/loja\/wp-json\/wp\/v2\/product_brand?post=7173"},{"taxonomy":"product_cat","embeddable":true,"href":"https:\/\/educaredigital.online\/loja\/wp-json\/wp\/v2\/product_cat?post=7173"},{"taxonomy":"product_tag","embeddable":true,"href":"https:\/\/educaredigital.online\/loja\/wp-json\/wp\/v2\/product_tag?post=7173"}],"curies":[{"name":"wp","href":"https:\/\/api.w.org\/{rel}","templated":true}]}}