{"id":7169,"date":"2026-04-08T14:03:05","date_gmt":"2026-04-08T14:03:05","guid":{"rendered":"https:\/\/educaredigital.online\/loja\/produto\/paradidaticos-n3-um-dia-na-praia\/"},"modified":"2026-04-09T12:15:23","modified_gmt":"2026-04-09T12:15:23","slug":"paradidaticos-n3-um-dia-na-praia","status":"publish","type":"product","link":"https:\/\/educaredigital.online\/loja\/produto\/paradidaticos-n3-um-dia-na-praia\/","title":{"rendered":"Paradid\u00e1ticos &#8211; N3: Um Dia Na Praia"},"content":{"rendered":"<p><strong>Um Dia na Praia<\/strong> conta a hist\u00f3ria de Duda, L\u00e9o e Nina em um dia divertido na praia. As crian\u00e7as brincam, fazem castelos de areia e compartilham um belo lanche juntos.<\/p>\n<p>O livro faz parte da cole\u00e7\u00e3o Paradid\u00e1ticos da Todolivro, alinhada \u00e0s diretrizes do MEC, e \u00e9 indicado para leitores confiantes (N\u00edvel 3). Al\u00e9m da hist\u00f3ria, traz sugest\u00f5es de atividades e roda de conversa para pais e professores.<\/p>\n<table class=\"product-details-table\">\n<tbody>\n<tr>\n<td>Autor<\/td>\n<td>Ruth Marschalek<\/td>\n<\/tr>\n<tr>\n<td>Ilustrador(a)<\/td>\n<td>Belli Studio<\/td>\n<\/tr>\n<tr>\n<td>ISBN<\/td>\n<td>9788537634134<\/td>\n<\/tr>\n<tr>\n<td>Editora<\/td>\n<td>Todolivro<\/td>\n<\/tr>\n<tr>\n<td>N\u00ba de p\u00e1ginas<\/td>\n<td>26<\/td>\n<\/tr>\n<\/tbody>\n<\/table>\n","protected":false},"excerpt":{"rendered":"<p>Um Dia na Praia conta a hist\u00f3ria de Duda, L\u00e9o e Nina em um dia divertido na praia. As crian\u00e7as brincam, fazem castelos de areia e compartilham um belo lanche juntos. O livro faz parte da cole\u00e7\u00e3o Paradid\u00e1ticos da Todolivro,<\/p>\n","protected":false},"featured_media":7168,"comment_status":"open","ping_status":"closed","template":"","meta":[],"product_brand":[],"product_cat":[202],"product_tag":[],"class_list":{"0":"post-7169","1":"product","2":"type-product","3":"status-publish","6":"product_cat-fundamental1-1ao3","8":"first","9":"instock","10":"shipping-taxable","11":"purchasable","12":"product-type-simple"},"_links":{"self":[{"href":"https:\/\/educaredigital.online\/loja\/wp-json\/wp\/v2\/product\/7169","targetHints":{"allow":["GET"]}}],"collection":[{"href":"https:\/\/educaredigital.online\/loja\/wp-json\/wp\/v2\/product"}],"about":[{"href":"https:\/\/educaredigital.online\/loja\/wp-json\/wp\/v2\/types\/product"}],"replies":[{"embeddable":true,"href":"https:\/\/educaredigital.online\/loja\/wp-json\/wp\/v2\/comments?post=7169"}],"wp:featuredmedia":[{"embeddable":true,"href":"https:\/\/educaredigital.online\/loja\/wp-json\/wp\/v2\/media\/7168"}],"wp:attachment":[{"href":"https:\/\/educaredigital.online\/loja\/wp-json\/wp\/v2\/media?parent=7169"}],"wp:term":[{"taxonomy":"product_brand","embeddable":true,"href":"https:\/\/educaredigital.online\/loja\/wp-json\/wp\/v2\/product_brand?post=7169"},{"taxonomy":"product_cat","embeddable":true,"href":"https:\/\/educaredigital.online\/loja\/wp-json\/wp\/v2\/product_cat?post=7169"},{"taxonomy":"product_tag","embeddable":true,"href":"https:\/\/educaredigital.online\/loja\/wp-json\/wp\/v2\/product_tag?post=7169"}],"curies":[{"name":"wp","href":"https:\/\/api.w.org\/{rel}","templated":true}]}}