{"id":7163,"date":"2026-04-08T14:02:57","date_gmt":"2026-04-08T14:02:57","guid":{"rendered":"https:\/\/educaredigital.online\/loja\/produto\/paradidaticos-n3-o-parassauro-quer-uma-coroa\/"},"modified":"2026-04-09T12:29:35","modified_gmt":"2026-04-09T12:29:35","slug":"paradidaticos-n3-o-parassauro-quer-uma-coroa","status":"publish","type":"product","link":"https:\/\/educaredigital.online\/loja\/produto\/paradidaticos-n3-o-parassauro-quer-uma-coroa\/","title":{"rendered":"Paradid\u00e1ticos &#8211; N3: O Parassauro Quer Uma Coroa"},"content":{"rendered":"<p class=\"ds-markdown-paragraph\"><strong>Paradid\u00e1ticos &#8211; N3: O Parassauro Quer Uma Coroa<\/strong> conta a hist\u00f3ria de um dinossauro da esp\u00e9cie Parassaurolofo que deseja conquistar uma coroa. O livro faz parte da cole\u00e7\u00e3o &#8220;O Mundo dos Dinossauros&#8221; da Todolivro, despertando a curiosidade infantil sobre esses gigantes pr\u00e9-hist\u00f3ricos.<\/p>\n<p class=\"ds-markdown-paragraph\">Indicado para leitores confiantes a partir de 6 anos (N\u00edvel 3), a obra est\u00e1 alinhada \u00e0s diretrizes do MEC e utiliza letra imprensa mai\u00fascula para facilitar a leitura. Traz ilustra\u00e7\u00f5es encantadoras que transportam os pequenos para o fascinante mundo dos dinossauros.<\/p>\n<table class=\"product-details-table\">\n<tbody>\n<tr>\n<td>Autor<\/td>\n<td>Nikhila Kilambi<\/td>\n<\/tr>\n<tr>\n<td>Ilustrador(a)<\/td>\n<td>Gani Ahemad<\/td>\n<\/tr>\n<tr>\n<td>Tradutor<\/td>\n<td>Ruth Marschalek<\/td>\n<\/tr>\n<tr>\n<td>ISBN<\/td>\n<td>9788537633250<\/td>\n<\/tr>\n<tr>\n<td>Editora<\/td>\n<td>Todolivro<\/td>\n<\/tr>\n<tr>\n<td>N\u00ba de p\u00e1ginas<\/td>\n<td>30<\/td>\n<\/tr>\n<\/tbody>\n<\/table>\n<p>&nbsp;<\/p>\n","protected":false},"excerpt":{"rendered":"<p>Paradid\u00e1ticos &#8211; N3: O Parassauro Quer Uma Coroa conta a hist\u00f3ria de um dinossauro da esp\u00e9cie Parassaurolofo que deseja conquistar uma coroa. O livro faz parte da cole\u00e7\u00e3o &#8220;O Mundo dos Dinossauros&#8221; da Todolivro, despertando a curiosidade infantil sobre esses<\/p>\n","protected":false},"featured_media":7162,"comment_status":"open","ping_status":"closed","template":"","meta":[],"product_brand":[],"product_cat":[202],"product_tag":[],"class_list":{"0":"post-7163","1":"product","2":"type-product","3":"status-publish","6":"product_cat-fundamental1-1ao3","8":"first","9":"instock","10":"shipping-taxable","11":"purchasable","12":"product-type-simple"},"_links":{"self":[{"href":"https:\/\/educaredigital.online\/loja\/wp-json\/wp\/v2\/product\/7163","targetHints":{"allow":["GET"]}}],"collection":[{"href":"https:\/\/educaredigital.online\/loja\/wp-json\/wp\/v2\/product"}],"about":[{"href":"https:\/\/educaredigital.online\/loja\/wp-json\/wp\/v2\/types\/product"}],"replies":[{"embeddable":true,"href":"https:\/\/educaredigital.online\/loja\/wp-json\/wp\/v2\/comments?post=7163"}],"wp:featuredmedia":[{"embeddable":true,"href":"https:\/\/educaredigital.online\/loja\/wp-json\/wp\/v2\/media\/7162"}],"wp:attachment":[{"href":"https:\/\/educaredigital.online\/loja\/wp-json\/wp\/v2\/media?parent=7163"}],"wp:term":[{"taxonomy":"product_brand","embeddable":true,"href":"https:\/\/educaredigital.online\/loja\/wp-json\/wp\/v2\/product_brand?post=7163"},{"taxonomy":"product_cat","embeddable":true,"href":"https:\/\/educaredigital.online\/loja\/wp-json\/wp\/v2\/product_cat?post=7163"},{"taxonomy":"product_tag","embeddable":true,"href":"https:\/\/educaredigital.online\/loja\/wp-json\/wp\/v2\/product_tag?post=7163"}],"curies":[{"name":"wp","href":"https:\/\/api.w.org\/{rel}","templated":true}]}}