{"id":7161,"date":"2026-04-08T14:02:51","date_gmt":"2026-04-08T14:02:51","guid":{"rendered":"https:\/\/educaredigital.online\/loja\/produto\/paradidaticos-n3-um-campeonato-de-saltos-para-dromiceiomimo\/"},"modified":"2026-04-09T12:30:02","modified_gmt":"2026-04-09T12:30:02","slug":"paradidaticos-n3-um-campeonato-de-saltos-para-dromiceiomimo","status":"publish","type":"product","link":"https:\/\/educaredigital.online\/loja\/produto\/paradidaticos-n3-um-campeonato-de-saltos-para-dromiceiomimo\/","title":{"rendered":"Paradid\u00e1ticos &#8211; N3: Um Campeonato de Saltos Para Dromiceiomimo"},"content":{"rendered":"<p class=\"ds-markdown-paragraph\"><strong>Paradid\u00e1ticos &#8211; N3: Um Campeonato de Saltos para Dromiceiomimo<\/strong> conta a hist\u00f3ria de um dinossauro da esp\u00e9cie Dromiceiomimo que participa de uma emocionante competi\u00e7\u00e3o de saltos. O livro faz parte da cole\u00e7\u00e3o &#8220;O Mundo dos Dinossauros&#8221; da Todolivro, que desperta a curiosidade infantil sobre esses gigantes pr\u00e9-hist\u00f3ricos.<\/p>\n<p class=\"ds-markdown-paragraph\">Indicado para leitores confiantes a partir de 6 anos (N\u00edvel 3), a obra est\u00e1 alinhada \u00e0s diretrizes do MEC. Traz bel\u00edssimas ilustra\u00e7\u00f5es e uma viagem incr\u00edvel de aprendizado interativo sobre a vida dos dinossauros.<\/p>\n<table class=\"product-details-table\">\n<tbody>\n<tr>\n<td>Autor<\/td>\n<td>Nikhila Kilambi<\/td>\n<\/tr>\n<tr>\n<td>Ilustrador(a)<\/td>\n<td>Gani Ahemad<\/td>\n<\/tr>\n<tr>\n<td>Tradutor<\/td>\n<td>Ruth Marschalek<\/td>\n<\/tr>\n<tr>\n<td>ISBN<\/td>\n<td>9788537633274<\/td>\n<\/tr>\n<tr>\n<td>Editora<\/td>\n<td>Todolivro<\/td>\n<\/tr>\n<tr>\n<td>N\u00ba de p\u00e1ginas<\/td>\n<td>30<\/td>\n<\/tr>\n<\/tbody>\n<\/table>\n","protected":false},"excerpt":{"rendered":"<p>Paradid\u00e1ticos &#8211; N3: Um Campeonato de Saltos para Dromiceiomimo conta a hist\u00f3ria de um dinossauro da esp\u00e9cie Dromiceiomimo que participa de uma emocionante competi\u00e7\u00e3o de saltos. O livro faz parte da cole\u00e7\u00e3o &#8220;O Mundo dos Dinossauros&#8221; da Todolivro, que desperta<\/p>\n","protected":false},"featured_media":7160,"comment_status":"open","ping_status":"closed","template":"","meta":[],"product_brand":[],"product_cat":[202],"product_tag":[],"class_list":{"0":"post-7161","1":"product","2":"type-product","3":"status-publish","6":"product_cat-fundamental1-1ao3","8":"first","9":"instock","10":"shipping-taxable","11":"purchasable","12":"product-type-simple"},"_links":{"self":[{"href":"https:\/\/educaredigital.online\/loja\/wp-json\/wp\/v2\/product\/7161","targetHints":{"allow":["GET"]}}],"collection":[{"href":"https:\/\/educaredigital.online\/loja\/wp-json\/wp\/v2\/product"}],"about":[{"href":"https:\/\/educaredigital.online\/loja\/wp-json\/wp\/v2\/types\/product"}],"replies":[{"embeddable":true,"href":"https:\/\/educaredigital.online\/loja\/wp-json\/wp\/v2\/comments?post=7161"}],"wp:featuredmedia":[{"embeddable":true,"href":"https:\/\/educaredigital.online\/loja\/wp-json\/wp\/v2\/media\/7160"}],"wp:attachment":[{"href":"https:\/\/educaredigital.online\/loja\/wp-json\/wp\/v2\/media?parent=7161"}],"wp:term":[{"taxonomy":"product_brand","embeddable":true,"href":"https:\/\/educaredigital.online\/loja\/wp-json\/wp\/v2\/product_brand?post=7161"},{"taxonomy":"product_cat","embeddable":true,"href":"https:\/\/educaredigital.online\/loja\/wp-json\/wp\/v2\/product_cat?post=7161"},{"taxonomy":"product_tag","embeddable":true,"href":"https:\/\/educaredigital.online\/loja\/wp-json\/wp\/v2\/product_tag?post=7161"}],"curies":[{"name":"wp","href":"https:\/\/api.w.org\/{rel}","templated":true}]}}