{"id":7157,"date":"2026-04-08T14:02:43","date_gmt":"2026-04-08T14:02:43","guid":{"rendered":"https:\/\/educaredigital.online\/loja\/produto\/paradidaticos-n3-fantasia\/"},"modified":"2026-04-09T12:30:18","modified_gmt":"2026-04-09T12:30:18","slug":"paradidaticos-n3-fantasia","status":"publish","type":"product","link":"https:\/\/educaredigital.online\/loja\/produto\/paradidaticos-n3-fantasia\/","title":{"rendered":"Paradid\u00e1ticos &#8211; N3: Fantasia"},"content":{"rendered":"<p class=\"ds-markdown-paragraph\"><strong>Paradid\u00e1ticos &#8211; N3: Fantasia<\/strong> faz parte da cole\u00e7\u00e3o &#8220;Hora da Leitura!&#8221; da Todolivro, desenvolvida para leitores confiantes a partir de 6 anos. O livro trabalha o desenvolvimento da imagina\u00e7\u00e3o e da criatividade das crian\u00e7as de forma l\u00fadica.<\/p>\n<p class=\"ds-markdown-paragraph\">Indicado para o N\u00edvel 3, a obra est\u00e1 alinhada \u00e0s diretrizes do MEC e \u00e9 ideal para estimular o gosto pela leitura. Traz ilustra\u00e7\u00f5es coloridas que transportam os pequenos para um mundo cheio de magia e inven\u00e7\u00f5es.<\/p>\n<table class=\"product-details-table\">\n<tbody>\n<tr>\n<td>Autor<\/td>\n<td>Tapasi De<\/td>\n<\/tr>\n<tr>\n<td>Ilustrador(a)<\/td>\n<td>Gani Ahemad<\/td>\n<\/tr>\n<tr>\n<td>Tradutor<\/td>\n<td>Ruth Marschalek<\/td>\n<\/tr>\n<tr>\n<td>ISBN<\/td>\n<td>9788537632833<\/td>\n<\/tr>\n<tr>\n<td>Editora<\/td>\n<td>Todolivro<\/td>\n<\/tr>\n<tr>\n<td>N\u00ba de p\u00e1ginas<\/td>\n<td>38<\/td>\n<\/tr>\n<\/tbody>\n<\/table>\n","protected":false},"excerpt":{"rendered":"<p>Paradid\u00e1ticos &#8211; N3: Fantasia faz parte da cole\u00e7\u00e3o &#8220;Hora da Leitura!&#8221; da Todolivro, desenvolvida para leitores confiantes a partir de 6 anos. O livro trabalha o desenvolvimento da imagina\u00e7\u00e3o e da criatividade das crian\u00e7as de forma l\u00fadica. Indicado para o<\/p>\n","protected":false},"featured_media":7156,"comment_status":"open","ping_status":"closed","template":"","meta":[],"product_brand":[],"product_cat":[202],"product_tag":[],"class_list":{"0":"post-7157","1":"product","2":"type-product","3":"status-publish","6":"product_cat-fundamental1-1ao3","8":"first","9":"instock","10":"shipping-taxable","11":"purchasable","12":"product-type-simple"},"_links":{"self":[{"href":"https:\/\/educaredigital.online\/loja\/wp-json\/wp\/v2\/product\/7157","targetHints":{"allow":["GET"]}}],"collection":[{"href":"https:\/\/educaredigital.online\/loja\/wp-json\/wp\/v2\/product"}],"about":[{"href":"https:\/\/educaredigital.online\/loja\/wp-json\/wp\/v2\/types\/product"}],"replies":[{"embeddable":true,"href":"https:\/\/educaredigital.online\/loja\/wp-json\/wp\/v2\/comments?post=7157"}],"wp:featuredmedia":[{"embeddable":true,"href":"https:\/\/educaredigital.online\/loja\/wp-json\/wp\/v2\/media\/7156"}],"wp:attachment":[{"href":"https:\/\/educaredigital.online\/loja\/wp-json\/wp\/v2\/media?parent=7157"}],"wp:term":[{"taxonomy":"product_brand","embeddable":true,"href":"https:\/\/educaredigital.online\/loja\/wp-json\/wp\/v2\/product_brand?post=7157"},{"taxonomy":"product_cat","embeddable":true,"href":"https:\/\/educaredigital.online\/loja\/wp-json\/wp\/v2\/product_cat?post=7157"},{"taxonomy":"product_tag","embeddable":true,"href":"https:\/\/educaredigital.online\/loja\/wp-json\/wp\/v2\/product_tag?post=7157"}],"curies":[{"name":"wp","href":"https:\/\/api.w.org\/{rel}","templated":true}]}}