{"id":7153,"date":"2026-04-08T14:02:14","date_gmt":"2026-04-08T14:02:14","guid":{"rendered":"https:\/\/educaredigital.online\/loja\/produto\/paradidaticos-n3-os-chapeus-de-bambu-e-o-bolo-de-arroz\/"},"modified":"2026-04-09T12:31:06","modified_gmt":"2026-04-09T12:31:06","slug":"paradidaticos-n3-os-chapeus-de-bambu-e-o-bolo-de-arroz","status":"publish","type":"product","link":"https:\/\/educaredigital.online\/loja\/produto\/paradidaticos-n3-os-chapeus-de-bambu-e-o-bolo-de-arroz\/","title":{"rendered":"Paradid\u00e1ticos &#8211; N3: Os Chap\u00e9us de Bambu e o Bolo de Arroz"},"content":{"rendered":"<p class=\"ds-markdown-paragraph\"><strong>Os Chap\u00e9us de Bambu e o Bolo de Arroz<\/strong> (N\u00edvel 3\/Paradid\u00e1ticos Todolivro) apresenta aos pequenos leitores uma hist\u00f3ria fascinante da cultura asi\u00e1tica. O livro faz parte da cole\u00e7\u00e3o &#8220;Hist\u00f3rias do Mundo&#8221;, que explora f\u00e1bulas e contos de diferentes pa\u00edses.<\/p>\n<p class=\"ds-markdown-paragraph\">Indicado para leitores confiantes a partir de 6 anos (N\u00edvel 3), a obra est\u00e1 alinhada \u00e0s diretrizes do MEC. Traz sugest\u00f5es de abordagem para pais e professores, al\u00e9m de atividades de interpreta\u00e7\u00e3o de texto.<\/p>\n<table class=\"product-details-table\">\n<tbody>\n<tr>\n<td>Autor<\/td>\n<td>Tapasi De<\/td>\n<\/tr>\n<tr>\n<td>Ilustrador(a)<\/td>\n<td>Hari Singh<\/td>\n<\/tr>\n<tr>\n<td>Tradutor<\/td>\n<td>Klaus H. G. Rehfeldt<\/td>\n<\/tr>\n<tr>\n<td>ISBN<\/td>\n<td>9788537632703<\/td>\n<\/tr>\n<tr>\n<td>Editora<\/td>\n<td>Todolivro<\/td>\n<\/tr>\n<tr>\n<td>N\u00ba de p\u00e1ginas<\/td>\n<td>22<\/td>\n<\/tr>\n<\/tbody>\n<\/table>\n","protected":false},"excerpt":{"rendered":"<p>Os Chap\u00e9us de Bambu e o Bolo de Arroz (N\u00edvel 3\/Paradid\u00e1ticos Todolivro) apresenta aos pequenos leitores uma hist\u00f3ria fascinante da cultura asi\u00e1tica. O livro faz parte da cole\u00e7\u00e3o &#8220;Hist\u00f3rias do Mundo&#8221;, que explora f\u00e1bulas e contos de diferentes pa\u00edses. Indicado<\/p>\n","protected":false},"featured_media":7152,"comment_status":"open","ping_status":"closed","template":"","meta":[],"product_brand":[],"product_cat":[202],"product_tag":[],"class_list":{"0":"post-7153","1":"product","2":"type-product","3":"status-publish","6":"product_cat-fundamental1-1ao3","8":"first","9":"instock","10":"shipping-taxable","11":"purchasable","12":"product-type-simple"},"_links":{"self":[{"href":"https:\/\/educaredigital.online\/loja\/wp-json\/wp\/v2\/product\/7153","targetHints":{"allow":["GET"]}}],"collection":[{"href":"https:\/\/educaredigital.online\/loja\/wp-json\/wp\/v2\/product"}],"about":[{"href":"https:\/\/educaredigital.online\/loja\/wp-json\/wp\/v2\/types\/product"}],"replies":[{"embeddable":true,"href":"https:\/\/educaredigital.online\/loja\/wp-json\/wp\/v2\/comments?post=7153"}],"wp:featuredmedia":[{"embeddable":true,"href":"https:\/\/educaredigital.online\/loja\/wp-json\/wp\/v2\/media\/7152"}],"wp:attachment":[{"href":"https:\/\/educaredigital.online\/loja\/wp-json\/wp\/v2\/media?parent=7153"}],"wp:term":[{"taxonomy":"product_brand","embeddable":true,"href":"https:\/\/educaredigital.online\/loja\/wp-json\/wp\/v2\/product_brand?post=7153"},{"taxonomy":"product_cat","embeddable":true,"href":"https:\/\/educaredigital.online\/loja\/wp-json\/wp\/v2\/product_cat?post=7153"},{"taxonomy":"product_tag","embeddable":true,"href":"https:\/\/educaredigital.online\/loja\/wp-json\/wp\/v2\/product_tag?post=7153"}],"curies":[{"name":"wp","href":"https:\/\/api.w.org\/{rel}","templated":true}]}}