{"id":7151,"date":"2026-04-08T14:02:13","date_gmt":"2026-04-08T14:02:13","guid":{"rendered":"https:\/\/educaredigital.online\/loja\/produto\/paradidaticos-n3-limpe-olhos-e-ouvidos\/"},"modified":"2026-04-09T12:31:34","modified_gmt":"2026-04-09T12:31:34","slug":"paradidaticos-n3-limpe-olhos-e-ouvidos","status":"publish","type":"product","link":"https:\/\/educaredigital.online\/loja\/produto\/paradidaticos-n3-limpe-olhos-e-ouvidos\/","title":{"rendered":"Paradid\u00e1ticos &#8211; N3: Limpe Olhos e Ouvidos"},"content":{"rendered":"<p class=\"ds-markdown-paragraph\"><strong>Paradid\u00e1ticos &#8211; N3: Limpe Olhos e Ouvidos<\/strong> faz parte da cole\u00e7\u00e3o &#8220;Cuide de Voc\u00ea! De Bem com seu Corpo&#8221; da Todolivro. O livro aborda a import\u00e2ncia da higiene dos olhos e ouvidos de forma l\u00fadica e educativa.<\/p>\n<p class=\"ds-markdown-paragraph\">Indicado para leitores confiantes a partir de 6 anos (N\u00edvel 3), a obra est\u00e1 alinhada \u00e0s diretrizes do MEC. Ensina as crian\u00e7as a cuidarem do pr\u00f3prio corpo, promovendo sa\u00fade e autoestima.<\/p>\n<table class=\"product-details-table\">\n<tbody>\n<tr>\n<td>Autor<\/td>\n<td>Quixot Multimedia Pvt<\/td>\n<\/tr>\n<tr>\n<td>Tradutor<\/td>\n<td>Ruth Marschalek<\/td>\n<\/tr>\n<tr>\n<td>ISBN<\/td>\n<td>9788537632338<\/td>\n<\/tr>\n<tr>\n<td>Editora<\/td>\n<td>Todolivro<\/td>\n<\/tr>\n<tr>\n<td>N\u00ba de p\u00e1ginas<\/td>\n<td>26<\/td>\n<\/tr>\n<\/tbody>\n<\/table>\n","protected":false},"excerpt":{"rendered":"<p>Paradid\u00e1ticos &#8211; N3: Limpe Olhos e Ouvidos faz parte da cole\u00e7\u00e3o &#8220;Cuide de Voc\u00ea! De Bem com seu Corpo&#8221; da Todolivro. O livro aborda a import\u00e2ncia da higiene dos olhos e ouvidos de forma l\u00fadica e educativa. Indicado para leitores<\/p>\n","protected":false},"featured_media":7150,"comment_status":"open","ping_status":"closed","template":"","meta":[],"product_brand":[],"product_cat":[202],"product_tag":[],"class_list":{"0":"post-7151","1":"product","2":"type-product","3":"status-publish","6":"product_cat-fundamental1-1ao3","8":"first","9":"instock","10":"shipping-taxable","11":"purchasable","12":"product-type-simple"},"_links":{"self":[{"href":"https:\/\/educaredigital.online\/loja\/wp-json\/wp\/v2\/product\/7151","targetHints":{"allow":["GET"]}}],"collection":[{"href":"https:\/\/educaredigital.online\/loja\/wp-json\/wp\/v2\/product"}],"about":[{"href":"https:\/\/educaredigital.online\/loja\/wp-json\/wp\/v2\/types\/product"}],"replies":[{"embeddable":true,"href":"https:\/\/educaredigital.online\/loja\/wp-json\/wp\/v2\/comments?post=7151"}],"wp:featuredmedia":[{"embeddable":true,"href":"https:\/\/educaredigital.online\/loja\/wp-json\/wp\/v2\/media\/7150"}],"wp:attachment":[{"href":"https:\/\/educaredigital.online\/loja\/wp-json\/wp\/v2\/media?parent=7151"}],"wp:term":[{"taxonomy":"product_brand","embeddable":true,"href":"https:\/\/educaredigital.online\/loja\/wp-json\/wp\/v2\/product_brand?post=7151"},{"taxonomy":"product_cat","embeddable":true,"href":"https:\/\/educaredigital.online\/loja\/wp-json\/wp\/v2\/product_cat?post=7151"},{"taxonomy":"product_tag","embeddable":true,"href":"https:\/\/educaredigital.online\/loja\/wp-json\/wp\/v2\/product_tag?post=7151"}],"curies":[{"name":"wp","href":"https:\/\/api.w.org\/{rel}","templated":true}]}}