{"id":7149,"date":"2026-04-08T14:02:12","date_gmt":"2026-04-08T14:02:12","guid":{"rendered":"https:\/\/educaredigital.online\/loja\/produto\/paradidaticos-n3-aprender-a-priorizar\/"},"modified":"2026-04-09T12:32:00","modified_gmt":"2026-04-09T12:32:00","slug":"paradidaticos-n3-aprender-a-priorizar","status":"publish","type":"product","link":"https:\/\/educaredigital.online\/loja\/produto\/paradidaticos-n3-aprender-a-priorizar\/","title":{"rendered":"Paradid\u00e1ticos &#8211; N3: Aprender a Priorizar"},"content":{"rendered":"<p class=\"ds-markdown-paragraph\"><strong>Paradid\u00e1ticos &#8211; N3: Aprender a Priorizar<\/strong> faz parte da cole\u00e7\u00e3o &#8220;Cuide de Voc\u00ea! De Bem com seu Corpo&#8221; da Todolivro. O livro aborda de forma l\u00fadica a import\u00e2ncia de saber escolher o que \u00e9 mais importante e urgente no dia a dia, estabelecendo prioridades.<\/p>\n<p class=\"ds-markdown-paragraph\">Indicado para leitores confiantes a partir de 6 anos (N\u00edvel 3), a obra est\u00e1 alinhada \u00e0s diretrizes do MEC. Traz sugest\u00f5es de atividades para pais e professores trabalharem o tema em sala de aula.<\/p>\n<table class=\"product-details-table\">\n<tbody>\n<tr>\n<td>Autor<\/td>\n<td>Quixot Multimedia Pvt<\/td>\n<\/tr>\n<tr>\n<td>Tradutor<\/td>\n<td>Ruth Marschalek<\/td>\n<\/tr>\n<tr>\n<td>ISBN<\/td>\n<td>9788537632284<\/td>\n<\/tr>\n<tr>\n<td>Editora<\/td>\n<td>Todolivro<\/td>\n<\/tr>\n<tr>\n<td>N\u00ba de p\u00e1ginas<\/td>\n<td>26<\/td>\n<\/tr>\n<\/tbody>\n<\/table>\n","protected":false},"excerpt":{"rendered":"<p>Paradid\u00e1ticos &#8211; N3: Aprender a Priorizar faz parte da cole\u00e7\u00e3o &#8220;Cuide de Voc\u00ea! De Bem com seu Corpo&#8221; da Todolivro. O livro aborda de forma l\u00fadica a import\u00e2ncia de saber escolher o que \u00e9 mais importante e urgente no dia<\/p>\n","protected":false},"featured_media":7148,"comment_status":"open","ping_status":"closed","template":"","meta":[],"product_brand":[],"product_cat":[202],"product_tag":[],"class_list":{"0":"post-7149","1":"product","2":"type-product","3":"status-publish","6":"product_cat-fundamental1-1ao3","8":"first","9":"instock","10":"shipping-taxable","11":"purchasable","12":"product-type-simple"},"_links":{"self":[{"href":"https:\/\/educaredigital.online\/loja\/wp-json\/wp\/v2\/product\/7149","targetHints":{"allow":["GET"]}}],"collection":[{"href":"https:\/\/educaredigital.online\/loja\/wp-json\/wp\/v2\/product"}],"about":[{"href":"https:\/\/educaredigital.online\/loja\/wp-json\/wp\/v2\/types\/product"}],"replies":[{"embeddable":true,"href":"https:\/\/educaredigital.online\/loja\/wp-json\/wp\/v2\/comments?post=7149"}],"wp:featuredmedia":[{"embeddable":true,"href":"https:\/\/educaredigital.online\/loja\/wp-json\/wp\/v2\/media\/7148"}],"wp:attachment":[{"href":"https:\/\/educaredigital.online\/loja\/wp-json\/wp\/v2\/media?parent=7149"}],"wp:term":[{"taxonomy":"product_brand","embeddable":true,"href":"https:\/\/educaredigital.online\/loja\/wp-json\/wp\/v2\/product_brand?post=7149"},{"taxonomy":"product_cat","embeddable":true,"href":"https:\/\/educaredigital.online\/loja\/wp-json\/wp\/v2\/product_cat?post=7149"},{"taxonomy":"product_tag","embeddable":true,"href":"https:\/\/educaredigital.online\/loja\/wp-json\/wp\/v2\/product_tag?post=7149"}],"curies":[{"name":"wp","href":"https:\/\/api.w.org\/{rel}","templated":true}]}}