{"id":7147,"date":"2026-04-08T14:01:59","date_gmt":"2026-04-08T14:01:59","guid":{"rendered":"https:\/\/educaredigital.online\/loja\/produto\/paradidaticos-n3-bullying-menor-que-voce-agressao-fisica\/"},"modified":"2026-04-09T12:32:37","modified_gmt":"2026-04-09T12:32:37","slug":"paradidaticos-n3-bullying-menor-que-voce-agressao-fisica","status":"publish","type":"product","link":"https:\/\/educaredigital.online\/loja\/produto\/paradidaticos-n3-bullying-menor-que-voce-agressao-fisica\/","title":{"rendered":"Paradid\u00e1ticos &#8211; N3: Bullying: Menor Que Voc\u00ea (Agress\u00e3o F\u00edsica)"},"content":{"rendered":"<p><strong>Bullying: Menor que Voc\u00ea (Agress\u00e3o F\u00edsica)<\/strong> conta a hist\u00f3ria que alerta sobre o preju\u00edzo de atitudes agressivas repetidas contra os mais fracos, causando dor e ang\u00fastia. O livro busca ensinar a import\u00e2ncia de conviver com as diferen\u00e7as e respeitar o pr\u00f3ximo.<\/p>\n<p>Indicado para leitores confiantes a partir de 6 anos (N\u00edvel 3), a obra faz parte da cole\u00e7\u00e3o Paradid\u00e1ticos da Todolivro alinhada \u00e0s diretrizes do MEC. Traz sugest\u00f5es de abordagem para pais e professores, al\u00e9m de atividades de interpreta\u00e7\u00e3o de texto.<\/p>\n<table class=\"product-details-table\">\n<tbody>\n<tr>\n<td>Autor<\/td>\n<td>Suelen Katerine A. Santos<\/td>\n<\/tr>\n<tr>\n<td>Ilustrador(a)<\/td>\n<td>Belli Studio<\/td>\n<\/tr>\n<tr>\n<td>ISBN<\/td>\n<td>9788537612729<\/td>\n<\/tr>\n<tr>\n<td>Editora<\/td>\n<td>Todolivro<\/td>\n<\/tr>\n<tr>\n<td>N\u00ba de p\u00e1ginas<\/td>\n<td>26<\/td>\n<\/tr>\n<\/tbody>\n<\/table>\n","protected":false},"excerpt":{"rendered":"<p>Bullying: Menor que Voc\u00ea (Agress\u00e3o F\u00edsica) conta a hist\u00f3ria que alerta sobre o preju\u00edzo de atitudes agressivas repetidas contra os mais fracos, causando dor e ang\u00fastia. O livro busca ensinar a import\u00e2ncia de conviver com as diferen\u00e7as e respeitar o<\/p>\n","protected":false},"featured_media":7146,"comment_status":"open","ping_status":"closed","template":"","meta":[],"product_brand":[],"product_cat":[202],"product_tag":[],"class_list":{"0":"post-7147","1":"product","2":"type-product","3":"status-publish","6":"product_cat-fundamental1-1ao3","8":"first","9":"instock","10":"shipping-taxable","11":"purchasable","12":"product-type-simple"},"_links":{"self":[{"href":"https:\/\/educaredigital.online\/loja\/wp-json\/wp\/v2\/product\/7147","targetHints":{"allow":["GET"]}}],"collection":[{"href":"https:\/\/educaredigital.online\/loja\/wp-json\/wp\/v2\/product"}],"about":[{"href":"https:\/\/educaredigital.online\/loja\/wp-json\/wp\/v2\/types\/product"}],"replies":[{"embeddable":true,"href":"https:\/\/educaredigital.online\/loja\/wp-json\/wp\/v2\/comments?post=7147"}],"wp:featuredmedia":[{"embeddable":true,"href":"https:\/\/educaredigital.online\/loja\/wp-json\/wp\/v2\/media\/7146"}],"wp:attachment":[{"href":"https:\/\/educaredigital.online\/loja\/wp-json\/wp\/v2\/media?parent=7147"}],"wp:term":[{"taxonomy":"product_brand","embeddable":true,"href":"https:\/\/educaredigital.online\/loja\/wp-json\/wp\/v2\/product_brand?post=7147"},{"taxonomy":"product_cat","embeddable":true,"href":"https:\/\/educaredigital.online\/loja\/wp-json\/wp\/v2\/product_cat?post=7147"},{"taxonomy":"product_tag","embeddable":true,"href":"https:\/\/educaredigital.online\/loja\/wp-json\/wp\/v2\/product_tag?post=7147"}],"curies":[{"name":"wp","href":"https:\/\/api.w.org\/{rel}","templated":true}]}}