{"id":7145,"date":"2026-04-08T14:01:53","date_gmt":"2026-04-08T14:01:53","guid":{"rendered":"https:\/\/educaredigital.online\/loja\/produto\/paradidaticos-n3-a-mamae-vai-ter-um-bebe\/"},"modified":"2026-04-09T12:13:29","modified_gmt":"2026-04-09T12:13:29","slug":"paradidaticos-n3-a-mamae-vai-ter-um-bebe","status":"publish","type":"product","link":"https:\/\/educaredigital.online\/loja\/produto\/paradidaticos-n3-a-mamae-vai-ter-um-bebe\/","title":{"rendered":"Paradid\u00e1ticos &#8211; N3: A Mam\u00e3e Vai Ter Um Beb\u00ea"},"content":{"rendered":"<p class=\"ds-markdown-paragraph\"><strong>Paradid\u00e1ticos &#8211; N3: A Mam\u00e3e Vai Ter Um Beb\u00ea<\/strong>\u00a0conta a hist\u00f3ria de Elisabete, que descobre a gravidez da m\u00e3e e acompanha m\u00eas a m\u00eas o desenvolvimento do novo irm\u00e3o. O livro responde perguntas comuns de crian\u00e7as, incluindo de forma direta como o beb\u00ea foi parar dentro da barriga.<\/p>\n<p class=\"ds-markdown-paragraph\">Indicado para leitores de 6 a 8 anos (N\u00edvel 3), a obra prepara o irm\u00e3o mais velho para a chegada do beb\u00ea. Aborda sentimentos como curiosidade, inseguran\u00e7a e alegria com uma linguagem carinhosa.<\/p>\n<div class=\"details-table-wrapper\">\n<table class=\"product-details-table\">\n<tbody>\n<tr>\n<td>Autor<\/td>\n<td>Dori Hillestad Butler<\/td>\n<\/tr>\n<tr>\n<td>Ilustrador(a)<\/td>\n<td>Carol Thompson<\/td>\n<\/tr>\n<tr>\n<td>Tradutor<\/td>\n<td>Madalena Parisi Duarte<\/td>\n<\/tr>\n<tr>\n<td>ISBN<\/td>\n<td>9788537633854<\/td>\n<\/tr>\n<tr>\n<td>Editora<\/td>\n<td>Todolivro<\/td>\n<\/tr>\n<tr>\n<td>N\u00ba de p\u00e1ginas<\/td>\n<td>38<\/td>\n<\/tr>\n<\/tbody>\n<\/table>\n<\/div>\n","protected":false},"excerpt":{"rendered":"<p>Paradid\u00e1ticos &#8211; N3: A Mam\u00e3e Vai Ter Um Beb\u00ea\u00a0conta a hist\u00f3ria de Elisabete, que descobre a gravidez da m\u00e3e e acompanha m\u00eas a m\u00eas o desenvolvimento do novo irm\u00e3o. O livro responde perguntas comuns de crian\u00e7as, incluindo de forma direta<\/p>\n","protected":false},"featured_media":7144,"comment_status":"open","ping_status":"closed","template":"","meta":[],"product_brand":[],"product_cat":[15],"product_tag":[],"class_list":{"0":"post-7145","1":"product","2":"type-product","3":"status-publish","6":"product_cat-livros","8":"first","9":"instock","10":"shipping-taxable","11":"purchasable","12":"product-type-simple"},"_links":{"self":[{"href":"https:\/\/educaredigital.online\/loja\/wp-json\/wp\/v2\/product\/7145","targetHints":{"allow":["GET"]}}],"collection":[{"href":"https:\/\/educaredigital.online\/loja\/wp-json\/wp\/v2\/product"}],"about":[{"href":"https:\/\/educaredigital.online\/loja\/wp-json\/wp\/v2\/types\/product"}],"replies":[{"embeddable":true,"href":"https:\/\/educaredigital.online\/loja\/wp-json\/wp\/v2\/comments?post=7145"}],"wp:featuredmedia":[{"embeddable":true,"href":"https:\/\/educaredigital.online\/loja\/wp-json\/wp\/v2\/media\/7144"}],"wp:attachment":[{"href":"https:\/\/educaredigital.online\/loja\/wp-json\/wp\/v2\/media?parent=7145"}],"wp:term":[{"taxonomy":"product_brand","embeddable":true,"href":"https:\/\/educaredigital.online\/loja\/wp-json\/wp\/v2\/product_brand?post=7145"},{"taxonomy":"product_cat","embeddable":true,"href":"https:\/\/educaredigital.online\/loja\/wp-json\/wp\/v2\/product_cat?post=7145"},{"taxonomy":"product_tag","embeddable":true,"href":"https:\/\/educaredigital.online\/loja\/wp-json\/wp\/v2\/product_tag?post=7145"}],"curies":[{"name":"wp","href":"https:\/\/api.w.org\/{rel}","templated":true}]}}