{"id":7142,"date":"2026-04-08T14:01:37","date_gmt":"2026-04-08T14:01:37","guid":{"rendered":"https:\/\/educaredigital.online\/loja\/produto\/paradidaticos-n2-descobrindo-emocoes-solidao\/"},"modified":"2026-04-09T12:06:14","modified_gmt":"2026-04-09T12:06:14","slug":"paradidaticos-n2-descobrindo-emocoes-solidao","status":"publish","type":"product","link":"https:\/\/educaredigital.online\/loja\/produto\/paradidaticos-n2-descobrindo-emocoes-solidao\/","title":{"rendered":"Paradid\u00e1ticos: N2 &#8211; Descobrindo Emo\u00e7\u00f5es: Solid\u00e3o"},"content":{"rendered":"<p class=\"ds-markdown-paragraph\"><strong>Paradid\u00e1ticos &#8211; N2: Descobrindo Emo\u00e7\u00f5es: Solid\u00e3o<\/strong> \u00e9 um livro infantil que ajuda as crian\u00e7as a reconhecer e compreender o sentimento de solid\u00e3o por meio de situa\u00e7\u00f5es cotidianas\u00a0. Com linguagem simples e belas ilustra\u00e7\u00f5es, a obra favorece o desenvolvimento emocional e o poder de discernimento dos pequenos leitores.<\/p>\n<p class=\"ds-markdown-paragraph\">A cole\u00e7\u00e3o faz parte da linha Paradid\u00e1ticos da Todolivro, alinhada \u00e0s diretrizes do MEC, e tem como objetivo formar leitores independentes e com senso cr\u00edtico. Indicado para crian\u00e7as a partir de 3 anos, o livro trabalha as emo\u00e7\u00f5es de forma pr\u00e1tica e divertida.<\/p>\n<table class=\"product-details-table\">\n<tbody>\n<tr>\n<td>Autor<\/td>\n<td>Quixot Multimedia Pvt<\/td>\n<\/tr>\n<tr>\n<td>Tradutor<\/td>\n<td>Klaus H. G. Rehfeldt<\/td>\n<\/tr>\n<tr>\n<td>ISBN<\/td>\n<td>9788537633502<\/td>\n<\/tr>\n<tr>\n<td>Editora<\/td>\n<td>Todolivro<\/td>\n<\/tr>\n<tr>\n<td>N\u00ba de p\u00e1ginas<\/td>\n<td>18<\/td>\n<\/tr>\n<\/tbody>\n<\/table>\n","protected":false},"excerpt":{"rendered":"<p>Paradid\u00e1ticos &#8211; N2: Descobrindo Emo\u00e7\u00f5es: Solid\u00e3o \u00e9 um livro infantil que ajuda as crian\u00e7as a reconhecer e compreender o sentimento de solid\u00e3o por meio de situa\u00e7\u00f5es cotidianas\u00a0. Com linguagem simples e belas ilustra\u00e7\u00f5es, a obra favorece o desenvolvimento emocional e<\/p>\n","protected":false},"featured_media":7141,"comment_status":"open","ping_status":"closed","template":"","meta":[],"product_brand":[],"product_cat":[202],"product_tag":[],"class_list":{"0":"post-7142","1":"product","2":"type-product","3":"status-publish","6":"product_cat-fundamental1-1ao3","8":"first","9":"instock","10":"shipping-taxable","11":"purchasable","12":"product-type-simple"},"_links":{"self":[{"href":"https:\/\/educaredigital.online\/loja\/wp-json\/wp\/v2\/product\/7142","targetHints":{"allow":["GET"]}}],"collection":[{"href":"https:\/\/educaredigital.online\/loja\/wp-json\/wp\/v2\/product"}],"about":[{"href":"https:\/\/educaredigital.online\/loja\/wp-json\/wp\/v2\/types\/product"}],"replies":[{"embeddable":true,"href":"https:\/\/educaredigital.online\/loja\/wp-json\/wp\/v2\/comments?post=7142"}],"wp:featuredmedia":[{"embeddable":true,"href":"https:\/\/educaredigital.online\/loja\/wp-json\/wp\/v2\/media\/7141"}],"wp:attachment":[{"href":"https:\/\/educaredigital.online\/loja\/wp-json\/wp\/v2\/media?parent=7142"}],"wp:term":[{"taxonomy":"product_brand","embeddable":true,"href":"https:\/\/educaredigital.online\/loja\/wp-json\/wp\/v2\/product_brand?post=7142"},{"taxonomy":"product_cat","embeddable":true,"href":"https:\/\/educaredigital.online\/loja\/wp-json\/wp\/v2\/product_cat?post=7142"},{"taxonomy":"product_tag","embeddable":true,"href":"https:\/\/educaredigital.online\/loja\/wp-json\/wp\/v2\/product_tag?post=7142"}],"curies":[{"name":"wp","href":"https:\/\/api.w.org\/{rel}","templated":true}]}}